{"id":109894,"date":"2026-05-05T03:31:12","date_gmt":"2026-05-05T06:31:12","guid":{"rendered":"https:\/\/www.hediyepazar.com\/?product=yeni-nesil-arac-ici-miknatisli-telefon-tutacagi-tum-telefonlara-uyumlu"},"modified":"2026-05-05T03:31:12","modified_gmt":"2026-05-05T06:31:12","slug":"yeni-nesil-arac-ici-miknatisli-telefon-tutacagi-tum-telefonlara-uyumlu","status":"publish","type":"product","link":"https:\/\/www.hediyepazar.com\/?product=yeni-nesil-arac-ici-miknatisli-telefon-tutacagi-tum-telefonlara-uyumlu","title":{"rendered":"Yeni Nesil Ara\u00e7 \u0130\u00e7i M\u0131knat\u0131sl\u0131 Telefon Tutaca\u011f\u0131 T\u00fcm Telefonlara Uyumlu"},"content":{"rendered":"<p>Katlan\u0131r Manyetik Ara\u00e7 \u0130\u00e7i Telefon Tutucu, yolculuk s\u0131ras\u0131nda mobil cihaz\u0131n\u0131z\u0131 g\u00fcvenle sabitlemek i\u00e7in tasarlanm\u0131\u015ft\u0131r. G\u00fc\u00e7l\u00fc m\u0131knat\u0131slar\u0131 sayesinde telefonunuzu sa\u011flam bir \u015fekilde tutar ve manyetik uyumlulu\u011fu ile Magsafe cihazlar i\u00e7in ideal bir kullan\u0131m sunar. Ayarlanabilir boyut ve 360 derece d\u00f6nebilen yap\u0131s\u0131, cihaz\u0131n\u0131z\u0131 dikey veya yatay olarak kolayca konumland\u0131rman\u0131za olanak tan\u0131r. Ergonomik tasar\u0131m\u0131 sayesinde g\u00f6r\u00fc\u015f a\u00e7\u0131n\u0131z\u0131 engellemez ve konforlu bir deneyim sa\u011flar.<\/p>\n","protected":false},"excerpt":{"rendered":"<p>Katlan\u0131r Manyetik Ara\u00e7 \u0130\u00e7i Telefon Tutucu, yolculuk s\u0131ras\u0131nda mobil cihaz\u0131n\u0131z\u0131 g\u00fcvenle sabitlemek i\u00e7in tasarlanm\u0131\u015ft\u0131r. G\u00fc\u00e7l\u00fc m\u0131knat\u0131slar\u0131 sayesinde telefonunuzu sa\u011flam bir \u015fekilde tutar ve manyetik uyumlulu\u011fu ile Magsafe cihazlar i\u00e7in ideal bir kullan\u0131m sunar. Ayarlanabilir boyut ve 360 derece d\u00f6nebilen yap\u0131s\u0131, cihaz\u0131n\u0131z\u0131 dikey veya yatay olarak kolayca konumland\u0131rman\u0131za olanak tan\u0131r. Ergonomik tasar\u0131m\u0131 sayesinde g\u00f6r\u00fc\u015f a\u00e7\u0131n\u0131z\u0131 engellemez&#8230;<\/p>\n","protected":false},"featured_media":109893,"comment_status":"open","ping_status":"closed","template":"","meta":{"_kad_post_transparent":"","_kad_post_title":"","_kad_post_layout":"","_kad_post_sidebar_id":"","_kad_post_content_style":"","_kad_post_vertical_padding":"","_kad_post_feature":"","_kad_post_feature_position":"","_kad_post_header":false,"_kad_post_footer":false,"_kad_post_classname":""},"product_brand":[],"product_cat":[14983],"product_tag":[],"class_list":{"0":"post-109894","1":"product","2":"type-product","3":"status-publish","4":"has-post-thumbnail","6":"product_cat-telefon-tutucu-telefon-tutucu","8":"first","9":"instock","10":"purchasable","11":"product-type-simple","12":"entry","13":"content-bg","14":"loop-entry"},"_links":{"self":[{"href":"https:\/\/www.hediyepazar.com\/index.php?rest_route=\/wp\/v2\/product\/109894","targetHints":{"allow":["GET"]}}],"collection":[{"href":"https:\/\/www.hediyepazar.com\/index.php?rest_route=\/wp\/v2\/product"}],"about":[{"href":"https:\/\/www.hediyepazar.com\/index.php?rest_route=\/wp\/v2\/types\/product"}],"replies":[{"embeddable":true,"href":"https:\/\/www.hediyepazar.com\/index.php?rest_route=%2Fwp%2Fv2%2Fcomments&post=109894"}],"wp:featuredmedia":[{"embeddable":true,"href":"https:\/\/www.hediyepazar.com\/index.php?rest_route=\/wp\/v2\/media\/109893"}],"wp:attachment":[{"href":"https:\/\/www.hediyepazar.com\/index.php?rest_route=%2Fwp%2Fv2%2Fmedia&parent=109894"}],"wp:term":[{"taxonomy":"product_brand","embeddable":true,"href":"https:\/\/www.hediyepazar.com\/index.php?rest_route=%2Fwp%2Fv2%2Fproduct_brand&post=109894"},{"taxonomy":"product_cat","embeddable":true,"href":"https:\/\/www.hediyepazar.com\/index.php?rest_route=%2Fwp%2Fv2%2Fproduct_cat&post=109894"},{"taxonomy":"product_tag","embeddable":true,"href":"https:\/\/www.hediyepazar.com\/index.php?rest_route=%2Fwp%2Fv2%2Fproduct_tag&post=109894"}],"curies":[{"name":"wp","href":"https:\/\/api.w.org\/{rel}","templated":true}]}}