{"id":109896,"date":"2026-05-05T03:31:17","date_gmt":"2026-05-05T06:31:17","guid":{"rendered":"https:\/\/www.hediyepazar.com\/?product=arac-ici-telefon-tutucu"},"modified":"2026-05-05T03:31:17","modified_gmt":"2026-05-05T06:31:17","slug":"arac-ici-telefon-tutucu","status":"publish","type":"product","link":"https:\/\/www.hediyepazar.com\/?product=arac-ici-telefon-tutucu","title":{"rendered":"Ara\u00e7 \u0130\u00e7i Telefon Tutucu"},"content":{"rendered":"<p>Katlan\u0131r Manyetik Ara\u00e7 \u0130\u00e7i Telefon Tutucu Yolculuk s\u0131ras\u0131nda mobil cihaz\u0131n\u0131z\u0131n en uygun konumda sabit durmas\u0131 i\u00e7in tasarlanan Ara\u00e7 \u0130\u00e7i Telefon Tutucu, g\u00fc\u00e7l\u00fc m\u0131knat\u0131slar ile donat\u0131lm\u0131\u015ft\u0131r.Katlan\u0131r tasar\u0131m\u0131 ile boyu ayarlanabilir.Magsafe uyumludur.Y\u00fcksek Kaliteli Malzeme Ara\u00e7 \u0130\u00e7i Telefon Tutucu, daha uzun \u00f6m\u00fcr ve dayan\u0131kl\u0131l\u0131k i\u00e7in y\u00fcksek kaliteli metal ala\u015f\u0131m malzemelerden \u00fcretilmi\u015ftir.Torpido \u00fczerine veya cama sorunsuzca yap\u0131\u015ft\u0131r\u0131lmas\u0131 i\u00e7in yap\u0131\u015fkan k\u0131sm\u0131nda \u00e7ift tarafl\u0131 bant kullan\u0131lan Ara\u00e7 \u0130\u00e7i Telefon Tutucu, telefonla temas eden b\u00f6lgelerinde bulunan yumu\u015fak silikon sayesinde kullan\u0131m s\u0131ras\u0131nda telefonunuzun \u00e7izilmesini engeller.Ergonomik Tasar\u0131m 360 derece d\u00f6nen yap\u0131s\u0131 sayesinde mobil cihaz\u0131n\u0131z\u0131 dikey ve yatay olarak kullanabilirsiniz.Her Alanda Kullan\u0131labilir Telefon Tutucu G\u00f6r\u00fc\u015f a\u00e7\u0131s\u0131n\u0131 engellemeyen Ara\u00e7 \u0130\u00e7i Telefon Tutucu, Magsafe uyumu yan\u0131nda t\u00fcm mobil cihazlar ile kullan\u0131labilir.Ev ve ofis masa \u00fczeri kullan\u0131ma uygundur.<\/p>\n","protected":false},"excerpt":{"rendered":"<p>Katlan\u0131r Manyetik Ara\u00e7 \u0130\u00e7i Telefon Tutucu Yolculuk s\u0131ras\u0131nda mobil cihaz\u0131n\u0131z\u0131n en uygun konumda sabit durmas\u0131 i\u00e7in tasarlanan Ara\u00e7 \u0130\u00e7i Telefon Tutucu, g\u00fc\u00e7l\u00fc m\u0131knat\u0131slar ile donat\u0131lm\u0131\u015ft\u0131r.Katlan\u0131r tasar\u0131m\u0131 ile boyu ayarlanabilir.Magsafe uyumludur.Y\u00fcksek Kaliteli Malzeme Ara\u00e7 \u0130\u00e7i Telefon Tutucu, daha uzun \u00f6m\u00fcr ve dayan\u0131kl\u0131l\u0131k i\u00e7in y\u00fcksek kaliteli metal ala\u015f\u0131m malzemelerden \u00fcretilmi\u015ftir.Torpido \u00fczerine veya cama sorunsuzca yap\u0131\u015ft\u0131r\u0131lmas\u0131 i\u00e7in yap\u0131\u015fkan&#8230;<\/p>\n","protected":false},"featured_media":109895,"comment_status":"open","ping_status":"closed","template":"","meta":{"_kad_post_transparent":"","_kad_post_title":"","_kad_post_layout":"","_kad_post_sidebar_id":"","_kad_post_content_style":"","_kad_post_vertical_padding":"","_kad_post_feature":"","_kad_post_feature_position":"","_kad_post_header":false,"_kad_post_footer":false,"_kad_post_classname":""},"product_brand":[],"product_cat":[14983],"product_tag":[],"class_list":{"0":"post-109896","1":"product","2":"type-product","3":"status-publish","4":"has-post-thumbnail","6":"product_cat-telefon-tutucu-telefon-tutucu","8":"first","9":"instock","10":"purchasable","11":"product-type-simple","12":"entry","13":"content-bg","14":"loop-entry"},"_links":{"self":[{"href":"https:\/\/www.hediyepazar.com\/index.php?rest_route=\/wp\/v2\/product\/109896","targetHints":{"allow":["GET"]}}],"collection":[{"href":"https:\/\/www.hediyepazar.com\/index.php?rest_route=\/wp\/v2\/product"}],"about":[{"href":"https:\/\/www.hediyepazar.com\/index.php?rest_route=\/wp\/v2\/types\/product"}],"replies":[{"embeddable":true,"href":"https:\/\/www.hediyepazar.com\/index.php?rest_route=%2Fwp%2Fv2%2Fcomments&post=109896"}],"wp:featuredmedia":[{"embeddable":true,"href":"https:\/\/www.hediyepazar.com\/index.php?rest_route=\/wp\/v2\/media\/109895"}],"wp:attachment":[{"href":"https:\/\/www.hediyepazar.com\/index.php?rest_route=%2Fwp%2Fv2%2Fmedia&parent=109896"}],"wp:term":[{"taxonomy":"product_brand","embeddable":true,"href":"https:\/\/www.hediyepazar.com\/index.php?rest_route=%2Fwp%2Fv2%2Fproduct_brand&post=109896"},{"taxonomy":"product_cat","embeddable":true,"href":"https:\/\/www.hediyepazar.com\/index.php?rest_route=%2Fwp%2Fv2%2Fproduct_cat&post=109896"},{"taxonomy":"product_tag","embeddable":true,"href":"https:\/\/www.hediyepazar.com\/index.php?rest_route=%2Fwp%2Fv2%2Fproduct_tag&post=109896"}],"curies":[{"name":"wp","href":"https:\/\/api.w.org\/{rel}","templated":true}]}}