{"id":109898,"date":"2026-05-05T03:31:57","date_gmt":"2026-05-05T06:31:57","guid":{"rendered":"https:\/\/www.hediyepazar.com\/?product=4-nesil-kaliteli-tws-android-ve-ios-uyumlu-mikrofonlu-kulaklik"},"modified":"2026-05-05T03:31:57","modified_gmt":"2026-05-05T06:31:57","slug":"4-nesil-kaliteli-tws-android-ve-ios-uyumlu-mikrofonlu-kulaklik","status":"publish","type":"product","link":"https:\/\/www.hediyepazar.com\/?product=4-nesil-kaliteli-tws-android-ve-ios-uyumlu-mikrofonlu-kulaklik","title":{"rendered":"4.Nesil Kaliteli TWS Android ve \u0130OS Uyumlu Mikrofonlu Kulakl\u0131k"},"content":{"rendered":"<p>Bu kulakl\u0131k, m\u00fckemmel ses kalitesiyle g\u00fcnl\u00fck ya\u015fam\u0131n\u0131z\u0131 daha keyifli hale getirir. Dokunmatik kontrol paneli, kullan\u0131c\u0131ya kolayl\u0131k sa\u011flarken suya ve tere dayan\u0131kl\u0131 yap\u0131s\u0131 sayesinde spor veya d\u0131\u015f mekan aktivitelerinde g\u00fcvenle kullan\u0131labilir. Modern beyaz tasar\u0131m\u0131, tarz\u0131n\u0131za sofistike bir dokunu\u015f katar. Bluetooth 5.3 teknolojisiyle donat\u0131lm\u0131\u015f kulakl\u0131k, ba\u011flant\u0131 kesintilerini minimuma indirerek m\u00fczik ve \u00e7a\u011fr\u0131 deneyiminizi en \u00fcst d\u00fczeye \u00e7\u0131kar\u0131r. Bu \u00fcr\u00fcn, hem i\u015flevselli\u011fi hem de \u015f\u0131kl\u0131\u011f\u0131 bir arada sunarak kullan\u0131c\u0131lar\u0131n beklentilerini fazlas\u0131yla kar\u015f\u0131lar.<\/p>\n","protected":false},"excerpt":{"rendered":"<p>Bu kulakl\u0131k, m\u00fckemmel ses kalitesiyle g\u00fcnl\u00fck ya\u015fam\u0131n\u0131z\u0131 daha keyifli hale getirir. Dokunmatik kontrol paneli, kullan\u0131c\u0131ya kolayl\u0131k sa\u011flarken suya ve tere dayan\u0131kl\u0131 yap\u0131s\u0131 sayesinde spor veya d\u0131\u015f mekan aktivitelerinde g\u00fcvenle kullan\u0131labilir. Modern beyaz tasar\u0131m\u0131, tarz\u0131n\u0131za sofistike bir dokunu\u015f katar. Bluetooth 5.3 teknolojisiyle donat\u0131lm\u0131\u015f kulakl\u0131k, ba\u011flant\u0131 kesintilerini minimuma indirerek m\u00fczik ve \u00e7a\u011fr\u0131 deneyiminizi en \u00fcst d\u00fczeye \u00e7\u0131kar\u0131r&#8230;.<\/p>\n","protected":false},"featured_media":109897,"comment_status":"open","ping_status":"closed","template":"","meta":{"_kad_post_transparent":"","_kad_post_title":"","_kad_post_layout":"","_kad_post_sidebar_id":"","_kad_post_content_style":"","_kad_post_vertical_padding":"","_kad_post_feature":"","_kad_post_feature_position":"","_kad_post_header":false,"_kad_post_footer":false,"_kad_post_classname":""},"product_brand":[],"product_cat":[14957],"product_tag":[],"class_list":{"0":"post-109898","1":"product","2":"type-product","3":"status-publish","4":"has-post-thumbnail","6":"product_cat-kablosuz-kulaklik-kablosuz-kulaklik","8":"first","9":"instock","10":"purchasable","11":"product-type-simple","12":"entry","13":"content-bg","14":"loop-entry"},"_links":{"self":[{"href":"https:\/\/www.hediyepazar.com\/index.php?rest_route=\/wp\/v2\/product\/109898","targetHints":{"allow":["GET"]}}],"collection":[{"href":"https:\/\/www.hediyepazar.com\/index.php?rest_route=\/wp\/v2\/product"}],"about":[{"href":"https:\/\/www.hediyepazar.com\/index.php?rest_route=\/wp\/v2\/types\/product"}],"replies":[{"embeddable":true,"href":"https:\/\/www.hediyepazar.com\/index.php?rest_route=%2Fwp%2Fv2%2Fcomments&post=109898"}],"wp:featuredmedia":[{"embeddable":true,"href":"https:\/\/www.hediyepazar.com\/index.php?rest_route=\/wp\/v2\/media\/109897"}],"wp:attachment":[{"href":"https:\/\/www.hediyepazar.com\/index.php?rest_route=%2Fwp%2Fv2%2Fmedia&parent=109898"}],"wp:term":[{"taxonomy":"product_brand","embeddable":true,"href":"https:\/\/www.hediyepazar.com\/index.php?rest_route=%2Fwp%2Fv2%2Fproduct_brand&post=109898"},{"taxonomy":"product_cat","embeddable":true,"href":"https:\/\/www.hediyepazar.com\/index.php?rest_route=%2Fwp%2Fv2%2Fproduct_cat&post=109898"},{"taxonomy":"product_tag","embeddable":true,"href":"https:\/\/www.hediyepazar.com\/index.php?rest_route=%2Fwp%2Fv2%2Fproduct_tag&post=109898"}],"curies":[{"name":"wp","href":"https:\/\/api.w.org\/{rel}","templated":true}]}}