{"id":109904,"date":"2026-05-05T03:32:10","date_gmt":"2026-05-05T06:32:10","guid":{"rendered":"https:\/\/www.hediyepazar.com\/?product=yeni-nesil-ucuz-kaliteli-kablosuz-tws-bluetooth-kulaklik"},"modified":"2026-05-05T03:32:10","modified_gmt":"2026-05-05T06:32:10","slug":"yeni-nesil-ucuz-kaliteli-kablosuz-tws-bluetooth-kulaklik","status":"publish","type":"product","link":"https:\/\/www.hediyepazar.com\/?product=yeni-nesil-ucuz-kaliteli-kablosuz-tws-bluetooth-kulaklik","title":{"rendered":"Yeni Nesil Ucuz Kaliteli Kablosuz TWS Bluetooth Kulakl\u0131k"},"content":{"rendered":"<p>iOS ve Android cihazlarla tam uyumlu, her t\u00fcrl\u00fc ak\u0131ll\u0131 telefonunuzda sorunsuz kullan\u0131m sunar.- Aktif G\u00fcr\u00fclt\u00fc \u00d6nleme (ANC) \u00f6zelli\u011fi sayesinde d\u0131\u015f d\u00fcnyan\u0131n g\u00fcr\u00fclt\u00fcs\u00fcn\u00fc engelleyerek, m\u00fczi\u011finize odaklanman\u0131z\u0131 sa\u011flar.- Dahili mikrofonu ile net aramalar yapabilir ve eller serbest konu\u015fma deneyimi ya\u015fayabilirsiniz.- 2 y\u0131l ithalat\u00e7\u0131 garantisi ile g\u00fcvenli bir sat\u0131n alma deneyimi sunar.- \u015e\u0131k beyaz rengiyle dikkat \u00e7eker ve tarz\u0131n\u0131za modern bir dokunu\u015f katar.- Bluetooth 5.3 versiyonuyla y\u00fcksek ba\u011flant\u0131 h\u0131zlar\u0131 ve kesintisiz ses aktar\u0131m\u0131 sa\u011flar.- Web renk olarak beyaz tasar\u0131m\u0131yla estetik g\u00f6r\u00fcn\u00fcm\u00fcn yan\u0131nda fonksiyonellik de \u00f6n plandad\u0131r.- Suya ve tere kar\u015f\u0131 dayan\u0131kl\u0131l\u0131\u011f\u0131 sayesinde spor aktivitelerinizde veya ya\u011fmurlu havalarda bile rahatl\u0131kla kullanabilirsiniz.- Dokunmatik kontrol paneli ile m\u00fczikler aras\u0131nda kolayca ge\u00e7i\u015f yapabilir, \u00e7a\u011fr\u0131lar\u0131n\u0131z\u0131 y\u00f6netebilirsiniz.- \u00c7ift telefon deste\u011fi ile ayn\u0131 anda iki farkl\u0131 numaraya ba\u011flanarak i\u015f ve ki\u015fisel g\u00f6r\u00fc\u015fmelere h\u0131zl\u0131 eri\u015fim imkan\u0131 tan\u0131r.<\/p>\n","protected":false},"excerpt":{"rendered":"<p>iOS ve Android cihazlarla tam uyumlu, her t\u00fcrl\u00fc ak\u0131ll\u0131 telefonunuzda sorunsuz kullan\u0131m sunar.- Aktif G\u00fcr\u00fclt\u00fc \u00d6nleme (ANC) \u00f6zelli\u011fi sayesinde d\u0131\u015f d\u00fcnyan\u0131n g\u00fcr\u00fclt\u00fcs\u00fcn\u00fc engelleyerek, m\u00fczi\u011finize odaklanman\u0131z\u0131 sa\u011flar.- Dahili mikrofonu ile net aramalar yapabilir ve eller serbest konu\u015fma deneyimi ya\u015fayabilirsiniz.- 2 y\u0131l ithalat\u00e7\u0131 garantisi ile g\u00fcvenli bir sat\u0131n alma deneyimi sunar.- \u015e\u0131k beyaz rengiyle dikkat \u00e7eker ve&#8230;<\/p>\n","protected":false},"featured_media":109903,"comment_status":"open","ping_status":"closed","template":"","meta":{"_kad_post_transparent":"","_kad_post_title":"","_kad_post_layout":"","_kad_post_sidebar_id":"","_kad_post_content_style":"","_kad_post_vertical_padding":"","_kad_post_feature":"","_kad_post_feature_position":"","_kad_post_header":false,"_kad_post_footer":false,"_kad_post_classname":""},"product_brand":[],"product_cat":[14957],"product_tag":[],"class_list":{"0":"post-109904","1":"product","2":"type-product","3":"status-publish","4":"has-post-thumbnail","6":"product_cat-kablosuz-kulaklik-kablosuz-kulaklik","8":"first","9":"instock","10":"purchasable","11":"product-type-simple","12":"entry","13":"content-bg","14":"loop-entry"},"_links":{"self":[{"href":"https:\/\/www.hediyepazar.com\/index.php?rest_route=\/wp\/v2\/product\/109904","targetHints":{"allow":["GET"]}}],"collection":[{"href":"https:\/\/www.hediyepazar.com\/index.php?rest_route=\/wp\/v2\/product"}],"about":[{"href":"https:\/\/www.hediyepazar.com\/index.php?rest_route=\/wp\/v2\/types\/product"}],"replies":[{"embeddable":true,"href":"https:\/\/www.hediyepazar.com\/index.php?rest_route=%2Fwp%2Fv2%2Fcomments&post=109904"}],"wp:featuredmedia":[{"embeddable":true,"href":"https:\/\/www.hediyepazar.com\/index.php?rest_route=\/wp\/v2\/media\/109903"}],"wp:attachment":[{"href":"https:\/\/www.hediyepazar.com\/index.php?rest_route=%2Fwp%2Fv2%2Fmedia&parent=109904"}],"wp:term":[{"taxonomy":"product_brand","embeddable":true,"href":"https:\/\/www.hediyepazar.com\/index.php?rest_route=%2Fwp%2Fv2%2Fproduct_brand&post=109904"},{"taxonomy":"product_cat","embeddable":true,"href":"https:\/\/www.hediyepazar.com\/index.php?rest_route=%2Fwp%2Fv2%2Fproduct_cat&post=109904"},{"taxonomy":"product_tag","embeddable":true,"href":"https:\/\/www.hediyepazar.com\/index.php?rest_route=%2Fwp%2Fv2%2Fproduct_tag&post=109904"}],"curies":[{"name":"wp","href":"https:\/\/api.w.org\/{rel}","templated":true}]}}