{"id":109908,"date":"2026-05-05T03:32:18","date_gmt":"2026-05-05T06:32:18","guid":{"rendered":"https:\/\/www.hediyepazar.com\/?product=projektor-yildiz-gece-lambasi-disko-topu-bluetooth-baglantili-tasinabilir-sarjli"},"modified":"2026-05-05T03:32:18","modified_gmt":"2026-05-05T06:32:18","slug":"projektor-yildiz-gece-lambasi-disko-topu-bluetooth-baglantili-tasinabilir-sarjli","status":"publish","type":"product","link":"https:\/\/www.hediyepazar.com\/?product=projektor-yildiz-gece-lambasi-disko-topu-bluetooth-baglantili-tasinabilir-sarjli","title":{"rendered":"Projekt\u00f6r Y\u0131ld\u0131z Gece Lambas\u0131 Disko Topu Bluetooth Ba\u011flant\u0131l\u0131 Ta\u015f\u0131nabilir \u015earjl\u0131"},"content":{"rendered":"<p>Bu \u00fcr\u00fcn, lazer \u0131\u015f\u0131klar ve disko topu efektlerini bir araya getirerek e\u011flenceli ve hareketli bir dans pisti atmosferi sunar. Lazer \u0131\u015f\u0131klar ve disko topu, m\u00fczikle senkronize bir \u015fekilde \u00e7al\u0131\u015farak partilerinizi unutulmaz k\u0131lar. Bluetooth hoparl\u00f6r \u00f6zelli\u011fi, cihaz\u0131n\u0131za kolayca ba\u011flanman\u0131z\u0131 sa\u011flar ve g\u00fc\u00e7l\u00fc ses \u00e7\u0131k\u0131\u015f\u0131yla partinin enerjisini art\u0131r\u0131r. \u0130ster dans pistinde ister rahat bir ortamda olun, bu \u00fcr\u00fcn hem \u0131\u015f\u0131k hem de m\u00fczik deneyimini en \u00fcst d\u00fczeye \u00e7\u0131kar\u0131r.<\/p>\n","protected":false},"excerpt":{"rendered":"<p>Bu \u00fcr\u00fcn, lazer \u0131\u015f\u0131klar ve disko topu efektlerini bir araya getirerek e\u011flenceli ve hareketli bir dans pisti atmosferi sunar. Lazer \u0131\u015f\u0131klar ve disko topu, m\u00fczikle senkronize bir \u015fekilde \u00e7al\u0131\u015farak partilerinizi unutulmaz k\u0131lar. Bluetooth hoparl\u00f6r \u00f6zelli\u011fi, cihaz\u0131n\u0131za kolayca ba\u011flanman\u0131z\u0131 sa\u011flar ve g\u00fc\u00e7l\u00fc ses \u00e7\u0131k\u0131\u015f\u0131yla partinin enerjisini art\u0131r\u0131r. \u0130ster dans pistinde ister rahat bir ortamda olun, bu&#8230;<\/p>\n","protected":false},"featured_media":109907,"comment_status":"open","ping_status":"closed","template":"","meta":{"_kad_post_transparent":"","_kad_post_title":"","_kad_post_layout":"","_kad_post_sidebar_id":"","_kad_post_content_style":"","_kad_post_vertical_padding":"","_kad_post_feature":"","_kad_post_feature_position":"","_kad_post_header":false,"_kad_post_footer":false,"_kad_post_classname":""},"product_brand":[],"product_cat":[14911],"product_tag":[],"class_list":{"0":"post-109908","1":"product","2":"type-product","3":"status-publish","4":"has-post-thumbnail","6":"product_cat-kablosuz-hoparlor-kablosuz-hoparlor","8":"first","9":"instock","10":"purchasable","11":"product-type-simple","12":"entry","13":"content-bg","14":"loop-entry"},"_links":{"self":[{"href":"https:\/\/www.hediyepazar.com\/index.php?rest_route=\/wp\/v2\/product\/109908","targetHints":{"allow":["GET"]}}],"collection":[{"href":"https:\/\/www.hediyepazar.com\/index.php?rest_route=\/wp\/v2\/product"}],"about":[{"href":"https:\/\/www.hediyepazar.com\/index.php?rest_route=\/wp\/v2\/types\/product"}],"replies":[{"embeddable":true,"href":"https:\/\/www.hediyepazar.com\/index.php?rest_route=%2Fwp%2Fv2%2Fcomments&post=109908"}],"wp:featuredmedia":[{"embeddable":true,"href":"https:\/\/www.hediyepazar.com\/index.php?rest_route=\/wp\/v2\/media\/109907"}],"wp:attachment":[{"href":"https:\/\/www.hediyepazar.com\/index.php?rest_route=%2Fwp%2Fv2%2Fmedia&parent=109908"}],"wp:term":[{"taxonomy":"product_brand","embeddable":true,"href":"https:\/\/www.hediyepazar.com\/index.php?rest_route=%2Fwp%2Fv2%2Fproduct_brand&post=109908"},{"taxonomy":"product_cat","embeddable":true,"href":"https:\/\/www.hediyepazar.com\/index.php?rest_route=%2Fwp%2Fv2%2Fproduct_cat&post=109908"},{"taxonomy":"product_tag","embeddable":true,"href":"https:\/\/www.hediyepazar.com\/index.php?rest_route=%2Fwp%2Fv2%2Fproduct_tag&post=109908"}],"curies":[{"name":"wp","href":"https:\/\/api.w.org\/{rel}","templated":true}]}}