{"id":109910,"date":"2026-05-05T03:33:56","date_gmt":"2026-05-05T06:33:56","guid":{"rendered":"https:\/\/www.hediyepazar.com\/?product=cocuklara-ozel-sarjli-bluetooth-hoparlor-parti-led-lambasi-yildizli-projeksiyon"},"modified":"2026-05-05T03:33:56","modified_gmt":"2026-05-05T06:33:56","slug":"cocuklara-ozel-sarjli-bluetooth-hoparlor-parti-led-lambasi-yildizli-projeksiyon","status":"publish","type":"product","link":"https:\/\/www.hediyepazar.com\/?product=cocuklara-ozel-sarjli-bluetooth-hoparlor-parti-led-lambasi-yildizli-projeksiyon","title":{"rendered":"\u00c7ocuklara \u00d6zel \u015earjl\u0131 Bluetooth Hoparl\u00f6r Parti Led Lambas\u0131 Y\u0131ld\u0131zl\u0131 Projeksiyon"},"content":{"rendered":"<p>Y\u0131ld\u0131zl\u0131 Projekt\u00f6r, evinizde veya e\u011flence mekanlar\u0131n\u0131zda benzersiz bir atmosfer yaratmak i\u00e7in tasarlanm\u0131\u015f \u00e7ok y\u00f6nl\u00fc bir \u00fcr\u00fcnd\u00fcr. Y\u0131ld\u0131zl\u0131 projekt\u00f6r \u00f6zelli\u011fi sayesinde odan\u0131z\u0131 y\u0131ld\u0131zlarla dolu bir g\u00f6ky\u00fcz\u00fcne d\u00f6n\u00fc\u015ft\u00fcr\u00fcr ve romantik anlardan huzurlu bir uyku ortam\u0131na kadar \u00e7e\u015fitli ihtiya\u00e7lara hizmet eder. Ayarlanabilir renk ve parlakl\u0131k seviyeleri, istedi\u011finiz atmosferi olu\u015fturman\u0131z\u0131 sa\u011flar. Galaxy efekti ise odan\u0131z\u0131 uzay temal\u0131 bir d\u00fcnyaya d\u00f6n\u00fc\u015ft\u00fcrerek \u00f6zel etkinlikler ve partiler i\u00e7in \u00e7arp\u0131c\u0131 bir ambiyans yarat\u0131r.<\/p>\n","protected":false},"excerpt":{"rendered":"<p>Y\u0131ld\u0131zl\u0131 Projekt\u00f6r, evinizde veya e\u011flence mekanlar\u0131n\u0131zda benzersiz bir atmosfer yaratmak i\u00e7in tasarlanm\u0131\u015f \u00e7ok y\u00f6nl\u00fc bir \u00fcr\u00fcnd\u00fcr. Y\u0131ld\u0131zl\u0131 projekt\u00f6r \u00f6zelli\u011fi sayesinde odan\u0131z\u0131 y\u0131ld\u0131zlarla dolu bir g\u00f6ky\u00fcz\u00fcne d\u00f6n\u00fc\u015ft\u00fcr\u00fcr ve romantik anlardan huzurlu bir uyku ortam\u0131na kadar \u00e7e\u015fitli ihtiya\u00e7lara hizmet eder. Ayarlanabilir renk ve parlakl\u0131k seviyeleri, istedi\u011finiz atmosferi olu\u015fturman\u0131z\u0131 sa\u011flar. Galaxy efekti ise odan\u0131z\u0131 uzay temal\u0131 bir d\u00fcnyaya&#8230;<\/p>\n","protected":false},"featured_media":109909,"comment_status":"open","ping_status":"closed","template":"","meta":{"_kad_post_transparent":"","_kad_post_title":"","_kad_post_layout":"","_kad_post_sidebar_id":"","_kad_post_content_style":"","_kad_post_vertical_padding":"","_kad_post_feature":"","_kad_post_feature_position":"","_kad_post_header":false,"_kad_post_footer":false,"_kad_post_classname":""},"product_brand":[],"product_cat":[14911],"product_tag":[],"class_list":{"0":"post-109910","1":"product","2":"type-product","3":"status-publish","4":"has-post-thumbnail","6":"product_cat-kablosuz-hoparlor-kablosuz-hoparlor","8":"first","9":"instock","10":"purchasable","11":"product-type-simple","12":"entry","13":"content-bg","14":"loop-entry"},"_links":{"self":[{"href":"https:\/\/www.hediyepazar.com\/index.php?rest_route=\/wp\/v2\/product\/109910","targetHints":{"allow":["GET"]}}],"collection":[{"href":"https:\/\/www.hediyepazar.com\/index.php?rest_route=\/wp\/v2\/product"}],"about":[{"href":"https:\/\/www.hediyepazar.com\/index.php?rest_route=\/wp\/v2\/types\/product"}],"replies":[{"embeddable":true,"href":"https:\/\/www.hediyepazar.com\/index.php?rest_route=%2Fwp%2Fv2%2Fcomments&post=109910"}],"wp:featuredmedia":[{"embeddable":true,"href":"https:\/\/www.hediyepazar.com\/index.php?rest_route=\/wp\/v2\/media\/109909"}],"wp:attachment":[{"href":"https:\/\/www.hediyepazar.com\/index.php?rest_route=%2Fwp%2Fv2%2Fmedia&parent=109910"}],"wp:term":[{"taxonomy":"product_brand","embeddable":true,"href":"https:\/\/www.hediyepazar.com\/index.php?rest_route=%2Fwp%2Fv2%2Fproduct_brand&post=109910"},{"taxonomy":"product_cat","embeddable":true,"href":"https:\/\/www.hediyepazar.com\/index.php?rest_route=%2Fwp%2Fv2%2Fproduct_cat&post=109910"},{"taxonomy":"product_tag","embeddable":true,"href":"https:\/\/www.hediyepazar.com\/index.php?rest_route=%2Fwp%2Fv2%2Fproduct_tag&post=109910"}],"curies":[{"name":"wp","href":"https:\/\/api.w.org\/{rel}","templated":true}]}}