{"id":109918,"date":"2026-05-05T03:34:12","date_gmt":"2026-05-05T06:34:12","guid":{"rendered":"https:\/\/www.hediyepazar.com\/?product=bahce-havuz-gunes-enerjili-solar-isiklandirma-sensorlu-bahce-aydinlatma"},"modified":"2026-05-05T03:34:12","modified_gmt":"2026-05-05T06:34:12","slug":"bahce-havuz-gunes-enerjili-solar-isiklandirma-sensorlu-bahce-aydinlatma","status":"publish","type":"product","link":"https:\/\/www.hediyepazar.com\/?product=bahce-havuz-gunes-enerjili-solar-isiklandirma-sensorlu-bahce-aydinlatma","title":{"rendered":"Bah\u00e7e Havuz G\u00fcne\u015f Enerjili Solar I\u015f\u0131kland\u0131rma Sens\u00f6rl\u00fc Bah\u00e7e Ayd\u0131nlatma"},"content":{"rendered":"<p>G\u00fcne\u015f enerjili solar bah\u00e7e ayd\u0131nlatma lambas\u0131, \u00e7evreci ve pratik bir tasar\u0131ma sahiptir. Do\u011frudan g\u00fcne\u015f \u0131\u015f\u0131\u011f\u0131 alan bir yere yerle\u015ftirildi\u011finde, \u00e7evreye zarar vermeden enerji \u00fcretir ve geceleri sens\u00f6r sayesinde otomatik olarak \u00e7al\u0131\u015f\u0131r. Bu \u00fcr\u00fcn, kablo karma\u015fas\u0131 olmadan h\u0131zl\u0131 ve kolay bir kurulum imkan\u0131 sunar. Hareket alg\u0131lama \u00f6zelli\u011fiyle g\u00fcvenlik ve enerji tasarrufunu bir araya getirir. \u015e\u0131k tasar\u0131m\u0131 ve enerji verimlili\u011fiyle d\u0131\u015f mekanlar\u0131n\u0131za hem estetik hem de fonksiyonel bir katk\u0131 sa\u011flar. Pakette bir adet hareket sens\u00f6rl\u00fc 100 LED&#8217;li ayd\u0131nlatma lambas\u0131 bulunur.<\/p>\n","protected":false},"excerpt":{"rendered":"<p>G\u00fcne\u015f enerjili solar bah\u00e7e ayd\u0131nlatma lambas\u0131, \u00e7evreci ve pratik bir tasar\u0131ma sahiptir. Do\u011frudan g\u00fcne\u015f \u0131\u015f\u0131\u011f\u0131 alan bir yere yerle\u015ftirildi\u011finde, \u00e7evreye zarar vermeden enerji \u00fcretir ve geceleri sens\u00f6r sayesinde otomatik olarak \u00e7al\u0131\u015f\u0131r. Bu \u00fcr\u00fcn, kablo karma\u015fas\u0131 olmadan h\u0131zl\u0131 ve kolay bir kurulum imkan\u0131 sunar. Hareket alg\u0131lama \u00f6zelli\u011fiyle g\u00fcvenlik ve enerji tasarrufunu bir araya getirir. \u015e\u0131k tasar\u0131m\u0131&#8230;<\/p>\n","protected":false},"featured_media":109917,"comment_status":"open","ping_status":"closed","template":"","meta":{"_kad_post_transparent":"","_kad_post_title":"","_kad_post_layout":"","_kad_post_sidebar_id":"","_kad_post_content_style":"","_kad_post_vertical_padding":"","_kad_post_feature":"","_kad_post_feature_position":"","_kad_post_header":false,"_kad_post_footer":false,"_kad_post_classname":""},"product_brand":[],"product_cat":[14946],"product_tag":[],"class_list":{"0":"post-109918","1":"product","2":"type-product","3":"status-publish","4":"has-post-thumbnail","6":"product_cat-bahce-aydinlatmasi-bahce-aydinlatmasi","8":"first","9":"instock","10":"purchasable","11":"product-type-simple","12":"entry","13":"content-bg","14":"loop-entry"},"_links":{"self":[{"href":"https:\/\/www.hediyepazar.com\/index.php?rest_route=\/wp\/v2\/product\/109918","targetHints":{"allow":["GET"]}}],"collection":[{"href":"https:\/\/www.hediyepazar.com\/index.php?rest_route=\/wp\/v2\/product"}],"about":[{"href":"https:\/\/www.hediyepazar.com\/index.php?rest_route=\/wp\/v2\/types\/product"}],"replies":[{"embeddable":true,"href":"https:\/\/www.hediyepazar.com\/index.php?rest_route=%2Fwp%2Fv2%2Fcomments&post=109918"}],"wp:featuredmedia":[{"embeddable":true,"href":"https:\/\/www.hediyepazar.com\/index.php?rest_route=\/wp\/v2\/media\/109917"}],"wp:attachment":[{"href":"https:\/\/www.hediyepazar.com\/index.php?rest_route=%2Fwp%2Fv2%2Fmedia&parent=109918"}],"wp:term":[{"taxonomy":"product_brand","embeddable":true,"href":"https:\/\/www.hediyepazar.com\/index.php?rest_route=%2Fwp%2Fv2%2Fproduct_brand&post=109918"},{"taxonomy":"product_cat","embeddable":true,"href":"https:\/\/www.hediyepazar.com\/index.php?rest_route=%2Fwp%2Fv2%2Fproduct_cat&post=109918"},{"taxonomy":"product_tag","embeddable":true,"href":"https:\/\/www.hediyepazar.com\/index.php?rest_route=%2Fwp%2Fv2%2Fproduct_tag&post=109918"}],"curies":[{"name":"wp","href":"https:\/\/api.w.org\/{rel}","templated":true}]}}