{"id":109928,"date":"2026-05-05T03:34:32","date_gmt":"2026-05-05T06:34:32","guid":{"rendered":"https:\/\/www.hediyepazar.com\/?product=bahce-balkon-ve-teras-aydinlatma-led-isik"},"modified":"2026-05-05T03:34:32","modified_gmt":"2026-05-05T06:34:32","slug":"bahce-balkon-ve-teras-aydinlatma-led-isik","status":"publish","type":"product","link":"https:\/\/www.hediyepazar.com\/?product=bahce-balkon-ve-teras-aydinlatma-led-isik","title":{"rendered":"Bah\u00e7e Balkon ve Teras Ayd\u0131nlatma Led I\u015f\u0131k"},"content":{"rendered":"<p>Bah\u00e7e, balkon, teras gibi d\u0131\u015f mekanlar\u0131n\u0131z\u0131 hem ayd\u0131nlatmak hem de estetik bir dokunu\u015f katmak i\u00e7in tasarlanm\u0131\u015f g\u00fcne\u015f enerjili solar bah\u00e7e ayd\u0131nlatma lambas\u0131, \u00e7evre dostu ve kullan\u0131\u015fl\u0131 bir \u00e7\u00f6z\u00fcm sunar. G\u00fcnd\u00fczleri g\u00fcne\u015f \u0131\u015f\u0131\u011f\u0131n\u0131 emerek \u015farj olan bu lamba, geceleri sens\u00f6r\u00fc sayesinde otomatik olarak yanar. Kabloya ihtiya\u00e7 duymad\u0131\u011f\u0131 i\u00e7in bah\u00e7enizde veya balkonunuzda diledi\u011finiz yere kolayca monte edebilirsiniz. Led \u0131\u015f\u0131klar\u0131yla enerji verimlili\u011fini bir araya getirirken dekoratif bir ayd\u0131nlatma sa\u011flar.<\/p>\n","protected":false},"excerpt":{"rendered":"<p>Bah\u00e7e, balkon, teras gibi d\u0131\u015f mekanlar\u0131n\u0131z\u0131 hem ayd\u0131nlatmak hem de estetik bir dokunu\u015f katmak i\u00e7in tasarlanm\u0131\u015f g\u00fcne\u015f enerjili solar bah\u00e7e ayd\u0131nlatma lambas\u0131, \u00e7evre dostu ve kullan\u0131\u015fl\u0131 bir \u00e7\u00f6z\u00fcm sunar. G\u00fcnd\u00fczleri g\u00fcne\u015f \u0131\u015f\u0131\u011f\u0131n\u0131 emerek \u015farj olan bu lamba, geceleri sens\u00f6r\u00fc sayesinde otomatik olarak yanar. Kabloya ihtiya\u00e7 duymad\u0131\u011f\u0131 i\u00e7in bah\u00e7enizde veya balkonunuzda diledi\u011finiz yere kolayca monte edebilirsiniz&#8230;.<\/p>\n","protected":false},"featured_media":109927,"comment_status":"open","ping_status":"closed","template":"","meta":{"_kad_post_transparent":"","_kad_post_title":"","_kad_post_layout":"","_kad_post_sidebar_id":"","_kad_post_content_style":"","_kad_post_vertical_padding":"","_kad_post_feature":"","_kad_post_feature_position":"","_kad_post_header":false,"_kad_post_footer":false,"_kad_post_classname":""},"product_brand":[],"product_cat":[14946],"product_tag":[],"class_list":{"0":"post-109928","1":"product","2":"type-product","3":"status-publish","4":"has-post-thumbnail","6":"product_cat-bahce-aydinlatmasi-bahce-aydinlatmasi","8":"first","9":"instock","10":"purchasable","11":"product-type-simple","12":"entry","13":"content-bg","14":"loop-entry"},"_links":{"self":[{"href":"https:\/\/www.hediyepazar.com\/index.php?rest_route=\/wp\/v2\/product\/109928","targetHints":{"allow":["GET"]}}],"collection":[{"href":"https:\/\/www.hediyepazar.com\/index.php?rest_route=\/wp\/v2\/product"}],"about":[{"href":"https:\/\/www.hediyepazar.com\/index.php?rest_route=\/wp\/v2\/types\/product"}],"replies":[{"embeddable":true,"href":"https:\/\/www.hediyepazar.com\/index.php?rest_route=%2Fwp%2Fv2%2Fcomments&post=109928"}],"wp:featuredmedia":[{"embeddable":true,"href":"https:\/\/www.hediyepazar.com\/index.php?rest_route=\/wp\/v2\/media\/109927"}],"wp:attachment":[{"href":"https:\/\/www.hediyepazar.com\/index.php?rest_route=%2Fwp%2Fv2%2Fmedia&parent=109928"}],"wp:term":[{"taxonomy":"product_brand","embeddable":true,"href":"https:\/\/www.hediyepazar.com\/index.php?rest_route=%2Fwp%2Fv2%2Fproduct_brand&post=109928"},{"taxonomy":"product_cat","embeddable":true,"href":"https:\/\/www.hediyepazar.com\/index.php?rest_route=%2Fwp%2Fv2%2Fproduct_cat&post=109928"},{"taxonomy":"product_tag","embeddable":true,"href":"https:\/\/www.hediyepazar.com\/index.php?rest_route=%2Fwp%2Fv2%2Fproduct_tag&post=109928"}],"curies":[{"name":"wp","href":"https:\/\/api.w.org\/{rel}","templated":true}]}}