{"id":109936,"date":"2026-05-05T03:34:43","date_gmt":"2026-05-05T06:34:43","guid":{"rendered":"https:\/\/www.hediyepazar.com\/?product=akilli-saat-bluetooth-baglantili-aksesuar-hediyeli-gps-takibi"},"modified":"2026-05-05T03:34:43","modified_gmt":"2026-05-05T06:34:43","slug":"akilli-saat-bluetooth-baglantili-aksesuar-hediyeli-gps-takibi","status":"publish","type":"product","link":"https:\/\/www.hediyepazar.com\/?product=akilli-saat-bluetooth-baglantili-aksesuar-hediyeli-gps-takibi","title":{"rendered":"Ak\u0131ll\u0131 Saat Bluetooth Ba\u011flant\u0131l\u0131 Aksesuar Hediyeli GPS Takibi"},"content":{"rendered":"<p>Sa\u011fl\u0131k ve spor modlar\u0131na sahip olan bu ak\u0131ll\u0131 saat, sa\u011fl\u0131kl\u0131 ya\u015fam hedeflerinizi desteklemek i\u00e7in m\u00fckemmel bir yard\u0131mc\u0131d\u0131r. G\u00fcnl\u00fck ad\u0131m say\u0131m\u0131, kalp at\u0131\u015f h\u0131z\u0131 izleme, uyku analizi ve \u00e7e\u015fitli egzersiz modlar\u0131 gibi \u00f6zellikler, hem spor yaparken hem de genel sa\u011fl\u0131k durumunuzu takip ederken b\u00fcy\u00fck bir avantaj sa\u011flar. Saatin kullan\u0131c\u0131 dostu aray\u00fcz\u00fc ve &#8220;Haino Fit&#8221; uygulamas\u0131 \u00fczerinden ba\u011flant\u0131 kurarak, verilerinizi kolayca senkronize edebilir ve analiz edebilirsiniz. Ayr\u0131ca, iki ba\u011flant\u0131 gereksinimiyle uygulama ve Bluetooth \u00fczerinden tam kontrol sa\u011flar.<\/p>\n","protected":false},"excerpt":{"rendered":"<p>Sa\u011fl\u0131k ve spor modlar\u0131na sahip olan bu ak\u0131ll\u0131 saat, sa\u011fl\u0131kl\u0131 ya\u015fam hedeflerinizi desteklemek i\u00e7in m\u00fckemmel bir yard\u0131mc\u0131d\u0131r. G\u00fcnl\u00fck ad\u0131m say\u0131m\u0131, kalp at\u0131\u015f h\u0131z\u0131 izleme, uyku analizi ve \u00e7e\u015fitli egzersiz modlar\u0131 gibi \u00f6zellikler, hem spor yaparken hem de genel sa\u011fl\u0131k durumunuzu takip ederken b\u00fcy\u00fck bir avantaj sa\u011flar. Saatin kullan\u0131c\u0131 dostu aray\u00fcz\u00fc ve &#8220;Haino Fit&#8221; uygulamas\u0131 \u00fczerinden&#8230;<\/p>\n","protected":false},"featured_media":109935,"comment_status":"open","ping_status":"closed","template":"","meta":{"_kad_post_transparent":"","_kad_post_title":"","_kad_post_layout":"","_kad_post_sidebar_id":"","_kad_post_content_style":"","_kad_post_vertical_padding":"","_kad_post_feature":"","_kad_post_feature_position":"","_kad_post_header":false,"_kad_post_footer":false,"_kad_post_classname":""},"product_brand":[],"product_cat":[14935],"product_tag":[],"class_list":{"0":"post-109936","1":"product","2":"type-product","3":"status-publish","4":"has-post-thumbnail","6":"product_cat-akilli-saatler-akilli-saatler","8":"first","9":"instock","10":"purchasable","11":"product-type-simple","12":"entry","13":"content-bg","14":"loop-entry"},"_links":{"self":[{"href":"https:\/\/www.hediyepazar.com\/index.php?rest_route=\/wp\/v2\/product\/109936","targetHints":{"allow":["GET"]}}],"collection":[{"href":"https:\/\/www.hediyepazar.com\/index.php?rest_route=\/wp\/v2\/product"}],"about":[{"href":"https:\/\/www.hediyepazar.com\/index.php?rest_route=\/wp\/v2\/types\/product"}],"replies":[{"embeddable":true,"href":"https:\/\/www.hediyepazar.com\/index.php?rest_route=%2Fwp%2Fv2%2Fcomments&post=109936"}],"wp:featuredmedia":[{"embeddable":true,"href":"https:\/\/www.hediyepazar.com\/index.php?rest_route=\/wp\/v2\/media\/109935"}],"wp:attachment":[{"href":"https:\/\/www.hediyepazar.com\/index.php?rest_route=%2Fwp%2Fv2%2Fmedia&parent=109936"}],"wp:term":[{"taxonomy":"product_brand","embeddable":true,"href":"https:\/\/www.hediyepazar.com\/index.php?rest_route=%2Fwp%2Fv2%2Fproduct_brand&post=109936"},{"taxonomy":"product_cat","embeddable":true,"href":"https:\/\/www.hediyepazar.com\/index.php?rest_route=%2Fwp%2Fv2%2Fproduct_cat&post=109936"},{"taxonomy":"product_tag","embeddable":true,"href":"https:\/\/www.hediyepazar.com\/index.php?rest_route=%2Fwp%2Fv2%2Fproduct_tag&post=109936"}],"curies":[{"name":"wp","href":"https:\/\/api.w.org\/{rel}","templated":true}]}}