{"id":109940,"date":"2026-05-05T03:35:01","date_gmt":"2026-05-05T06:35:01","guid":{"rendered":"https:\/\/www.hediyepazar.com\/?product=bluetooth-hoparlor-ahsap-klasik-retro-gramofon-bluetooth-muzik-kutusu"},"modified":"2026-05-05T03:35:01","modified_gmt":"2026-05-05T06:35:01","slug":"bluetooth-hoparlor-ahsap-klasik-retro-gramofon-bluetooth-muzik-kutusu","status":"publish","type":"product","link":"https:\/\/www.hediyepazar.com\/?product=bluetooth-hoparlor-ahsap-klasik-retro-gramofon-bluetooth-muzik-kutusu","title":{"rendered":"Bluetooth Hoparl\u00f6r Ah\u015fap Klasik Retro Gramofon Bluetooth M\u00fczik Kutusu"},"content":{"rendered":"<p>1800 mAh batarya kapasitesiyle donat\u0131lm\u0131\u015f bu hoparl\u00f6r, 1 saatlik bir \u015farj s\u00fcresi ile tamamen dolarak 24 saate kadar kesintisiz \u00e7alma s\u00fcresi sunar. Ses seviyesine ba\u011fl\u0131 olarak 5-9 saat aras\u0131nda de\u011fi\u015fen kullan\u0131m s\u00fcresi, g\u00fcn boyu m\u00fczik keyfi ya\u015faman\u0131z\u0131 sa\u011flar. Kolay ta\u015f\u0131nabilir yap\u0131s\u0131yla hoparl\u00f6r\u00fc evinizin herhangi bir odas\u0131na, balkonunuza ya da bah\u00e7enize rahatl\u0131kla ta\u015f\u0131yabilirsiniz. Paket i\u00e7eri\u011finde yer alan Micro USB \u015farj kablosu, AUX kablo ve anten sayesinde cihaz\u0131n\u0131z\u0131 kolayca kurabilir ve kullanabilirsiniz. Global \u00c7ift Hoparl\u00f6rl\u00fc Gramofon Speaker, hem teknolojik hem de estetik a\u00e7\u0131dan m\u00fckemmel bir deneyim sunarak beklentilerinizi fazlas\u0131yla kar\u015f\u0131layacakt\u0131r.<\/p>\n","protected":false},"excerpt":{"rendered":"<p>1800 mAh batarya kapasitesiyle donat\u0131lm\u0131\u015f bu hoparl\u00f6r, 1 saatlik bir \u015farj s\u00fcresi ile tamamen dolarak 24 saate kadar kesintisiz \u00e7alma s\u00fcresi sunar. Ses seviyesine ba\u011fl\u0131 olarak 5-9 saat aras\u0131nda de\u011fi\u015fen kullan\u0131m s\u00fcresi, g\u00fcn boyu m\u00fczik keyfi ya\u015faman\u0131z\u0131 sa\u011flar. Kolay ta\u015f\u0131nabilir yap\u0131s\u0131yla hoparl\u00f6r\u00fc evinizin herhangi bir odas\u0131na, balkonunuza ya da bah\u00e7enize rahatl\u0131kla ta\u015f\u0131yabilirsiniz. Paket i\u00e7eri\u011finde yer&#8230;<\/p>\n","protected":false},"featured_media":109939,"comment_status":"open","ping_status":"closed","template":"","meta":{"_kad_post_transparent":"","_kad_post_title":"","_kad_post_layout":"","_kad_post_sidebar_id":"","_kad_post_content_style":"","_kad_post_vertical_padding":"","_kad_post_feature":"","_kad_post_feature_position":"","_kad_post_header":false,"_kad_post_footer":false,"_kad_post_classname":""},"product_brand":[],"product_cat":[14929],"product_tag":[],"class_list":{"0":"post-109940","1":"product","2":"type-product","3":"status-publish","4":"has-post-thumbnail","6":"product_cat-muzik-sistemi-muzik-sistemi","8":"first","9":"instock","10":"purchasable","11":"product-type-simple","12":"entry","13":"content-bg","14":"loop-entry"},"_links":{"self":[{"href":"https:\/\/www.hediyepazar.com\/index.php?rest_route=\/wp\/v2\/product\/109940","targetHints":{"allow":["GET"]}}],"collection":[{"href":"https:\/\/www.hediyepazar.com\/index.php?rest_route=\/wp\/v2\/product"}],"about":[{"href":"https:\/\/www.hediyepazar.com\/index.php?rest_route=\/wp\/v2\/types\/product"}],"replies":[{"embeddable":true,"href":"https:\/\/www.hediyepazar.com\/index.php?rest_route=%2Fwp%2Fv2%2Fcomments&post=109940"}],"wp:featuredmedia":[{"embeddable":true,"href":"https:\/\/www.hediyepazar.com\/index.php?rest_route=\/wp\/v2\/media\/109939"}],"wp:attachment":[{"href":"https:\/\/www.hediyepazar.com\/index.php?rest_route=%2Fwp%2Fv2%2Fmedia&parent=109940"}],"wp:term":[{"taxonomy":"product_brand","embeddable":true,"href":"https:\/\/www.hediyepazar.com\/index.php?rest_route=%2Fwp%2Fv2%2Fproduct_brand&post=109940"},{"taxonomy":"product_cat","embeddable":true,"href":"https:\/\/www.hediyepazar.com\/index.php?rest_route=%2Fwp%2Fv2%2Fproduct_cat&post=109940"},{"taxonomy":"product_tag","embeddable":true,"href":"https:\/\/www.hediyepazar.com\/index.php?rest_route=%2Fwp%2Fv2%2Fproduct_tag&post=109940"}],"curies":[{"name":"wp","href":"https:\/\/api.w.org\/{rel}","templated":true}]}}