{"id":109942,"date":"2026-05-05T03:35:06","date_gmt":"2026-05-05T06:35:06","guid":{"rendered":"https:\/\/www.hediyepazar.com\/?product=calar-radyo-muzik-kutusu-nostaljik-hoparlor-speaker"},"modified":"2026-05-05T03:35:06","modified_gmt":"2026-05-05T06:35:06","slug":"calar-radyo-muzik-kutusu-nostaljik-hoparlor-speaker","status":"publish","type":"product","link":"https:\/\/www.hediyepazar.com\/?product=calar-radyo-muzik-kutusu-nostaljik-hoparlor-speaker","title":{"rendered":"\u00c7alar Radyo M\u00fczik Kutusu Nostaljik Hoparl\u00f6r Speaker"},"content":{"rendered":"<p>Hoparl\u00f6r, Bluetooth deste\u011fi sayesinde kablosuz ba\u011flant\u0131 kurarak 15 metreye kadar \u00e7ekim mesafesi sunar. USB, SD kart, Micro SD kart ve AUX giri\u015fleri gibi \u00e7e\u015fitli ba\u011flant\u0131 se\u00e7enekleriyle \u00e7ok y\u00f6nl\u00fc kullan\u0131m imkan\u0131 sa\u011flar. FM radyo \u00f6zelli\u011fi, sevdi\u011finiz yay\u0131nlar\u0131 kolayca takip etmenizi sa\u011flarken, medya kontrol tu\u015flar\u0131 arac\u0131l\u0131\u011f\u0131yla \u015fark\u0131lar aras\u0131nda ge\u00e7i\u015f yapabilir veya hoparl\u00f6r\u00fc a\u00e7\u0131p kapatabilirsiniz. Ayr\u0131ca mikrofon deste\u011fi sayesinde sesli konu\u015fmalar veya anonslar i\u00e7in de kullan\u0131labilir. Hem evde hem de ofiste m\u00fczik dinleme keyfini farkl\u0131 fonksiyonlar\u0131yla zenginle\u015ftirerek, modern ihtiya\u00e7lar\u0131n\u0131z\u0131 kar\u015f\u0131layan ideal bir \u00e7\u00f6z\u00fcm sunar.<\/p>\n","protected":false},"excerpt":{"rendered":"<p>Hoparl\u00f6r, Bluetooth deste\u011fi sayesinde kablosuz ba\u011flant\u0131 kurarak 15 metreye kadar \u00e7ekim mesafesi sunar. USB, SD kart, Micro SD kart ve AUX giri\u015fleri gibi \u00e7e\u015fitli ba\u011flant\u0131 se\u00e7enekleriyle \u00e7ok y\u00f6nl\u00fc kullan\u0131m imkan\u0131 sa\u011flar. FM radyo \u00f6zelli\u011fi, sevdi\u011finiz yay\u0131nlar\u0131 kolayca takip etmenizi sa\u011flarken, medya kontrol tu\u015flar\u0131 arac\u0131l\u0131\u011f\u0131yla \u015fark\u0131lar aras\u0131nda ge\u00e7i\u015f yapabilir veya hoparl\u00f6r\u00fc a\u00e7\u0131p kapatabilirsiniz. Ayr\u0131ca mikrofon deste\u011fi&#8230;<\/p>\n","protected":false},"featured_media":109941,"comment_status":"open","ping_status":"closed","template":"","meta":{"_kad_post_transparent":"","_kad_post_title":"","_kad_post_layout":"","_kad_post_sidebar_id":"","_kad_post_content_style":"","_kad_post_vertical_padding":"","_kad_post_feature":"","_kad_post_feature_position":"","_kad_post_header":false,"_kad_post_footer":false,"_kad_post_classname":""},"product_brand":[],"product_cat":[14929],"product_tag":[],"class_list":{"0":"post-109942","1":"product","2":"type-product","3":"status-publish","4":"has-post-thumbnail","6":"product_cat-muzik-sistemi-muzik-sistemi","8":"first","9":"instock","10":"purchasable","11":"product-type-simple","12":"entry","13":"content-bg","14":"loop-entry"},"_links":{"self":[{"href":"https:\/\/www.hediyepazar.com\/index.php?rest_route=\/wp\/v2\/product\/109942","targetHints":{"allow":["GET"]}}],"collection":[{"href":"https:\/\/www.hediyepazar.com\/index.php?rest_route=\/wp\/v2\/product"}],"about":[{"href":"https:\/\/www.hediyepazar.com\/index.php?rest_route=\/wp\/v2\/types\/product"}],"replies":[{"embeddable":true,"href":"https:\/\/www.hediyepazar.com\/index.php?rest_route=%2Fwp%2Fv2%2Fcomments&post=109942"}],"wp:featuredmedia":[{"embeddable":true,"href":"https:\/\/www.hediyepazar.com\/index.php?rest_route=\/wp\/v2\/media\/109941"}],"wp:attachment":[{"href":"https:\/\/www.hediyepazar.com\/index.php?rest_route=%2Fwp%2Fv2%2Fmedia&parent=109942"}],"wp:term":[{"taxonomy":"product_brand","embeddable":true,"href":"https:\/\/www.hediyepazar.com\/index.php?rest_route=%2Fwp%2Fv2%2Fproduct_brand&post=109942"},{"taxonomy":"product_cat","embeddable":true,"href":"https:\/\/www.hediyepazar.com\/index.php?rest_route=%2Fwp%2Fv2%2Fproduct_cat&post=109942"},{"taxonomy":"product_tag","embeddable":true,"href":"https:\/\/www.hediyepazar.com\/index.php?rest_route=%2Fwp%2Fv2%2Fproduct_tag&post=109942"}],"curies":[{"name":"wp","href":"https:\/\/api.w.org\/{rel}","templated":true}]}}