{"id":109950,"date":"2026-05-05T03:35:20","date_gmt":"2026-05-05T06:35:20","guid":{"rendered":"https:\/\/www.hediyepazar.com\/?product=5000-mah-ios-uyumlu-magsafe-kablosuz-sarj-hizli-sarj-destegi"},"modified":"2026-05-05T03:35:20","modified_gmt":"2026-05-05T06:35:20","slug":"5000-mah-ios-uyumlu-magsafe-kablosuz-sarj-hizli-sarj-destegi","status":"publish","type":"product","link":"https:\/\/www.hediyepazar.com\/?product=5000-mah-ios-uyumlu-magsafe-kablosuz-sarj-hizli-sarj-destegi","title":{"rendered":"5000 Mah \u0130OS Uyumlu Magsafe Kablosuz \u015earj H\u0131zl\u0131 \u015earj Deste\u011fi"},"content":{"rendered":"<p>MagSafe Battery Pack, kullan\u0131c\u0131 dostu kompakt tasar\u0131m\u0131 sayesinde hareket halindeyken \u015farj i\u015flemini kolayla\u015ft\u0131r\u0131r.Bu \u00f6zellik, cihaz\u0131n\u0131z\u0131n hareket ederken bile yerinden oynamamas\u0131n\u0131 sa\u011flar. Ayr\u0131ca, batarya cihaz\u0131n\u0131za ba\u011fland\u0131\u011f\u0131 anda otomatik olarak \u015farj etmeye ba\u015flar. B\u00f6ylece a\u00e7ma kapama d\u00fc\u011fmesiyle u\u011fra\u015fman\u0131za gerek kalmaz. \u00dcstelik kredi kartlar\u0131n\u0131z\u0131n veya uzaktan kumandal\u0131 anahtarlar\u0131n\u0131z\u0131n \u00e7al\u0131\u015fmas\u0131n\u0131 engellemeyen bir yap\u0131ya sahiptir. Bu sayede, g\u00fcndelik ya\u015fam\u0131n\u0131za kesintisiz devam ederken cihaz\u0131n\u0131z\u0131 \u015farj edebilirsiniz.H\u0131zl\u0131 ve G\u00fc\u00e7l\u00fc \u015earj Deste\u011fiMagSafe Battery Pack, daha h\u0131zl\u0131 \u015farj imkan\u0131 sunan yenilik\u00e7i bir tasar\u0131ma sahiptir. 27 W veya daha g\u00fc\u00e7l\u00fc bir \u015farj cihaz\u0131yla kullan\u0131ld\u0131\u011f\u0131nda, bataryan\u0131n dolum s\u00fcresi k\u0131sal\u0131r ve daha h\u0131zl\u0131 bir \u015farj deneyimi elde edersiniz. Ayr\u0131ca, Lightning kablosunu takt\u0131\u011f\u0131n\u0131zda, cihaz\u0131n\u0131z\u0131 kablosuz \u015farj ayg\u0131t\u0131na d\u00f6n\u00fc\u015ft\u00fcrerek 15 W\u2019a kadar kablosuz \u015farj imkan\u0131 sa\u011flar. Bu \u00f6zelli\u011fi, hem batarya dolumunda hem de cihazlar\u0131n\u0131z\u0131 \u015farj etmede \u00e7ift tarafl\u0131 kullan\u0131m kolayl\u0131\u011f\u0131 sunar. \u015earj cihaz\u0131n\u0131z\u0131 yan\u0131n\u0131zda ta\u015f\u0131man\u0131za gerek kalmadan, MagSafe Battery Pack\u2019i sadece Lightning kablosuyla kullanarak \u015farj i\u015fleminizi ger\u00e7ekle\u015ftirebilirsiniz.Kompakt ve Ta\u015f\u0131nabilir Tasar\u0131mMagSafe Battery Pack, ince ve hafif tasar\u0131m\u0131yla her yerde yan\u0131n\u0131zda ta\u015f\u0131yabilece\u011finiz bir \u015farj \u00e7\u00f6z\u00fcm\u00fc sunar. \u00c7antan\u0131za veya cebinize kolayca s\u0131\u011facak kadar kompakt olan bu \u00fcr\u00fcn, g\u00fcnl\u00fck kullan\u0131mda maksimum ta\u015f\u0131nabilirlik sa\u011flar. Pil kapasitesi ve g\u00fcvenilir ba\u011flant\u0131s\u0131yla, uzun yolculuklar s\u0131ras\u0131nda ya da yo\u011fun bir g\u00fcn i\u00e7inde telefonunuzu \u015farj etmek i\u00e7in ideal bir tercihtir. Ayn\u0131 zamanda MagSafe teknolojisinin g\u00fcvenilirli\u011fini ve sa\u011flaml\u0131\u011f\u0131n\u0131 sunarak cihaz\u0131n\u0131z\u0131 g\u00fcvenle kullanman\u0131za olanak tan\u0131r. Bu \u00f6zellikleri sayesinde MagSafe Battery Pack, g\u00fcnl\u00fck ya\u015fam\u0131n temposuna ayak uydurabilecek, \u015f\u0131k ve i\u015flevsel bir \u015farj cihaz\u0131d\u0131r.<\/p>\n","protected":false},"excerpt":{"rendered":"<p>MagSafe Battery Pack, kullan\u0131c\u0131 dostu kompakt tasar\u0131m\u0131 sayesinde hareket halindeyken \u015farj i\u015flemini kolayla\u015ft\u0131r\u0131r.Bu \u00f6zellik, cihaz\u0131n\u0131z\u0131n hareket ederken bile yerinden oynamamas\u0131n\u0131 sa\u011flar. Ayr\u0131ca, batarya cihaz\u0131n\u0131za ba\u011fland\u0131\u011f\u0131 anda otomatik olarak \u015farj etmeye ba\u015flar. B\u00f6ylece a\u00e7ma kapama d\u00fc\u011fmesiyle u\u011fra\u015fman\u0131za gerek kalmaz. \u00dcstelik kredi kartlar\u0131n\u0131z\u0131n veya uzaktan kumandal\u0131 anahtarlar\u0131n\u0131z\u0131n \u00e7al\u0131\u015fmas\u0131n\u0131 engellemeyen bir yap\u0131ya sahiptir. Bu sayede, g\u00fcndelik ya\u015fam\u0131n\u0131za kesintisiz&#8230;<\/p>\n","protected":false},"featured_media":109949,"comment_status":"open","ping_status":"closed","template":"","meta":{"_kad_post_transparent":"","_kad_post_title":"","_kad_post_layout":"","_kad_post_sidebar_id":"","_kad_post_content_style":"","_kad_post_vertical_padding":"","_kad_post_feature":"","_kad_post_feature_position":"","_kad_post_header":false,"_kad_post_footer":false,"_kad_post_classname":""},"product_brand":[],"product_cat":[14937],"product_tag":[],"class_list":{"0":"post-109950","1":"product","2":"type-product","3":"status-publish","4":"has-post-thumbnail","6":"product_cat-powerbank-powerbank-2","8":"first","9":"instock","10":"purchasable","11":"product-type-simple","12":"entry","13":"content-bg","14":"loop-entry"},"_links":{"self":[{"href":"https:\/\/www.hediyepazar.com\/index.php?rest_route=\/wp\/v2\/product\/109950","targetHints":{"allow":["GET"]}}],"collection":[{"href":"https:\/\/www.hediyepazar.com\/index.php?rest_route=\/wp\/v2\/product"}],"about":[{"href":"https:\/\/www.hediyepazar.com\/index.php?rest_route=\/wp\/v2\/types\/product"}],"replies":[{"embeddable":true,"href":"https:\/\/www.hediyepazar.com\/index.php?rest_route=%2Fwp%2Fv2%2Fcomments&post=109950"}],"wp:featuredmedia":[{"embeddable":true,"href":"https:\/\/www.hediyepazar.com\/index.php?rest_route=\/wp\/v2\/media\/109949"}],"wp:attachment":[{"href":"https:\/\/www.hediyepazar.com\/index.php?rest_route=%2Fwp%2Fv2%2Fmedia&parent=109950"}],"wp:term":[{"taxonomy":"product_brand","embeddable":true,"href":"https:\/\/www.hediyepazar.com\/index.php?rest_route=%2Fwp%2Fv2%2Fproduct_brand&post=109950"},{"taxonomy":"product_cat","embeddable":true,"href":"https:\/\/www.hediyepazar.com\/index.php?rest_route=%2Fwp%2Fv2%2Fproduct_cat&post=109950"},{"taxonomy":"product_tag","embeddable":true,"href":"https:\/\/www.hediyepazar.com\/index.php?rest_route=%2Fwp%2Fv2%2Fproduct_tag&post=109950"}],"curies":[{"name":"wp","href":"https:\/\/api.w.org\/{rel}","templated":true}]}}