{"id":109952,"date":"2026-05-05T03:35:59","date_gmt":"2026-05-05T06:35:59","guid":{"rendered":"https:\/\/www.hediyepazar.com\/?product=guvenlik-kamerasi-wifi-kamera-duylu-ev-kamerasi-wifi-baglantili-donebilen"},"modified":"2026-05-05T03:35:59","modified_gmt":"2026-05-05T06:35:59","slug":"guvenlik-kamerasi-wifi-kamera-duylu-ev-kamerasi-wifi-baglantili-donebilen","status":"publish","type":"product","link":"https:\/\/www.hediyepazar.com\/?product=guvenlik-kamerasi-wifi-kamera-duylu-ev-kamerasi-wifi-baglantili-donebilen","title":{"rendered":"G\u00fcvenlik Kameras\u0131 Wifi Kamera Duylu Ev Kameras\u0131 Wifi Ba\u011flant\u0131l\u0131 D\u00f6nebilen"},"content":{"rendered":"<p>WiFi ba\u011flant\u0131 deste\u011fi ile bu ak\u0131ll\u0131 kamera, kablosuz internet \u00fczerinden g\u00f6r\u00fcnt\u00fcleri aktararak herhangi bir kablo karma\u015fas\u0131na son verir. Ak\u0131ll\u0131 telefon ya da tabletinize indirilen uygulama arac\u0131l\u0131\u011f\u0131yla, kameray\u0131 diledi\u011finiz yerden kontrol edebilir, g\u00f6r\u00fcnt\u00fcleri ger\u00e7ek zamanl\u0131 olarak izleyebilirsiniz. Bu \u00f6zellik, \u00f6zellikle ev d\u0131\u015f\u0131nda oldu\u011funuzda g\u00fcvenli\u011fi izlemek isteyen kullan\u0131c\u0131lar i\u00e7in m\u00fckemmel bir \u00e7\u00f6z\u00fcmd\u00fcr. WiFi \u00f6zelli\u011fi, internet \u00fczerinden video ak\u0131\u015f\u0131 sa\u011flayarak g\u00f6r\u00fcnt\u00fclerinizi uzaktan takip etmenize imkan verir. Ayr\u0131ca, kameran\u0131n kurulumunun son derece kolay oldu\u011funu da belirtmek gerekir. E27 duy tipi ile tasarlanm\u0131\u015f olan bu g\u00fcvenlik kameras\u0131, herhangi bir ampul yuvas\u0131na kolayca tak\u0131labilir, b\u00f6ylece kablolarla u\u011fra\u015fmak zorunda kalmazs\u0131n\u0131z. Karma\u015f\u0131k kurulum gereksinimleri olmadan, sadece birka\u00e7 basit ad\u0131mda kameran\u0131z\u0131 yerle\u015ftirip \u00e7al\u0131\u015ft\u0131rabilirsiniz. Bu sayede herkesin rahatl\u0131kla kullanabilece\u011fi ve k\u0131sa s\u00fcre i\u00e7inde kurulumu tamamlanabilen bir g\u00fcvenlik \u00e7\u00f6z\u00fcm\u00fc sunulmu\u015f olur. Ayr\u0131ca, kamera SD kart deste\u011fi sayesinde kay\u0131t yapabilir, ge\u00e7mi\u015fteki g\u00f6r\u00fcnt\u00fclere kolayca eri\u015febilirsiniz. Bu \u00f6zellik, g\u00f6r\u00fcnt\u00fclerinizi uzun s\u00fcre boyunca saklayarak gerekti\u011finde tekrar izleme imkan\u0131 tan\u0131r.<\/p>\n","protected":false},"excerpt":{"rendered":"<p>WiFi ba\u011flant\u0131 deste\u011fi ile bu ak\u0131ll\u0131 kamera, kablosuz internet \u00fczerinden g\u00f6r\u00fcnt\u00fcleri aktararak herhangi bir kablo karma\u015fas\u0131na son verir. Ak\u0131ll\u0131 telefon ya da tabletinize indirilen uygulama arac\u0131l\u0131\u011f\u0131yla, kameray\u0131 diledi\u011finiz yerden kontrol edebilir, g\u00f6r\u00fcnt\u00fcleri ger\u00e7ek zamanl\u0131 olarak izleyebilirsiniz. Bu \u00f6zellik, \u00f6zellikle ev d\u0131\u015f\u0131nda oldu\u011funuzda g\u00fcvenli\u011fi izlemek isteyen kullan\u0131c\u0131lar i\u00e7in m\u00fckemmel bir \u00e7\u00f6z\u00fcmd\u00fcr. WiFi \u00f6zelli\u011fi, internet \u00fczerinden video&#8230;<\/p>\n","protected":false},"featured_media":109951,"comment_status":"open","ping_status":"closed","template":"","meta":{"_kad_post_transparent":"","_kad_post_title":"","_kad_post_layout":"","_kad_post_sidebar_id":"","_kad_post_content_style":"","_kad_post_vertical_padding":"","_kad_post_feature":"","_kad_post_feature_position":"","_kad_post_header":false,"_kad_post_footer":false,"_kad_post_classname":""},"product_brand":[],"product_cat":[14985],"product_tag":[],"class_list":{"0":"post-109952","1":"product","2":"type-product","3":"status-publish","4":"has-post-thumbnail","6":"product_cat-akilli-guvenlik-urunu-akilli-guvenlik-urunu","8":"first","9":"instock","10":"purchasable","11":"product-type-simple","12":"entry","13":"content-bg","14":"loop-entry"},"_links":{"self":[{"href":"https:\/\/www.hediyepazar.com\/index.php?rest_route=\/wp\/v2\/product\/109952","targetHints":{"allow":["GET"]}}],"collection":[{"href":"https:\/\/www.hediyepazar.com\/index.php?rest_route=\/wp\/v2\/product"}],"about":[{"href":"https:\/\/www.hediyepazar.com\/index.php?rest_route=\/wp\/v2\/types\/product"}],"replies":[{"embeddable":true,"href":"https:\/\/www.hediyepazar.com\/index.php?rest_route=%2Fwp%2Fv2%2Fcomments&post=109952"}],"wp:featuredmedia":[{"embeddable":true,"href":"https:\/\/www.hediyepazar.com\/index.php?rest_route=\/wp\/v2\/media\/109951"}],"wp:attachment":[{"href":"https:\/\/www.hediyepazar.com\/index.php?rest_route=%2Fwp%2Fv2%2Fmedia&parent=109952"}],"wp:term":[{"taxonomy":"product_brand","embeddable":true,"href":"https:\/\/www.hediyepazar.com\/index.php?rest_route=%2Fwp%2Fv2%2Fproduct_brand&post=109952"},{"taxonomy":"product_cat","embeddable":true,"href":"https:\/\/www.hediyepazar.com\/index.php?rest_route=%2Fwp%2Fv2%2Fproduct_cat&post=109952"},{"taxonomy":"product_tag","embeddable":true,"href":"https:\/\/www.hediyepazar.com\/index.php?rest_route=%2Fwp%2Fv2%2Fproduct_tag&post=109952"}],"curies":[{"name":"wp","href":"https:\/\/api.w.org\/{rel}","templated":true}]}}