{"id":109958,"date":"2026-05-05T03:36:12","date_gmt":"2026-05-05T06:36:12","guid":{"rendered":"https:\/\/www.hediyepazar.com\/?product=sarjli-projeksiyon-oyun-sinema-projektoru-4k-hd-goruntu-kaliteli"},"modified":"2026-05-05T03:36:12","modified_gmt":"2026-05-05T06:36:12","slug":"sarjli-projeksiyon-oyun-sinema-projektoru-4k-hd-goruntu-kaliteli","status":"publish","type":"product","link":"https:\/\/www.hediyepazar.com\/?product=sarjli-projeksiyon-oyun-sinema-projektoru-4k-hd-goruntu-kaliteli","title":{"rendered":"\u015earjl\u0131 Projeksiyon Oyun Sinema Projekt\u00f6r\u00fc 4K HD G\u00f6r\u00fcnt\u00fc Kaliteli"},"content":{"rendered":"<p>Evde sinema deneyimini bir \u00fcst seviyeye ta\u015f\u0131mak i\u00e7in tasarlanm\u0131\u015f bu projeksiyon cihaz\u0131, 1280 x 720p \u00e7\u00f6z\u00fcn\u00fcrl\u00fck sunarak size net, canl\u0131 ve y\u00fcksek kaliteli g\u00f6r\u00fcnt\u00fcler sunar. Film izlerken, ma\u00e7lar\u0131 izlerken veya oyun oynarken her ayr\u0131nt\u0131y\u0131 g\u00f6z al\u0131c\u0131 bir \u015fekilde g\u00f6rebilirsiniz. Bu projeksiyon cihaz\u0131, geni\u015f ekran \u00e7\u00f6z\u00fcn\u00fcrl\u00fc\u011f\u00fc ile geni\u015f bir alan\u0131 kolayca ayd\u0131nlatabilir ve izleme deneyimini sinema salonu hissine d\u00f6n\u00fc\u015ft\u00fcr\u00fcr. 10.000 saatlik ampul \u00f6mr\u00fc sayesinde uzun s\u00fcreli kullan\u0131m sunarak, s\u0131k s\u0131k ampul de\u011fi\u015ftirme zahmetinden kurtulursunuz. Bu uzun \u00f6m\u00fcrl\u00fc ampul, evde kullan\u0131rken maliyetleri de azalt\u0131r, \u00e7\u00fcnk\u00fc daha az bak\u0131m gerektirir ve daha az enerji t\u00fcketir.<\/p>\n","protected":false},"excerpt":{"rendered":"<p>Evde sinema deneyimini bir \u00fcst seviyeye ta\u015f\u0131mak i\u00e7in tasarlanm\u0131\u015f bu projeksiyon cihaz\u0131, 1280 x 720p \u00e7\u00f6z\u00fcn\u00fcrl\u00fck sunarak size net, canl\u0131 ve y\u00fcksek kaliteli g\u00f6r\u00fcnt\u00fcler sunar. Film izlerken, ma\u00e7lar\u0131 izlerken veya oyun oynarken her ayr\u0131nt\u0131y\u0131 g\u00f6z al\u0131c\u0131 bir \u015fekilde g\u00f6rebilirsiniz. Bu projeksiyon cihaz\u0131, geni\u015f ekran \u00e7\u00f6z\u00fcn\u00fcrl\u00fc\u011f\u00fc ile geni\u015f bir alan\u0131 kolayca ayd\u0131nlatabilir ve izleme deneyimini sinema&#8230;<\/p>\n","protected":false},"featured_media":109957,"comment_status":"open","ping_status":"closed","template":"","meta":{"_kad_post_transparent":"","_kad_post_title":"","_kad_post_layout":"","_kad_post_sidebar_id":"","_kad_post_content_style":"","_kad_post_vertical_padding":"","_kad_post_feature":"","_kad_post_feature_position":"","_kad_post_header":false,"_kad_post_footer":false,"_kad_post_classname":""},"product_brand":[],"product_cat":[14905],"product_tag":[],"class_list":{"0":"post-109958","1":"product","2":"type-product","3":"status-publish","4":"has-post-thumbnail","6":"product_cat-projeksiyon-projeksiyon","8":"first","9":"instock","10":"purchasable","11":"product-type-simple","12":"entry","13":"content-bg","14":"loop-entry"},"_links":{"self":[{"href":"https:\/\/www.hediyepazar.com\/index.php?rest_route=\/wp\/v2\/product\/109958","targetHints":{"allow":["GET"]}}],"collection":[{"href":"https:\/\/www.hediyepazar.com\/index.php?rest_route=\/wp\/v2\/product"}],"about":[{"href":"https:\/\/www.hediyepazar.com\/index.php?rest_route=\/wp\/v2\/types\/product"}],"replies":[{"embeddable":true,"href":"https:\/\/www.hediyepazar.com\/index.php?rest_route=%2Fwp%2Fv2%2Fcomments&post=109958"}],"wp:featuredmedia":[{"embeddable":true,"href":"https:\/\/www.hediyepazar.com\/index.php?rest_route=\/wp\/v2\/media\/109957"}],"wp:attachment":[{"href":"https:\/\/www.hediyepazar.com\/index.php?rest_route=%2Fwp%2Fv2%2Fmedia&parent=109958"}],"wp:term":[{"taxonomy":"product_brand","embeddable":true,"href":"https:\/\/www.hediyepazar.com\/index.php?rest_route=%2Fwp%2Fv2%2Fproduct_brand&post=109958"},{"taxonomy":"product_cat","embeddable":true,"href":"https:\/\/www.hediyepazar.com\/index.php?rest_route=%2Fwp%2Fv2%2Fproduct_cat&post=109958"},{"taxonomy":"product_tag","embeddable":true,"href":"https:\/\/www.hediyepazar.com\/index.php?rest_route=%2Fwp%2Fv2%2Fproduct_tag&post=109958"}],"curies":[{"name":"wp","href":"https:\/\/api.w.org\/{rel}","templated":true}]}}