{"id":109974,"date":"2026-05-05T03:37:19","date_gmt":"2026-05-05T06:37:19","guid":{"rendered":"https:\/\/www.hediyepazar.com\/?product=dual-band-wifi-alici-adaptor-usb-3-0-destekli"},"modified":"2026-05-05T03:37:19","modified_gmt":"2026-05-05T06:37:19","slug":"dual-band-wifi-alici-adaptor-usb-3-0-destekli","status":"publish","type":"product","link":"https:\/\/www.hediyepazar.com\/?product=dual-band-wifi-alici-adaptor-usb-3-0-destekli","title":{"rendered":"Dual Band Wifi Al\u0131c\u0131 Adapt\u00f6r USB 3.0 Destekli"},"content":{"rendered":"<p>Dual Band USB Wifi Adapt\u00f6r, \u00e7ift bant teknolojisiyle 2.4 GHz ve 5.8 GHz frekanslar\u0131nda \u00e7al\u0131\u015farak, 1200 Mbps\u2019ye kadar kablosuz h\u0131z sunar. Geni\u015f bant se\u00e7ene\u011fi sayesinde yo\u011fun internet kullan\u0131m\u0131 gerektiren oyun, HD video ak\u0131\u015f\u0131 ve dosya indirme gibi aktivitelerde m\u00fckemmel performans sa\u011flar.Windows 10\/8\/7\/Vista\/XP\/2000 ve Mac OS X 10.15 gibi geni\u015f bir i\u015fletim sistemi uyumlulu\u011funa sahip olan bu adapt\u00f6r, eski ve yeni cihazlar\u0131n\u0131zla kolayl\u0131kla entegre olur. \u00c7ift antenli yap\u0131s\u0131, geni\u015f bir sinyal kapsama alan\u0131 ve stabil bir ba\u011flant\u0131 sunarak zay\u0131f sinyal b\u00f6lgelerinde bile g\u00fc\u00e7l\u00fc bir a\u011f ba\u011flant\u0131s\u0131 sa\u011flar.USB 3.0 deste\u011fi, y\u00fcksek h\u0131zl\u0131 veri aktar\u0131m\u0131yla zaman tasarrufu sa\u011flarken, adapt\u00f6r\u00fcn kompakt tasar\u0131m\u0131 kolay ta\u015f\u0131nabilirlik sunar. Ultratekno Wifi Adapt\u00f6r, g\u00fc\u00e7l\u00fc, h\u0131zl\u0131 ve kesintisiz bir internet deneyimi arayanlar i\u00e7in ideal bir \u00e7\u00f6z\u00fcm sunar.<\/p>\n","protected":false},"excerpt":{"rendered":"<p>Dual Band USB Wifi Adapt\u00f6r, \u00e7ift bant teknolojisiyle 2.4 GHz ve 5.8 GHz frekanslar\u0131nda \u00e7al\u0131\u015farak, 1200 Mbps\u2019ye kadar kablosuz h\u0131z sunar. Geni\u015f bant se\u00e7ene\u011fi sayesinde yo\u011fun internet kullan\u0131m\u0131 gerektiren oyun, HD video ak\u0131\u015f\u0131 ve dosya indirme gibi aktivitelerde m\u00fckemmel performans sa\u011flar.Windows 10\/8\/7\/Vista\/XP\/2000 ve Mac OS X 10.15 gibi geni\u015f bir i\u015fletim sistemi uyumlulu\u011funa sahip olan&#8230;<\/p>\n","protected":false},"featured_media":109973,"comment_status":"open","ping_status":"closed","template":"","meta":{"_kad_post_transparent":"","_kad_post_title":"","_kad_post_layout":"","_kad_post_sidebar_id":"","_kad_post_content_style":"","_kad_post_vertical_padding":"","_kad_post_feature":"","_kad_post_feature_position":"","_kad_post_header":false,"_kad_post_footer":false,"_kad_post_classname":""},"product_brand":[],"product_cat":[14989],"product_tag":[],"class_list":{"0":"post-109974","1":"product","2":"type-product","3":"status-publish","4":"has-post-thumbnail","6":"product_cat-wireless-adaptor-wireless-adaptor","8":"first","9":"instock","10":"purchasable","11":"product-type-simple","12":"entry","13":"content-bg","14":"loop-entry"},"_links":{"self":[{"href":"https:\/\/www.hediyepazar.com\/index.php?rest_route=\/wp\/v2\/product\/109974","targetHints":{"allow":["GET"]}}],"collection":[{"href":"https:\/\/www.hediyepazar.com\/index.php?rest_route=\/wp\/v2\/product"}],"about":[{"href":"https:\/\/www.hediyepazar.com\/index.php?rest_route=\/wp\/v2\/types\/product"}],"replies":[{"embeddable":true,"href":"https:\/\/www.hediyepazar.com\/index.php?rest_route=%2Fwp%2Fv2%2Fcomments&post=109974"}],"wp:featuredmedia":[{"embeddable":true,"href":"https:\/\/www.hediyepazar.com\/index.php?rest_route=\/wp\/v2\/media\/109973"}],"wp:attachment":[{"href":"https:\/\/www.hediyepazar.com\/index.php?rest_route=%2Fwp%2Fv2%2Fmedia&parent=109974"}],"wp:term":[{"taxonomy":"product_brand","embeddable":true,"href":"https:\/\/www.hediyepazar.com\/index.php?rest_route=%2Fwp%2Fv2%2Fproduct_brand&post=109974"},{"taxonomy":"product_cat","embeddable":true,"href":"https:\/\/www.hediyepazar.com\/index.php?rest_route=%2Fwp%2Fv2%2Fproduct_cat&post=109974"},{"taxonomy":"product_tag","embeddable":true,"href":"https:\/\/www.hediyepazar.com\/index.php?rest_route=%2Fwp%2Fv2%2Fproduct_tag&post=109974"}],"curies":[{"name":"wp","href":"https:\/\/api.w.org\/{rel}","templated":true}]}}