{"id":109976,"date":"2026-05-05T03:37:57","date_gmt":"2026-05-05T06:37:57","guid":{"rendered":"https:\/\/www.hediyepazar.com\/?product=wifi-alici-wifi-adaptoru-usb-girisli-3-0"},"modified":"2026-05-05T03:37:57","modified_gmt":"2026-05-05T06:37:57","slug":"wifi-alici-wifi-adaptoru-usb-girisli-3-0","status":"publish","type":"product","link":"https:\/\/www.hediyepazar.com\/?product=wifi-alici-wifi-adaptoru-usb-girisli-3-0","title":{"rendered":"Wifi Al\u0131c\u0131 Wifi Adapt\u00f6r\u00fc USB Giri\u015fli 3.0"},"content":{"rendered":"<p>Wifi Al\u0131c\u0131 Adapt\u00f6r, 1200 Mbps\u2019ye kadar h\u0131z sunarak internet deneyiminizi bir \u00fcst seviyeye ta\u015f\u0131r. \u00c7ift bant teknolojisi sayesinde 2.4 GHz ve 5.8 GHz frekanslar\u0131nda \u00e7al\u0131\u015farak, yo\u011fun kullan\u0131m senaryolar\u0131nda bile \u00fcst\u00fcn performans sa\u011flar.Windows ve Mac i\u015fletim sistemleriyle tam uyumlulu\u011fu sayesinde, eski ve yeni t\u00fcm cihazlar\u0131n\u0131zda sorunsuz kullan\u0131m imkan\u0131 tan\u0131r. \u00c7ift antenli tasar\u0131m\u0131, daha geni\u015f bir menzil ve daha stabil bir ba\u011flant\u0131 sunarak zay\u0131f sinyal alan yerlerde bile y\u00fcksek performans g\u00f6sterir.USB 3.0 deste\u011fi, h\u0131zl\u0131 veri transferi sa\u011flayarak dosya y\u00fckleme ve payla\u015f\u0131m i\u015flemlerini kolayla\u015ft\u0131r\u0131r. Dual Band USB Adapt\u00f6r, hem oyun hem de i\u015f i\u00e7in g\u00fc\u00e7l\u00fc ve g\u00fcvenilir bir kablosuz a\u011f \u00e7\u00f6z\u00fcm\u00fc arayanlar i\u00e7in m\u00fckemmel bir se\u00e7imdir!<\/p>\n","protected":false},"excerpt":{"rendered":"<p>Wifi Al\u0131c\u0131 Adapt\u00f6r, 1200 Mbps\u2019ye kadar h\u0131z sunarak internet deneyiminizi bir \u00fcst seviyeye ta\u015f\u0131r. \u00c7ift bant teknolojisi sayesinde 2.4 GHz ve 5.8 GHz frekanslar\u0131nda \u00e7al\u0131\u015farak, yo\u011fun kullan\u0131m senaryolar\u0131nda bile \u00fcst\u00fcn performans sa\u011flar.Windows ve Mac i\u015fletim sistemleriyle tam uyumlulu\u011fu sayesinde, eski ve yeni t\u00fcm cihazlar\u0131n\u0131zda sorunsuz kullan\u0131m imkan\u0131 tan\u0131r. \u00c7ift antenli tasar\u0131m\u0131, daha geni\u015f bir menzil&#8230;<\/p>\n","protected":false},"featured_media":109975,"comment_status":"open","ping_status":"closed","template":"","meta":{"_kad_post_transparent":"","_kad_post_title":"","_kad_post_layout":"","_kad_post_sidebar_id":"","_kad_post_content_style":"","_kad_post_vertical_padding":"","_kad_post_feature":"","_kad_post_feature_position":"","_kad_post_header":false,"_kad_post_footer":false,"_kad_post_classname":""},"product_brand":[],"product_cat":[14989],"product_tag":[],"class_list":{"0":"post-109976","1":"product","2":"type-product","3":"status-publish","4":"has-post-thumbnail","6":"product_cat-wireless-adaptor-wireless-adaptor","8":"first","9":"instock","10":"purchasable","11":"product-type-simple","12":"entry","13":"content-bg","14":"loop-entry"},"_links":{"self":[{"href":"https:\/\/www.hediyepazar.com\/index.php?rest_route=\/wp\/v2\/product\/109976","targetHints":{"allow":["GET"]}}],"collection":[{"href":"https:\/\/www.hediyepazar.com\/index.php?rest_route=\/wp\/v2\/product"}],"about":[{"href":"https:\/\/www.hediyepazar.com\/index.php?rest_route=\/wp\/v2\/types\/product"}],"replies":[{"embeddable":true,"href":"https:\/\/www.hediyepazar.com\/index.php?rest_route=%2Fwp%2Fv2%2Fcomments&post=109976"}],"wp:featuredmedia":[{"embeddable":true,"href":"https:\/\/www.hediyepazar.com\/index.php?rest_route=\/wp\/v2\/media\/109975"}],"wp:attachment":[{"href":"https:\/\/www.hediyepazar.com\/index.php?rest_route=%2Fwp%2Fv2%2Fmedia&parent=109976"}],"wp:term":[{"taxonomy":"product_brand","embeddable":true,"href":"https:\/\/www.hediyepazar.com\/index.php?rest_route=%2Fwp%2Fv2%2Fproduct_brand&post=109976"},{"taxonomy":"product_cat","embeddable":true,"href":"https:\/\/www.hediyepazar.com\/index.php?rest_route=%2Fwp%2Fv2%2Fproduct_cat&post=109976"},{"taxonomy":"product_tag","embeddable":true,"href":"https:\/\/www.hediyepazar.com\/index.php?rest_route=%2Fwp%2Fv2%2Fproduct_tag&post=109976"}],"curies":[{"name":"wp","href":"https:\/\/api.w.org\/{rel}","templated":true}]}}