{"id":109978,"date":"2026-05-05T03:38:01","date_gmt":"2026-05-05T06:38:01","guid":{"rendered":"https:\/\/www.hediyepazar.com\/?product=wifi-adaptor-cift-bantli-kablosuz-wifi-adaptoru"},"modified":"2026-05-05T03:38:01","modified_gmt":"2026-05-05T06:38:01","slug":"wifi-adaptor-cift-bantli-kablosuz-wifi-adaptoru","status":"publish","type":"product","link":"https:\/\/www.hediyepazar.com\/?product=wifi-adaptor-cift-bantli-kablosuz-wifi-adaptoru","title":{"rendered":"Wifi Adapt\u00f6r \u00c7ift Bantl\u0131 Kablosuz Wifi Adapt\u00f6r\u00fc"},"content":{"rendered":"<p>Dual Band USB Wifi Adapt\u00f6r, g\u00fc\u00e7l\u00fc anten tasar\u0131m\u0131 ve y\u00fcksek uyumlulu\u011fuyla kullan\u0131c\u0131lar\u0131na h\u0131zl\u0131 ve g\u00fcvenilir bir internet deneyimi sunar. \u00c7ift bant teknolojisiyle 2.4 GHz ve 5.8 GHz frekanslar\u0131nda \u00e7al\u0131\u015farak, yo\u011fun internet aktivitelerinde (HD video izleme, oyun oynama, dosya indirme) 1200 Mbps\u2019ye kadar h\u0131z sa\u011flar.Windows 10\/8\/7\/Vista\/XP\/2000 ve Mac OS X 10.15 i\u015fletim sistemleriyle uyumlu bu adapt\u00f6r, eski ve yeni bilgisayarlar\u0131n\u0131zda sorunsuz bir \u015fekilde \u00e7al\u0131\u015f\u0131r. \u00c7ift antenli tasar\u0131m\u0131 sayesinde geni\u015f bir menzil ve zay\u0131f sinyal b\u00f6lgelerinde bile kesintisiz ba\u011flant\u0131 sunar.USB 3.0 deste\u011fi ile veri transferini h\u0131zland\u0131rarak dosya payla\u015f\u0131m\u0131 ve y\u00fckleme s\u00fcrelerini optimize eden Ultratekno Wifi Al\u0131c\u0131, hem evde hem de i\u015f yerinde g\u00fc\u00e7l\u00fc ve stabil bir a\u011f ba\u011flant\u0131s\u0131 sa\u011flar.<\/p>\n","protected":false},"excerpt":{"rendered":"<p>Dual Band USB Wifi Adapt\u00f6r, g\u00fc\u00e7l\u00fc anten tasar\u0131m\u0131 ve y\u00fcksek uyumlulu\u011fuyla kullan\u0131c\u0131lar\u0131na h\u0131zl\u0131 ve g\u00fcvenilir bir internet deneyimi sunar. \u00c7ift bant teknolojisiyle 2.4 GHz ve 5.8 GHz frekanslar\u0131nda \u00e7al\u0131\u015farak, yo\u011fun internet aktivitelerinde (HD video izleme, oyun oynama, dosya indirme) 1200 Mbps\u2019ye kadar h\u0131z sa\u011flar.Windows 10\/8\/7\/Vista\/XP\/2000 ve Mac OS X 10.15 i\u015fletim sistemleriyle uyumlu bu adapt\u00f6r,&#8230;<\/p>\n","protected":false},"featured_media":109977,"comment_status":"open","ping_status":"closed","template":"","meta":{"_kad_post_transparent":"","_kad_post_title":"","_kad_post_layout":"","_kad_post_sidebar_id":"","_kad_post_content_style":"","_kad_post_vertical_padding":"","_kad_post_feature":"","_kad_post_feature_position":"","_kad_post_header":false,"_kad_post_footer":false,"_kad_post_classname":""},"product_brand":[],"product_cat":[14989],"product_tag":[],"class_list":{"0":"post-109978","1":"product","2":"type-product","3":"status-publish","4":"has-post-thumbnail","6":"product_cat-wireless-adaptor-wireless-adaptor","8":"first","9":"instock","10":"purchasable","11":"product-type-simple","12":"entry","13":"content-bg","14":"loop-entry"},"_links":{"self":[{"href":"https:\/\/www.hediyepazar.com\/index.php?rest_route=\/wp\/v2\/product\/109978","targetHints":{"allow":["GET"]}}],"collection":[{"href":"https:\/\/www.hediyepazar.com\/index.php?rest_route=\/wp\/v2\/product"}],"about":[{"href":"https:\/\/www.hediyepazar.com\/index.php?rest_route=\/wp\/v2\/types\/product"}],"replies":[{"embeddable":true,"href":"https:\/\/www.hediyepazar.com\/index.php?rest_route=%2Fwp%2Fv2%2Fcomments&post=109978"}],"wp:featuredmedia":[{"embeddable":true,"href":"https:\/\/www.hediyepazar.com\/index.php?rest_route=\/wp\/v2\/media\/109977"}],"wp:attachment":[{"href":"https:\/\/www.hediyepazar.com\/index.php?rest_route=%2Fwp%2Fv2%2Fmedia&parent=109978"}],"wp:term":[{"taxonomy":"product_brand","embeddable":true,"href":"https:\/\/www.hediyepazar.com\/index.php?rest_route=%2Fwp%2Fv2%2Fproduct_brand&post=109978"},{"taxonomy":"product_cat","embeddable":true,"href":"https:\/\/www.hediyepazar.com\/index.php?rest_route=%2Fwp%2Fv2%2Fproduct_cat&post=109978"},{"taxonomy":"product_tag","embeddable":true,"href":"https:\/\/www.hediyepazar.com\/index.php?rest_route=%2Fwp%2Fv2%2Fproduct_tag&post=109978"}],"curies":[{"name":"wp","href":"https:\/\/api.w.org\/{rel}","templated":true}]}}