{"id":109998,"date":"2026-05-05T03:39:22","date_gmt":"2026-05-05T06:39:22","guid":{"rendered":"https:\/\/www.hediyepazar.com\/?product=telefon-sogutucu-fanli-guclu-motor-radyotor-sogutucu"},"modified":"2026-05-05T03:39:22","modified_gmt":"2026-05-05T06:39:22","slug":"telefon-sogutucu-fanli-guclu-motor-radyotor-sogutucu","status":"publish","type":"product","link":"https:\/\/www.hediyepazar.com\/?product=telefon-sogutucu-fanli-guclu-motor-radyotor-sogutucu","title":{"rendered":"Telefon So\u011futucu Fanl\u0131 G\u00fc\u00e7l\u00fc Motor Radyot\u00f6r So\u011futucu"},"content":{"rendered":"<p>Telefon so\u011futucu fan, oyun oynarken veya yo\u011fun kullan\u0131m s\u0131ras\u0131nda cihaz\u0131n\u0131z\u0131n a\u015f\u0131r\u0131 \u0131s\u0131nmas\u0131n\u0131 \u00f6nlemek i\u00e7in \u00f6zel olarak tasarlanm\u0131\u015ft\u0131r. G\u00fc\u00e7l\u00fc fan motoru, cihaz\u0131n y\u00fczey s\u0131cakl\u0131\u011f\u0131n\u0131 h\u0131zla d\u00fc\u015f\u00fcrerek performans d\u00fc\u015f\u00fc\u015flerini engeller ve uzun s\u00fcreli kullan\u0131mda dahi kararl\u0131l\u0131\u011f\u0131 sa\u011flar. \u00d6zellikle y\u00fcksek grafik gereksinimi olan mobil oyunlar oynarken, cihaz\u0131n\u0131z\u0131n donan\u0131m\u0131n\u0131 korur ve oyun deneyiminizin kesintisiz devam etmesine olanak tan\u0131r.<\/p>\n","protected":false},"excerpt":{"rendered":"<p>Telefon so\u011futucu fan, oyun oynarken veya yo\u011fun kullan\u0131m s\u0131ras\u0131nda cihaz\u0131n\u0131z\u0131n a\u015f\u0131r\u0131 \u0131s\u0131nmas\u0131n\u0131 \u00f6nlemek i\u00e7in \u00f6zel olarak tasarlanm\u0131\u015ft\u0131r. G\u00fc\u00e7l\u00fc fan motoru, cihaz\u0131n y\u00fczey s\u0131cakl\u0131\u011f\u0131n\u0131 h\u0131zla d\u00fc\u015f\u00fcrerek performans d\u00fc\u015f\u00fc\u015flerini engeller ve uzun s\u00fcreli kullan\u0131mda dahi kararl\u0131l\u0131\u011f\u0131 sa\u011flar. \u00d6zellikle y\u00fcksek grafik gereksinimi olan mobil oyunlar oynarken, cihaz\u0131n\u0131z\u0131n donan\u0131m\u0131n\u0131 korur ve oyun deneyiminizin kesintisiz devam etmesine olanak tan\u0131r.<\/p>\n","protected":false},"featured_media":109997,"comment_status":"open","ping_status":"closed","template":"","meta":{"_kad_post_transparent":"","_kad_post_title":"","_kad_post_layout":"","_kad_post_sidebar_id":"","_kad_post_content_style":"","_kad_post_vertical_padding":"","_kad_post_feature":"","_kad_post_feature_position":"","_kad_post_header":false,"_kad_post_footer":false,"_kad_post_classname":""},"product_brand":[],"product_cat":[14991],"product_tag":[],"class_list":{"0":"post-109998","1":"product","2":"type-product","3":"status-publish","4":"has-post-thumbnail","6":"product_cat-mobil-oyun-aksesuar-mobil-oyun-aksesuar","8":"first","9":"instock","10":"purchasable","11":"product-type-simple","12":"entry","13":"content-bg","14":"loop-entry"},"_links":{"self":[{"href":"https:\/\/www.hediyepazar.com\/index.php?rest_route=\/wp\/v2\/product\/109998","targetHints":{"allow":["GET"]}}],"collection":[{"href":"https:\/\/www.hediyepazar.com\/index.php?rest_route=\/wp\/v2\/product"}],"about":[{"href":"https:\/\/www.hediyepazar.com\/index.php?rest_route=\/wp\/v2\/types\/product"}],"replies":[{"embeddable":true,"href":"https:\/\/www.hediyepazar.com\/index.php?rest_route=%2Fwp%2Fv2%2Fcomments&post=109998"}],"wp:featuredmedia":[{"embeddable":true,"href":"https:\/\/www.hediyepazar.com\/index.php?rest_route=\/wp\/v2\/media\/109997"}],"wp:attachment":[{"href":"https:\/\/www.hediyepazar.com\/index.php?rest_route=%2Fwp%2Fv2%2Fmedia&parent=109998"}],"wp:term":[{"taxonomy":"product_brand","embeddable":true,"href":"https:\/\/www.hediyepazar.com\/index.php?rest_route=%2Fwp%2Fv2%2Fproduct_brand&post=109998"},{"taxonomy":"product_cat","embeddable":true,"href":"https:\/\/www.hediyepazar.com\/index.php?rest_route=%2Fwp%2Fv2%2Fproduct_cat&post=109998"},{"taxonomy":"product_tag","embeddable":true,"href":"https:\/\/www.hediyepazar.com\/index.php?rest_route=%2Fwp%2Fv2%2Fproduct_tag&post=109998"}],"curies":[{"name":"wp","href":"https:\/\/api.w.org\/{rel}","templated":true}]}}