{"id":110000,"date":"2026-05-05T03:40:57","date_gmt":"2026-05-05T06:40:57","guid":{"rendered":"https:\/\/www.hediyepazar.com\/?product=10-metre-led-isik-sacakli-dekoratif-serit-led"},"modified":"2026-05-05T03:40:57","modified_gmt":"2026-05-05T06:40:57","slug":"10-metre-led-isik-sacakli-dekoratif-serit-led","status":"publish","type":"product","link":"https:\/\/www.hediyepazar.com\/?product=10-metre-led-isik-sacakli-dekoratif-serit-led","title":{"rendered":"10 Metre Led I\u015f\u0131k Sa\u00e7akl\u0131 Dekoratif \u015eerit Led"},"content":{"rendered":"<p>Folyo balon yap\u0131s\u0131 sayesinde son derece hafif ve ta\u015f\u0131nabilir olan bu \u00fcr\u00fcn, istedi\u011finiz yere rahatl\u0131kla yerle\u015ftirilebilir. Zarif tasar\u0131m\u0131 ve g\u00f6z al\u0131c\u0131 LED animasyonlar\u0131yla do\u011fum g\u00fcn\u00fc, d\u00fc\u011f\u00fcn, y\u0131lba\u015f\u0131 ve di\u011fer \u00f6zel kutlamalar\u0131n\u0131zda etkileyici bir atmosfer yarat\u0131r. Modern ve dayan\u0131kl\u0131 malzemelerden \u00fcretilmi\u015f olmas\u0131, dekorasyonunuzun uzun s\u00fcre dikkat \u00e7ekici ve kullan\u0131\u015fl\u0131 kalmas\u0131n\u0131 sa\u011flar. Balonu farkl\u0131 mekanlara kolayca adapte ederek, her ortamda \u015f\u0131kl\u0131\u011f\u0131 ve e\u011flenceyi bir araya getirebilirsiniz.<\/p>\n","protected":false},"excerpt":{"rendered":"<p>Folyo balon yap\u0131s\u0131 sayesinde son derece hafif ve ta\u015f\u0131nabilir olan bu \u00fcr\u00fcn, istedi\u011finiz yere rahatl\u0131kla yerle\u015ftirilebilir. Zarif tasar\u0131m\u0131 ve g\u00f6z al\u0131c\u0131 LED animasyonlar\u0131yla do\u011fum g\u00fcn\u00fc, d\u00fc\u011f\u00fcn, y\u0131lba\u015f\u0131 ve di\u011fer \u00f6zel kutlamalar\u0131n\u0131zda etkileyici bir atmosfer yarat\u0131r. Modern ve dayan\u0131kl\u0131 malzemelerden \u00fcretilmi\u015f olmas\u0131, dekorasyonunuzun uzun s\u00fcre dikkat \u00e7ekici ve kullan\u0131\u015fl\u0131 kalmas\u0131n\u0131 sa\u011flar. Balonu farkl\u0131 mekanlara kolayca adapte&#8230;<\/p>\n","protected":false},"featured_media":109999,"comment_status":"open","ping_status":"closed","template":"","meta":{"_kad_post_transparent":"","_kad_post_title":"","_kad_post_layout":"","_kad_post_sidebar_id":"","_kad_post_content_style":"","_kad_post_vertical_padding":"","_kad_post_feature":"","_kad_post_feature_position":"","_kad_post_header":false,"_kad_post_footer":false,"_kad_post_classname":""},"product_brand":[],"product_cat":[14933],"product_tag":[],"class_list":{"0":"post-110000","1":"product","2":"type-product","3":"status-publish","4":"has-post-thumbnail","6":"product_cat-led-isik-led-isik","8":"first","9":"instock","10":"purchasable","11":"product-type-simple","12":"entry","13":"content-bg","14":"loop-entry"},"_links":{"self":[{"href":"https:\/\/www.hediyepazar.com\/index.php?rest_route=\/wp\/v2\/product\/110000","targetHints":{"allow":["GET"]}}],"collection":[{"href":"https:\/\/www.hediyepazar.com\/index.php?rest_route=\/wp\/v2\/product"}],"about":[{"href":"https:\/\/www.hediyepazar.com\/index.php?rest_route=\/wp\/v2\/types\/product"}],"replies":[{"embeddable":true,"href":"https:\/\/www.hediyepazar.com\/index.php?rest_route=%2Fwp%2Fv2%2Fcomments&post=110000"}],"wp:featuredmedia":[{"embeddable":true,"href":"https:\/\/www.hediyepazar.com\/index.php?rest_route=\/wp\/v2\/media\/109999"}],"wp:attachment":[{"href":"https:\/\/www.hediyepazar.com\/index.php?rest_route=%2Fwp%2Fv2%2Fmedia&parent=110000"}],"wp:term":[{"taxonomy":"product_brand","embeddable":true,"href":"https:\/\/www.hediyepazar.com\/index.php?rest_route=%2Fwp%2Fv2%2Fproduct_brand&post=110000"},{"taxonomy":"product_cat","embeddable":true,"href":"https:\/\/www.hediyepazar.com\/index.php?rest_route=%2Fwp%2Fv2%2Fproduct_cat&post=110000"},{"taxonomy":"product_tag","embeddable":true,"href":"https:\/\/www.hediyepazar.com\/index.php?rest_route=%2Fwp%2Fv2%2Fproduct_tag&post=110000"}],"curies":[{"name":"wp","href":"https:\/\/api.w.org\/{rel}","templated":true}]}}