{"id":110002,"date":"2026-05-05T03:41:01","date_gmt":"2026-05-05T06:41:01","guid":{"rendered":"https:\/\/www.hediyepazar.com\/?product=10-metre-gun-isigi-serit-led-isik-perde-isigi"},"modified":"2026-05-05T03:41:01","modified_gmt":"2026-05-05T06:41:01","slug":"10-metre-gun-isigi-serit-led-isik-perde-isigi","status":"publish","type":"product","link":"https:\/\/www.hediyepazar.com\/?product=10-metre-gun-isigi-serit-led-isik-perde-isigi","title":{"rendered":"10 Metre G\u00fcn I\u015f\u0131\u011f\u0131 \u015eerit Led I\u015f\u0131k Perde I\u015f\u0131\u011f\u0131"},"content":{"rendered":"<p>Kumanda gerektirmeyen bu animasyonlu balon, kolay kullan\u0131m \u00f6zellikleriyle dikkat \u00e7eker. LED \u0131\u015f\u0131klar\u0131 \u00fczerindeki pratik a\u00e7ma-kapama mekanizmas\u0131 sayesinde balonun ayd\u0131nlatmas\u0131n\u0131 diledi\u011finiz an manuel olarak kontrol edebilirsiniz. Basit kullan\u0131m yap\u0131s\u0131, \u00f6zellikle etkinlik s\u0131ras\u0131nda kolay m\u00fcdahalelere imkan tan\u0131r. \u015earjl\u0131 veya pil ile \u00e7al\u0131\u015fan yap\u0131s\u0131, balonun her t\u00fcrl\u00fc ortamda kullan\u0131lmas\u0131n\u0131 sa\u011flar ve organizasyonlar\u0131n vazge\u00e7ilmez bir par\u00e7as\u0131 haline gelir.<\/p>\n","protected":false},"excerpt":{"rendered":"<p>Kumanda gerektirmeyen bu animasyonlu balon, kolay kullan\u0131m \u00f6zellikleriyle dikkat \u00e7eker. LED \u0131\u015f\u0131klar\u0131 \u00fczerindeki pratik a\u00e7ma-kapama mekanizmas\u0131 sayesinde balonun ayd\u0131nlatmas\u0131n\u0131 diledi\u011finiz an manuel olarak kontrol edebilirsiniz. Basit kullan\u0131m yap\u0131s\u0131, \u00f6zellikle etkinlik s\u0131ras\u0131nda kolay m\u00fcdahalelere imkan tan\u0131r. \u015earjl\u0131 veya pil ile \u00e7al\u0131\u015fan yap\u0131s\u0131, balonun her t\u00fcrl\u00fc ortamda kullan\u0131lmas\u0131n\u0131 sa\u011flar ve organizasyonlar\u0131n vazge\u00e7ilmez bir par\u00e7as\u0131 haline gelir.<\/p>\n","protected":false},"featured_media":110001,"comment_status":"open","ping_status":"closed","template":"","meta":{"_kad_post_transparent":"","_kad_post_title":"","_kad_post_layout":"","_kad_post_sidebar_id":"","_kad_post_content_style":"","_kad_post_vertical_padding":"","_kad_post_feature":"","_kad_post_feature_position":"","_kad_post_header":false,"_kad_post_footer":false,"_kad_post_classname":""},"product_brand":[],"product_cat":[14933],"product_tag":[],"class_list":{"0":"post-110002","1":"product","2":"type-product","3":"status-publish","4":"has-post-thumbnail","6":"product_cat-led-isik-led-isik","8":"first","9":"instock","10":"purchasable","11":"product-type-simple","12":"entry","13":"content-bg","14":"loop-entry"},"_links":{"self":[{"href":"https:\/\/www.hediyepazar.com\/index.php?rest_route=\/wp\/v2\/product\/110002","targetHints":{"allow":["GET"]}}],"collection":[{"href":"https:\/\/www.hediyepazar.com\/index.php?rest_route=\/wp\/v2\/product"}],"about":[{"href":"https:\/\/www.hediyepazar.com\/index.php?rest_route=\/wp\/v2\/types\/product"}],"replies":[{"embeddable":true,"href":"https:\/\/www.hediyepazar.com\/index.php?rest_route=%2Fwp%2Fv2%2Fcomments&post=110002"}],"wp:featuredmedia":[{"embeddable":true,"href":"https:\/\/www.hediyepazar.com\/index.php?rest_route=\/wp\/v2\/media\/110001"}],"wp:attachment":[{"href":"https:\/\/www.hediyepazar.com\/index.php?rest_route=%2Fwp%2Fv2%2Fmedia&parent=110002"}],"wp:term":[{"taxonomy":"product_brand","embeddable":true,"href":"https:\/\/www.hediyepazar.com\/index.php?rest_route=%2Fwp%2Fv2%2Fproduct_brand&post=110002"},{"taxonomy":"product_cat","embeddable":true,"href":"https:\/\/www.hediyepazar.com\/index.php?rest_route=%2Fwp%2Fv2%2Fproduct_cat&post=110002"},{"taxonomy":"product_tag","embeddable":true,"href":"https:\/\/www.hediyepazar.com\/index.php?rest_route=%2Fwp%2Fv2%2Fproduct_tag&post=110002"}],"curies":[{"name":"wp","href":"https:\/\/api.w.org\/{rel}","templated":true}]}}