{"id":110006,"date":"2026-05-05T03:41:09","date_gmt":"2026-05-05T06:41:09","guid":{"rendered":"https:\/\/www.hediyepazar.com\/?product=akilli-saat-bluetooth-baglantili-amoled-ekran-uyku-ve-saglik-takibi"},"modified":"2026-05-05T03:41:09","modified_gmt":"2026-05-05T06:41:09","slug":"akilli-saat-bluetooth-baglantili-amoled-ekran-uyku-ve-saglik-takibi","status":"publish","type":"product","link":"https:\/\/www.hediyepazar.com\/?product=akilli-saat-bluetooth-baglantili-amoled-ekran-uyku-ve-saglik-takibi","title":{"rendered":"Ak\u0131ll\u0131 Saat Bluetooth Ba\u011flant\u0131l\u0131 Amoled Ekran Uyku ve Sa\u011fl\u0131k Takibi"},"content":{"rendered":"<p>500 mAh kapasitesindeki g\u00fc\u00e7l\u00fc bataryas\u0131, g\u00fcn boyunca cihaz\u0131n\u0131z\u0131 kesintisiz bir \u015fekilde kullanman\u0131z\u0131 sa\u011flar. \u015earj etme gereklili\u011fini minimuma indirerek yo\u011fun tempolu g\u00fcnlerinize ayak uydurur. Ayr\u0131ca, nab\u0131z sens\u00f6r\u00fc ve uyku takibi gibi geli\u015fmi\u015f sa\u011fl\u0131k fonksiyonlar\u0131, g\u00fcn\u00fcn her an\u0131nda sa\u011fl\u0131\u011f\u0131n\u0131z\u0131 izler. Nab\u0131z sens\u00f6r\u00fc, egzersiz s\u0131ras\u0131nda kalp at\u0131\u015f h\u0131z\u0131n\u0131z\u0131 \u00f6l\u00e7erken uyku takibi, gece boyunca uykunuzun kalitesini analiz eder. Bu sayede hem fiziksel aktivitelerinizi optimize edebilir hem de dinlenme al\u0131\u015fkanl\u0131klar\u0131n\u0131z\u0131 iyile\u015ftirebilirsiniz.<\/p>\n","protected":false},"excerpt":{"rendered":"<p>500 mAh kapasitesindeki g\u00fc\u00e7l\u00fc bataryas\u0131, g\u00fcn boyunca cihaz\u0131n\u0131z\u0131 kesintisiz bir \u015fekilde kullanman\u0131z\u0131 sa\u011flar. \u015earj etme gereklili\u011fini minimuma indirerek yo\u011fun tempolu g\u00fcnlerinize ayak uydurur. Ayr\u0131ca, nab\u0131z sens\u00f6r\u00fc ve uyku takibi gibi geli\u015fmi\u015f sa\u011fl\u0131k fonksiyonlar\u0131, g\u00fcn\u00fcn her an\u0131nda sa\u011fl\u0131\u011f\u0131n\u0131z\u0131 izler. Nab\u0131z sens\u00f6r\u00fc, egzersiz s\u0131ras\u0131nda kalp at\u0131\u015f h\u0131z\u0131n\u0131z\u0131 \u00f6l\u00e7erken uyku takibi, gece boyunca uykunuzun kalitesini analiz eder. Bu&#8230;<\/p>\n","protected":false},"featured_media":110005,"comment_status":"open","ping_status":"closed","template":"","meta":{"_kad_post_transparent":"","_kad_post_title":"","_kad_post_layout":"","_kad_post_sidebar_id":"","_kad_post_content_style":"","_kad_post_vertical_padding":"","_kad_post_feature":"","_kad_post_feature_position":"","_kad_post_header":false,"_kad_post_footer":false,"_kad_post_classname":""},"product_brand":[],"product_cat":[14935],"product_tag":[],"class_list":{"0":"post-110006","1":"product","2":"type-product","3":"status-publish","4":"has-post-thumbnail","6":"product_cat-akilli-saatler-akilli-saatler","8":"first","9":"instock","10":"purchasable","11":"product-type-simple","12":"entry","13":"content-bg","14":"loop-entry"},"_links":{"self":[{"href":"https:\/\/www.hediyepazar.com\/index.php?rest_route=\/wp\/v2\/product\/110006","targetHints":{"allow":["GET"]}}],"collection":[{"href":"https:\/\/www.hediyepazar.com\/index.php?rest_route=\/wp\/v2\/product"}],"about":[{"href":"https:\/\/www.hediyepazar.com\/index.php?rest_route=\/wp\/v2\/types\/product"}],"replies":[{"embeddable":true,"href":"https:\/\/www.hediyepazar.com\/index.php?rest_route=%2Fwp%2Fv2%2Fcomments&post=110006"}],"wp:featuredmedia":[{"embeddable":true,"href":"https:\/\/www.hediyepazar.com\/index.php?rest_route=\/wp\/v2\/media\/110005"}],"wp:attachment":[{"href":"https:\/\/www.hediyepazar.com\/index.php?rest_route=%2Fwp%2Fv2%2Fmedia&parent=110006"}],"wp:term":[{"taxonomy":"product_brand","embeddable":true,"href":"https:\/\/www.hediyepazar.com\/index.php?rest_route=%2Fwp%2Fv2%2Fproduct_brand&post=110006"},{"taxonomy":"product_cat","embeddable":true,"href":"https:\/\/www.hediyepazar.com\/index.php?rest_route=%2Fwp%2Fv2%2Fproduct_cat&post=110006"},{"taxonomy":"product_tag","embeddable":true,"href":"https:\/\/www.hediyepazar.com\/index.php?rest_route=%2Fwp%2Fv2%2Fproduct_tag&post=110006"}],"curies":[{"name":"wp","href":"https:\/\/api.w.org\/{rel}","templated":true}]}}