{"id":110016,"date":"2026-05-05T03:42:00","date_gmt":"2026-05-05T06:42:00","guid":{"rendered":"https:\/\/www.hediyepazar.com\/?product=dumani-icine-ceken-kulluk-kokuyu-hapseden-kulluk-akilli-kokusuz-kulluk"},"modified":"2026-05-05T03:42:00","modified_gmt":"2026-05-05T06:42:00","slug":"dumani-icine-ceken-kulluk-kokuyu-hapseden-kulluk-akilli-kokusuz-kulluk","status":"publish","type":"product","link":"https:\/\/www.hediyepazar.com\/?product=dumani-icine-ceken-kulluk-kokuyu-hapseden-kulluk-akilli-kokusuz-kulluk","title":{"rendered":"Duman\u0131 I\u00e7ine \u00c7eken K\u00fcll\u00fck Kokuyu Hapseden K\u00fcll\u00fck Ak\u0131ll\u0131 Kokusuz K\u00fcll\u00fck"},"content":{"rendered":"<p>\u015earj edilebilir bataryas\u0131 sayesinde, bu k\u00fcll\u00fck kablosuz kullan\u0131m olana\u011f\u0131 sunar. Elektrik kablosuna ba\u011fl\u0131 kalmadan istedi\u011finiz yerde kullanabilirsiniz. Kompakt boyutlar\u0131 ve ta\u015f\u0131nabilir yap\u0131s\u0131 ile bu \u00fcr\u00fcn, araba i\u00e7inde veya masa \u00fczerinde temiz bir hava ortam\u0131 yaratmak i\u00e7in idealdir.Sigara Kokusu ve Duman Giderici Hava Temizleyici K\u00fcll\u00fck, sigara duman\u0131n\u0131n ve k\u00f6t\u00fc kokular\u0131n etkisini azaltarak hem daha sa\u011fl\u0131kl\u0131 bir ortam sa\u011flar hem de estetik g\u00f6r\u00fcn\u00fcm\u00fcyle dikkat \u00e7eker.<\/p>\n","protected":false},"excerpt":{"rendered":"<p>\u015earj edilebilir bataryas\u0131 sayesinde, bu k\u00fcll\u00fck kablosuz kullan\u0131m olana\u011f\u0131 sunar. Elektrik kablosuna ba\u011fl\u0131 kalmadan istedi\u011finiz yerde kullanabilirsiniz. Kompakt boyutlar\u0131 ve ta\u015f\u0131nabilir yap\u0131s\u0131 ile bu \u00fcr\u00fcn, araba i\u00e7inde veya masa \u00fczerinde temiz bir hava ortam\u0131 yaratmak i\u00e7in idealdir.Sigara Kokusu ve Duman Giderici Hava Temizleyici K\u00fcll\u00fck, sigara duman\u0131n\u0131n ve k\u00f6t\u00fc kokular\u0131n etkisini azaltarak hem daha sa\u011fl\u0131kl\u0131 bir&#8230;<\/p>\n","protected":false},"featured_media":110015,"comment_status":"open","ping_status":"closed","template":"","meta":{"_kad_post_transparent":"","_kad_post_title":"","_kad_post_layout":"","_kad_post_sidebar_id":"","_kad_post_content_style":"","_kad_post_vertical_padding":"","_kad_post_feature":"","_kad_post_feature_position":"","_kad_post_header":false,"_kad_post_footer":false,"_kad_post_classname":""},"product_brand":[],"product_cat":[14995],"product_tag":[],"class_list":{"0":"post-110016","1":"product","2":"type-product","3":"status-publish","4":"has-post-thumbnail","6":"product_cat-kulluk-kulluk-2","8":"first","9":"instock","10":"purchasable","11":"product-type-simple","12":"entry","13":"content-bg","14":"loop-entry"},"_links":{"self":[{"href":"https:\/\/www.hediyepazar.com\/index.php?rest_route=\/wp\/v2\/product\/110016","targetHints":{"allow":["GET"]}}],"collection":[{"href":"https:\/\/www.hediyepazar.com\/index.php?rest_route=\/wp\/v2\/product"}],"about":[{"href":"https:\/\/www.hediyepazar.com\/index.php?rest_route=\/wp\/v2\/types\/product"}],"replies":[{"embeddable":true,"href":"https:\/\/www.hediyepazar.com\/index.php?rest_route=%2Fwp%2Fv2%2Fcomments&post=110016"}],"wp:featuredmedia":[{"embeddable":true,"href":"https:\/\/www.hediyepazar.com\/index.php?rest_route=\/wp\/v2\/media\/110015"}],"wp:attachment":[{"href":"https:\/\/www.hediyepazar.com\/index.php?rest_route=%2Fwp%2Fv2%2Fmedia&parent=110016"}],"wp:term":[{"taxonomy":"product_brand","embeddable":true,"href":"https:\/\/www.hediyepazar.com\/index.php?rest_route=%2Fwp%2Fv2%2Fproduct_brand&post=110016"},{"taxonomy":"product_cat","embeddable":true,"href":"https:\/\/www.hediyepazar.com\/index.php?rest_route=%2Fwp%2Fv2%2Fproduct_cat&post=110016"},{"taxonomy":"product_tag","embeddable":true,"href":"https:\/\/www.hediyepazar.com\/index.php?rest_route=%2Fwp%2Fv2%2Fproduct_tag&post=110016"}],"curies":[{"name":"wp","href":"https:\/\/api.w.org\/{rel}","templated":true}]}}