{"id":110032,"date":"2026-05-05T03:43:15","date_gmt":"2026-05-05T06:43:15","guid":{"rendered":"https:\/\/www.hediyepazar.com\/?product=akilli-saat-cok-fonksiyonlu-sesli-gorusme-nfc-uyumlu-amoled-ekran"},"modified":"2026-05-05T03:43:15","modified_gmt":"2026-05-05T06:43:15","slug":"akilli-saat-cok-fonksiyonlu-sesli-gorusme-nfc-uyumlu-amoled-ekran","status":"publish","type":"product","link":"https:\/\/www.hediyepazar.com\/?product=akilli-saat-cok-fonksiyonlu-sesli-gorusme-nfc-uyumlu-amoled-ekran","title":{"rendered":"Ak\u0131ll\u0131 Saat \u00c7ok Fonksiyonlu Sesli G\u00f6r\u00fc\u015fme NFC Uyumlu Amoled Ekran"},"content":{"rendered":"<p>Y\u00fcksek \u00e7\u00f6z\u00fcn\u00fcrl\u00fckl\u00fc AMOLED ekran\u0131yla g\u00f6rsel bir ziyafet sunan bu ak\u0131ll\u0131 saat, hem i\u015flevselli\u011fi hem de tasar\u0131m\u0131 bir araya getiriyor. Geni\u015f ekran\u0131 sayesinde t\u00fcm bildirimlerinizi ve sa\u011fl\u0131k verilerinizi kolayca takip edebilirsiniz. G\u00fcnl\u00fck hayat\u0131n\u0131za modern bir dokunu\u015f katmak i\u00e7in tasarlanan bu model, her ortamda dikkatleri \u00fczerine \u00e7eker.\u00d6zelle\u015ftirilebilir Kordon Se\u00e7enekleriSilikon, deri ve metal olmak \u00fczere \u00fc\u00e7 farkl\u0131 kordon se\u00e7ene\u011fi ile tarz\u0131n\u0131za ve ihtiya\u00e7lar\u0131n\u0131za uygun \u015fekilde \u00f6zelle\u015ftirme yapabilirsiniz. Spor aktivitelerinde pratiklik sa\u011flayan silikon kordon, resmi durumlarda tercih edilebilecek deri kordon ve \u00f6zel g\u00fcnlerde \u015f\u0131kl\u0131\u011f\u0131n\u0131z\u0131 tamamlayacak metal kordon ile farkl\u0131 durumlara kolayca uyum sa\u011flar.Geli\u015fmi\u015f Teknoloji ile Donat\u0131lm\u0131\u015fSa\u011fl\u0131k takibi \u00f6zellikleri, g\u00fcnl\u00fck aktivitenizi ve uyku d\u00fczeninizi izlemenizi sa\u011flar. Bildirim y\u00f6netimi \u00f6zelli\u011fi, telefonunuzu cebinizden \u00e7\u0131karmadan gelen \u00e7a\u011fr\u0131lar ve mesajlar\u0131 kontrol etmenizi m\u00fcmk\u00fcn k\u0131lar. Suya ve toza dayan\u0131kl\u0131 yap\u0131s\u0131, saatinizi her ortamda g\u00fcvenle kullanman\u0131za olanak tan\u0131r. Uzun pil \u00f6mr\u00fc ise yo\u011fun g\u00fcnlerinizde yan\u0131n\u0131zda kalmaya devam eder.<\/p>\n","protected":false},"excerpt":{"rendered":"<p>Y\u00fcksek \u00e7\u00f6z\u00fcn\u00fcrl\u00fckl\u00fc AMOLED ekran\u0131yla g\u00f6rsel bir ziyafet sunan bu ak\u0131ll\u0131 saat, hem i\u015flevselli\u011fi hem de tasar\u0131m\u0131 bir araya getiriyor. Geni\u015f ekran\u0131 sayesinde t\u00fcm bildirimlerinizi ve sa\u011fl\u0131k verilerinizi kolayca takip edebilirsiniz. G\u00fcnl\u00fck hayat\u0131n\u0131za modern bir dokunu\u015f katmak i\u00e7in tasarlanan bu model, her ortamda dikkatleri \u00fczerine \u00e7eker.\u00d6zelle\u015ftirilebilir Kordon Se\u00e7enekleriSilikon, deri ve metal olmak \u00fczere \u00fc\u00e7 farkl\u0131 kordon&#8230;<\/p>\n","protected":false},"featured_media":110031,"comment_status":"open","ping_status":"closed","template":"","meta":{"_kad_post_transparent":"","_kad_post_title":"","_kad_post_layout":"","_kad_post_sidebar_id":"","_kad_post_content_style":"","_kad_post_vertical_padding":"","_kad_post_feature":"","_kad_post_feature_position":"","_kad_post_header":false,"_kad_post_footer":false,"_kad_post_classname":""},"product_brand":[],"product_cat":[14935],"product_tag":[],"class_list":{"0":"post-110032","1":"product","2":"type-product","3":"status-publish","4":"has-post-thumbnail","6":"product_cat-akilli-saatler-akilli-saatler","8":"first","9":"instock","10":"purchasable","11":"product-type-simple","12":"entry","13":"content-bg","14":"loop-entry"},"_links":{"self":[{"href":"https:\/\/www.hediyepazar.com\/index.php?rest_route=\/wp\/v2\/product\/110032","targetHints":{"allow":["GET"]}}],"collection":[{"href":"https:\/\/www.hediyepazar.com\/index.php?rest_route=\/wp\/v2\/product"}],"about":[{"href":"https:\/\/www.hediyepazar.com\/index.php?rest_route=\/wp\/v2\/types\/product"}],"replies":[{"embeddable":true,"href":"https:\/\/www.hediyepazar.com\/index.php?rest_route=%2Fwp%2Fv2%2Fcomments&post=110032"}],"wp:featuredmedia":[{"embeddable":true,"href":"https:\/\/www.hediyepazar.com\/index.php?rest_route=\/wp\/v2\/media\/110031"}],"wp:attachment":[{"href":"https:\/\/www.hediyepazar.com\/index.php?rest_route=%2Fwp%2Fv2%2Fmedia&parent=110032"}],"wp:term":[{"taxonomy":"product_brand","embeddable":true,"href":"https:\/\/www.hediyepazar.com\/index.php?rest_route=%2Fwp%2Fv2%2Fproduct_brand&post=110032"},{"taxonomy":"product_cat","embeddable":true,"href":"https:\/\/www.hediyepazar.com\/index.php?rest_route=%2Fwp%2Fv2%2Fproduct_cat&post=110032"},{"taxonomy":"product_tag","embeddable":true,"href":"https:\/\/www.hediyepazar.com\/index.php?rest_route=%2Fwp%2Fv2%2Fproduct_tag&post=110032"}],"curies":[{"name":"wp","href":"https:\/\/api.w.org\/{rel}","templated":true}]}}