{"id":110034,"date":"2026-05-05T03:43:19","date_gmt":"2026-05-05T06:43:19","guid":{"rendered":"https:\/\/www.hediyepazar.com\/?product=akilli-saat-sesli-gorusme-bluetooth-baglantili-3-kordonlu"},"modified":"2026-05-05T03:43:19","modified_gmt":"2026-05-05T06:43:19","slug":"akilli-saat-sesli-gorusme-bluetooth-baglantili-3-kordonlu","status":"publish","type":"product","link":"https:\/\/www.hediyepazar.com\/?product=akilli-saat-sesli-gorusme-bluetooth-baglantili-3-kordonlu","title":{"rendered":"Ak\u0131ll\u0131 Saat Sesli G\u00f6r\u00fc\u015fme Bluetooth Ba\u011flant\u0131l\u0131 3 Kordonlu"},"content":{"rendered":"<p>AMOLED ekran\u0131yla dikkat \u00e7eken bu ak\u0131ll\u0131 saat, parlak ve canl\u0131 renkleriyle g\u00f6rsel bir \u015f\u00f6len sunar. T\u00fcm bildirimlerinizi ve sa\u011fl\u0131k verilerinizi net bir \u015fekilde takip edebilece\u011finiz geni\u015f ekran tasar\u0131m\u0131, kullan\u0131c\u0131 dostu bir deneyim sa\u011flar. Hem g\u00fcnl\u00fck kullan\u0131m hem de \u00f6zel etkinliklerde \u015f\u0131kl\u0131\u011f\u0131n\u0131z\u0131 tamamlayan bu saat, modern ya\u015fam\u0131n h\u0131z\u0131na ayak uydurmak i\u00e7in tasarlanm\u0131\u015ft\u0131r.\u00dc\u00e7 Farkl\u0131 Kordonla Her Duruma UygunSilikon, deri ve metal olmak \u00fczere \u00fc\u00e7 farkl\u0131 kordon se\u00e7ene\u011fiyle gelen bu ak\u0131ll\u0131 saat, stilinizi tam anlam\u0131yla yans\u0131tman\u0131za olanak tan\u0131r. Spor salonunda ter d\u00f6kerken konfor sunan silikon kordon, i\u015f yerinde zarafetiyle dikkat \u00e7eken deri kordon ve \u00f6zel davetlerde sofistike bir g\u00f6r\u00fcn\u00fcm sa\u011flayan metal kordon ile her an\u0131n\u0131za uyum sa\u011flar.Hayat\u0131n\u0131z\u0131 Kolayla\u015ft\u0131ran Geli\u015fmi\u015f \u00d6zelliklerAd\u0131m sayar, kalp ritmi \u00f6l\u00e7er ve uyku takibi gibi sa\u011fl\u0131k odakl\u0131 \u00f6zellikleriyle, sa\u011fl\u0131kl\u0131 bir ya\u015fam tarz\u0131n\u0131 benimsemenizi destekler. Suya ve toza dayan\u0131kl\u0131 yap\u0131s\u0131yla, zorlu ko\u015fullarda bile g\u00fcvenle kullan\u0131labilir. Uzun pil \u00f6mr\u00fc sayesinde kesintisiz bir deneyim sunarken, gelen \u00e7a\u011fr\u0131lar ve mesajlar gibi bildirimlerinizi kontrol etmenize olanak tan\u0131r.<\/p>\n","protected":false},"excerpt":{"rendered":"<p>AMOLED ekran\u0131yla dikkat \u00e7eken bu ak\u0131ll\u0131 saat, parlak ve canl\u0131 renkleriyle g\u00f6rsel bir \u015f\u00f6len sunar. T\u00fcm bildirimlerinizi ve sa\u011fl\u0131k verilerinizi net bir \u015fekilde takip edebilece\u011finiz geni\u015f ekran tasar\u0131m\u0131, kullan\u0131c\u0131 dostu bir deneyim sa\u011flar. Hem g\u00fcnl\u00fck kullan\u0131m hem de \u00f6zel etkinliklerde \u015f\u0131kl\u0131\u011f\u0131n\u0131z\u0131 tamamlayan bu saat, modern ya\u015fam\u0131n h\u0131z\u0131na ayak uydurmak i\u00e7in tasarlanm\u0131\u015ft\u0131r.\u00dc\u00e7 Farkl\u0131 Kordonla Her Duruma&#8230;<\/p>\n","protected":false},"featured_media":110033,"comment_status":"open","ping_status":"closed","template":"","meta":{"_kad_post_transparent":"","_kad_post_title":"","_kad_post_layout":"","_kad_post_sidebar_id":"","_kad_post_content_style":"","_kad_post_vertical_padding":"","_kad_post_feature":"","_kad_post_feature_position":"","_kad_post_header":false,"_kad_post_footer":false,"_kad_post_classname":""},"product_brand":[],"product_cat":[14935],"product_tag":[],"class_list":{"0":"post-110034","1":"product","2":"type-product","3":"status-publish","4":"has-post-thumbnail","6":"product_cat-akilli-saatler-akilli-saatler","8":"first","9":"instock","10":"purchasable","11":"product-type-simple","12":"entry","13":"content-bg","14":"loop-entry"},"_links":{"self":[{"href":"https:\/\/www.hediyepazar.com\/index.php?rest_route=\/wp\/v2\/product\/110034","targetHints":{"allow":["GET"]}}],"collection":[{"href":"https:\/\/www.hediyepazar.com\/index.php?rest_route=\/wp\/v2\/product"}],"about":[{"href":"https:\/\/www.hediyepazar.com\/index.php?rest_route=\/wp\/v2\/types\/product"}],"replies":[{"embeddable":true,"href":"https:\/\/www.hediyepazar.com\/index.php?rest_route=%2Fwp%2Fv2%2Fcomments&post=110034"}],"wp:featuredmedia":[{"embeddable":true,"href":"https:\/\/www.hediyepazar.com\/index.php?rest_route=\/wp\/v2\/media\/110033"}],"wp:attachment":[{"href":"https:\/\/www.hediyepazar.com\/index.php?rest_route=%2Fwp%2Fv2%2Fmedia&parent=110034"}],"wp:term":[{"taxonomy":"product_brand","embeddable":true,"href":"https:\/\/www.hediyepazar.com\/index.php?rest_route=%2Fwp%2Fv2%2Fproduct_brand&post=110034"},{"taxonomy":"product_cat","embeddable":true,"href":"https:\/\/www.hediyepazar.com\/index.php?rest_route=%2Fwp%2Fv2%2Fproduct_cat&post=110034"},{"taxonomy":"product_tag","embeddable":true,"href":"https:\/\/www.hediyepazar.com\/index.php?rest_route=%2Fwp%2Fv2%2Fproduct_tag&post=110034"}],"curies":[{"name":"wp","href":"https:\/\/api.w.org\/{rel}","templated":true}]}}