{"id":110036,"date":"2026-05-05T03:44:01","date_gmt":"2026-05-05T06:44:01","guid":{"rendered":"https:\/\/www.hediyepazar.com\/?product=akilli-saat-amoled-ekran-3-kordonlu-nfc-ve-gps-uyumlu"},"modified":"2026-05-05T03:44:01","modified_gmt":"2026-05-05T06:44:01","slug":"akilli-saat-amoled-ekran-3-kordonlu-nfc-ve-gps-uyumlu","status":"publish","type":"product","link":"https:\/\/www.hediyepazar.com\/?product=akilli-saat-amoled-ekran-3-kordonlu-nfc-ve-gps-uyumlu","title":{"rendered":"Ak\u0131ll\u0131 Saat Amoled Ekran 3 Kordonlu NFC Ve GPS Uyumlu"},"content":{"rendered":"<p>Modern Teknolojiyle Donat\u0131lm\u0131\u015f \u015e\u0131k ve Kullan\u0131\u015fl\u0131 Bir Ak\u0131ll\u0131 SaatAMOLED ekran teknolojisiyle \u00f6ne \u00e7\u0131kan bu ak\u0131ll\u0131 saat, \u00fcst\u00fcn g\u00f6r\u00fcnt\u00fc kalitesi ve g\u00f6z al\u0131c\u0131 renklerle t\u00fcm detaylar\u0131 net bir \u015fekilde g\u00f6rmenizi sa\u011flar. Y\u00fcksek \u00e7\u00f6z\u00fcn\u00fcrl\u00fckteki geni\u015f ekran\u0131, bildirimlerinizden sa\u011fl\u0131k verilerinize kadar her \u015feyi kolayca takip etmenizi m\u00fcmk\u00fcn k\u0131lar. Estetik tasar\u0131m\u0131 ve dayan\u0131kl\u0131 yap\u0131s\u0131yla hem g\u00fcnl\u00fck kullan\u0131mda hem de \u00f6zel anlarda stilinizi tamamlar.Tarz\u0131n\u0131z\u0131 Yans\u0131tan 3 Farkl\u0131 Kordon Se\u00e7ene\u011fiSaat, paket i\u00e7eri\u011finde bulunan silikon, deri ve metal olmak \u00fczere \u00fc\u00e7 farkl\u0131 kordon se\u00e7ene\u011fiyle birlikte gelir. Bu, her ortamda ve her tarzda kullan\u0131m i\u00e7in \u00f6zelle\u015ftirilebilir bir deneyim sunar. Spor yaparken rahatl\u0131k sa\u011flayan silikon kordon, i\u015f ortam\u0131nda zarafet katan deri kordon veya \u00f6zel g\u00fcnler i\u00e7in ideal metal kordon se\u00e7enekleriyle saatinizi ki\u015fisel tarz\u0131n\u0131za uyarlay\u0131n.Sa\u011fl\u0131k ve \u0130\u015flevselli\u011fi Bir Araya Getiren \u00d6zelliklerGeli\u015fmi\u015f sa\u011fl\u0131k takip \u00f6zellikleri sayesinde ad\u0131mlar\u0131n\u0131z\u0131 sayabilir, kalp ritminizi izleyebilir ve uyku d\u00fczeninizi analiz edebilirsiniz. Telefonunuzla entegre \u00e7al\u0131\u015fan bildirim y\u00f6netimi \u00f6zelli\u011fi sayesinde gelen \u00e7a\u011fr\u0131lar\u0131, mesajlar\u0131 ve sosyal medya bildirimlerini do\u011frudan saatinizden kontrol edebilirsiniz. Suya ve toza dayan\u0131kl\u0131 tasar\u0131m\u0131 ile yo\u011fun i\u015f g\u00fcnlerinden spor aktivitelerine kadar her ortamda g\u00fcvenle kullanabilece\u011finiz bu ak\u0131ll\u0131 saat, uzun pil \u00f6mr\u00fc sayesinde g\u00fcn boyu yan\u0131n\u0131zda olmaya devam eder.<\/p>\n","protected":false},"excerpt":{"rendered":"<p>Modern Teknolojiyle Donat\u0131lm\u0131\u015f \u015e\u0131k ve Kullan\u0131\u015fl\u0131 Bir Ak\u0131ll\u0131 SaatAMOLED ekran teknolojisiyle \u00f6ne \u00e7\u0131kan bu ak\u0131ll\u0131 saat, \u00fcst\u00fcn g\u00f6r\u00fcnt\u00fc kalitesi ve g\u00f6z al\u0131c\u0131 renklerle t\u00fcm detaylar\u0131 net bir \u015fekilde g\u00f6rmenizi sa\u011flar. Y\u00fcksek \u00e7\u00f6z\u00fcn\u00fcrl\u00fckteki geni\u015f ekran\u0131, bildirimlerinizden sa\u011fl\u0131k verilerinize kadar her \u015feyi kolayca takip etmenizi m\u00fcmk\u00fcn k\u0131lar. Estetik tasar\u0131m\u0131 ve dayan\u0131kl\u0131 yap\u0131s\u0131yla hem g\u00fcnl\u00fck kullan\u0131mda hem de&#8230;<\/p>\n","protected":false},"featured_media":110035,"comment_status":"open","ping_status":"closed","template":"","meta":{"_kad_post_transparent":"","_kad_post_title":"","_kad_post_layout":"","_kad_post_sidebar_id":"","_kad_post_content_style":"","_kad_post_vertical_padding":"","_kad_post_feature":"","_kad_post_feature_position":"","_kad_post_header":false,"_kad_post_footer":false,"_kad_post_classname":""},"product_brand":[],"product_cat":[14935],"product_tag":[],"class_list":{"0":"post-110036","1":"product","2":"type-product","3":"status-publish","4":"has-post-thumbnail","6":"product_cat-akilli-saatler-akilli-saatler","8":"first","9":"instock","10":"purchasable","11":"product-type-simple","12":"entry","13":"content-bg","14":"loop-entry"},"_links":{"self":[{"href":"https:\/\/www.hediyepazar.com\/index.php?rest_route=\/wp\/v2\/product\/110036","targetHints":{"allow":["GET"]}}],"collection":[{"href":"https:\/\/www.hediyepazar.com\/index.php?rest_route=\/wp\/v2\/product"}],"about":[{"href":"https:\/\/www.hediyepazar.com\/index.php?rest_route=\/wp\/v2\/types\/product"}],"replies":[{"embeddable":true,"href":"https:\/\/www.hediyepazar.com\/index.php?rest_route=%2Fwp%2Fv2%2Fcomments&post=110036"}],"wp:featuredmedia":[{"embeddable":true,"href":"https:\/\/www.hediyepazar.com\/index.php?rest_route=\/wp\/v2\/media\/110035"}],"wp:attachment":[{"href":"https:\/\/www.hediyepazar.com\/index.php?rest_route=%2Fwp%2Fv2%2Fmedia&parent=110036"}],"wp:term":[{"taxonomy":"product_brand","embeddable":true,"href":"https:\/\/www.hediyepazar.com\/index.php?rest_route=%2Fwp%2Fv2%2Fproduct_brand&post=110036"},{"taxonomy":"product_cat","embeddable":true,"href":"https:\/\/www.hediyepazar.com\/index.php?rest_route=%2Fwp%2Fv2%2Fproduct_cat&post=110036"},{"taxonomy":"product_tag","embeddable":true,"href":"https:\/\/www.hediyepazar.com\/index.php?rest_route=%2Fwp%2Fv2%2Fproduct_tag&post=110036"}],"curies":[{"name":"wp","href":"https:\/\/api.w.org\/{rel}","templated":true}]}}