{"id":110038,"date":"2026-05-05T03:44:07","date_gmt":"2026-05-05T06:44:07","guid":{"rendered":"https:\/\/www.hediyepazar.com\/?product=boyun-askili-bluetooth-kulaklik-uzun-sarj-sureli-dijital-gostergeli-kablolu"},"modified":"2026-05-05T03:44:07","modified_gmt":"2026-05-05T06:44:07","slug":"boyun-askili-bluetooth-kulaklik-uzun-sarj-sureli-dijital-gostergeli-kablolu","status":"publish","type":"product","link":"https:\/\/www.hediyepazar.com\/?product=boyun-askili-bluetooth-kulaklik-uzun-sarj-sureli-dijital-gostergeli-kablolu","title":{"rendered":"Boyun Ask\u0131l\u0131 Bluetooth Kulakl\u0131k Uzun \u015earj S\u00fcreli Dijital G\u00f6stergeli Kablolu"},"content":{"rendered":"<p>Bu kulakl\u0131k, Bluetooth 5.0 \u00e7ipi sayesinde kesintisiz ve h\u0131zl\u0131 ba\u011flant\u0131 sa\u011flar. 10 metreye kadar eri\u015fim mesafesi, her hareketinizde kulakl\u0131\u011f\u0131n\u0131z\u0131n ba\u011flant\u0131s\u0131n\u0131n g\u00fc\u00e7l\u00fc kalmas\u0131n\u0131 garanti eder. Y\u00fcksek kaliteli ba\u011flant\u0131 sayesinde, cihaz\u0131n\u0131za ba\u011flanmak son derece h\u0131zl\u0131 ve sorunsuz olur. Kulakl\u0131k, 12 saate kadar m\u00fczik dinleme ve yakla\u015f\u0131k 7 g\u00fcn bekleme s\u00fcresi sunarak g\u00fcn boyu kesintisiz bir deneyim sa\u011flar. Bu uzun pil \u00f6mr\u00fc, kullan\u0131c\u0131lar\u0131n cihazlar\u0131n\u0131 s\u0131k s\u0131k \u015farj etme ihtiyac\u0131n\u0131 ortadan kald\u0131r\u0131r.Dayan\u0131kl\u0131 ve Suya Kar\u015f\u0131 KorumaIPX5 su ge\u00e7irmezlik \u00f6zelli\u011fi sayesinde kulakl\u0131klar\u0131n\u0131z\u0131 spor yaparken, ya\u011fmurlu havalarda veya terli ko\u015fullarda rahatl\u0131kla kullanabilirsiniz. Suya ve terlemeye kar\u015f\u0131 dayan\u0131kl\u0131 tasar\u0131m\u0131, d\u0131\u015f mekan aktivitelerinde veya egzersiz s\u0131ras\u0131nda kulakl\u0131\u011f\u0131n zarar g\u00f6rmesini engeller. Ayr\u0131ca, IP6X toz ge\u00e7irmezlik seviyesi, kulakl\u0131klar\u0131n tozdan etkilenmemesini sa\u011flar ve her ko\u015fulda g\u00fcvenli kullan\u0131m imkan\u0131 sunar. Bu \u00f6zellik, d\u0131\u015f mekan kullan\u0131mlar\u0131nda m\u00fckemmel dayan\u0131kl\u0131l\u0131k sa\u011flar.Ergonomik Tasar\u0131m ve Y\u00fcksek PerformansKulakl\u0131klar ergonomik bir yap\u0131ya sahip olup uzun s\u00fcreli kullan\u0131mda bile konforlu bir deneyim sunar. 10mm&#8217;lik boynuz \u00e7ap\u0131, kulakl\u0131\u011f\u0131n kula\u011f\u0131n\u0131za tam oturmas\u0131n\u0131 sa\u011flar ve d\u0131\u015far\u0131dan gelen seslerin engellenmesine yard\u0131mc\u0131 olur. Ayr\u0131ca, kulakl\u0131klar CVC g\u00fcr\u00fclt\u00fc \u00f6nleyici mikrofon ile donat\u0131lm\u0131\u015ft\u0131r, b\u00f6ylece aramalar s\u0131ras\u0131nda d\u0131\u015f g\u00fcr\u00fclt\u00fc minimuma indirilir ve sesiniz daha net duyulur. 98dB hoparl\u00f6r hassasiyeti, 20-20kHz frekans tepki aral\u0131\u011f\u0131 ile m\u00fcziklerinizin ve sesli g\u00f6r\u00fc\u015fmelerinizin y\u00fcksek kaliteli ve net olmas\u0131n\u0131 sa\u011flar. Bu kulakl\u0131k, m\u00fczik, konu\u015fma ve di\u011fer sesli i\u00e7erikler i\u00e7in ideal bir \u00e7\u00f6z\u00fcm sunar.<\/p>\n","protected":false},"excerpt":{"rendered":"<p>Bu kulakl\u0131k, Bluetooth 5.0 \u00e7ipi sayesinde kesintisiz ve h\u0131zl\u0131 ba\u011flant\u0131 sa\u011flar. 10 metreye kadar eri\u015fim mesafesi, her hareketinizde kulakl\u0131\u011f\u0131n\u0131z\u0131n ba\u011flant\u0131s\u0131n\u0131n g\u00fc\u00e7l\u00fc kalmas\u0131n\u0131 garanti eder. Y\u00fcksek kaliteli ba\u011flant\u0131 sayesinde, cihaz\u0131n\u0131za ba\u011flanmak son derece h\u0131zl\u0131 ve sorunsuz olur. Kulakl\u0131k, 12 saate kadar m\u00fczik dinleme ve yakla\u015f\u0131k 7 g\u00fcn bekleme s\u00fcresi sunarak g\u00fcn boyu kesintisiz bir deneyim sa\u011flar&#8230;.<\/p>\n","protected":false},"featured_media":110037,"comment_status":"open","ping_status":"closed","template":"","meta":{"_kad_post_transparent":"","_kad_post_title":"","_kad_post_layout":"","_kad_post_sidebar_id":"","_kad_post_content_style":"","_kad_post_vertical_padding":"","_kad_post_feature":"","_kad_post_feature_position":"","_kad_post_header":false,"_kad_post_footer":false,"_kad_post_classname":""},"product_brand":[],"product_cat":[14957],"product_tag":[],"class_list":{"0":"post-110038","1":"product","2":"type-product","3":"status-publish","4":"has-post-thumbnail","6":"product_cat-kablosuz-kulaklik-kablosuz-kulaklik","8":"first","9":"instock","10":"purchasable","11":"product-type-simple","12":"entry","13":"content-bg","14":"loop-entry"},"_links":{"self":[{"href":"https:\/\/www.hediyepazar.com\/index.php?rest_route=\/wp\/v2\/product\/110038","targetHints":{"allow":["GET"]}}],"collection":[{"href":"https:\/\/www.hediyepazar.com\/index.php?rest_route=\/wp\/v2\/product"}],"about":[{"href":"https:\/\/www.hediyepazar.com\/index.php?rest_route=\/wp\/v2\/types\/product"}],"replies":[{"embeddable":true,"href":"https:\/\/www.hediyepazar.com\/index.php?rest_route=%2Fwp%2Fv2%2Fcomments&post=110038"}],"wp:featuredmedia":[{"embeddable":true,"href":"https:\/\/www.hediyepazar.com\/index.php?rest_route=\/wp\/v2\/media\/110037"}],"wp:attachment":[{"href":"https:\/\/www.hediyepazar.com\/index.php?rest_route=%2Fwp%2Fv2%2Fmedia&parent=110038"}],"wp:term":[{"taxonomy":"product_brand","embeddable":true,"href":"https:\/\/www.hediyepazar.com\/index.php?rest_route=%2Fwp%2Fv2%2Fproduct_brand&post=110038"},{"taxonomy":"product_cat","embeddable":true,"href":"https:\/\/www.hediyepazar.com\/index.php?rest_route=%2Fwp%2Fv2%2Fproduct_cat&post=110038"},{"taxonomy":"product_tag","embeddable":true,"href":"https:\/\/www.hediyepazar.com\/index.php?rest_route=%2Fwp%2Fv2%2Fproduct_tag&post=110038"}],"curies":[{"name":"wp","href":"https:\/\/api.w.org\/{rel}","templated":true}]}}