{"id":110040,"date":"2026-05-05T03:44:12","date_gmt":"2026-05-05T06:44:12","guid":{"rendered":"https:\/\/www.hediyepazar.com\/?product=boyun-bantli-bluetooth-kulaklik-yuksek-ses-kaliteli-100-saat-kulaklik"},"modified":"2026-05-05T03:44:12","modified_gmt":"2026-05-05T06:44:12","slug":"boyun-bantli-bluetooth-kulaklik-yuksek-ses-kaliteli-100-saat-kulaklik","status":"publish","type":"product","link":"https:\/\/www.hediyepazar.com\/?product=boyun-bantli-bluetooth-kulaklik-yuksek-ses-kaliteli-100-saat-kulaklik","title":{"rendered":"Boyun Bantl\u0131 Bluetooth Kulakl\u0131k Y\u00fcksek Ses Kaliteli 100 Saat Kulakl\u0131k"},"content":{"rendered":"<p>Uzun S\u00fcreli Konfor ve PerformansErgonomik olarak tasarlanm\u0131\u015f kulakl\u0131klar, uzun s\u00fcreli kullan\u0131mlarda bile maksimum konfor sunar. Boynuz \u00e7ap\u0131 10 mm olan kulakl\u0131klar, kula\u011f\u0131n\u0131za m\u00fckemmel uyum sa\u011flayarak sesin d\u0131\u015far\u0131ya s\u0131zmas\u0131n\u0131 engeller ve net bir ses deneyimi ya\u015fat\u0131r. CVC g\u00fcr\u00fclt\u00fc \u00f6nleyici mikrofon sayesinde d\u0131\u015f ortam g\u00fcr\u00fclt\u00fcs\u00fc minimuma indirgenir, b\u00f6ylece telefon g\u00f6r\u00fc\u015fmelerinizde sesinizin netli\u011fi artar. 12 saate kadar kesintisiz m\u00fczik dinleme s\u00fcresi ve 7 g\u00fcn bekleme s\u00fcresi sunarak, g\u00fcnl\u00fck kullan\u0131mda uzun s\u00fcre dayan\u0131kl\u0131l\u0131k sa\u011flar.Performans ve Kullan\u0131m Kolayl\u0131\u011f\u0131Kulakl\u0131\u011f\u0131n g\u00fc\u00e7l\u00fc pil kapasitesi, 80mAh batarya ile yakla\u015f\u0131k 2 saatlik \u015farj s\u00fcresiyle 12 saate kadar kesintisiz m\u00fczik dinleme veya g\u00f6r\u00fc\u015fme imkan\u0131 tan\u0131r. Bekleme s\u00fcresi ise 100 saate kadar \u00e7\u0131kar, b\u00f6ylece uzun s\u00fcre \u015farj etmeden kullanabilirsiniz. Frekans tepki aral\u0131\u011f\u0131 20-20kHz, hoparl\u00f6r hassasiyeti ise 98dB ile m\u00fczik ve sesler son derece net ve do\u011fal bir \u015fekilde duyulabilir.<\/p>\n","protected":false},"excerpt":{"rendered":"<p>Uzun S\u00fcreli Konfor ve PerformansErgonomik olarak tasarlanm\u0131\u015f kulakl\u0131klar, uzun s\u00fcreli kullan\u0131mlarda bile maksimum konfor sunar. Boynuz \u00e7ap\u0131 10 mm olan kulakl\u0131klar, kula\u011f\u0131n\u0131za m\u00fckemmel uyum sa\u011flayarak sesin d\u0131\u015far\u0131ya s\u0131zmas\u0131n\u0131 engeller ve net bir ses deneyimi ya\u015fat\u0131r. CVC g\u00fcr\u00fclt\u00fc \u00f6nleyici mikrofon sayesinde d\u0131\u015f ortam g\u00fcr\u00fclt\u00fcs\u00fc minimuma indirgenir, b\u00f6ylece telefon g\u00f6r\u00fc\u015fmelerinizde sesinizin netli\u011fi artar. 12 saate kadar kesintisiz&#8230;<\/p>\n","protected":false},"featured_media":110039,"comment_status":"open","ping_status":"closed","template":"","meta":{"_kad_post_transparent":"","_kad_post_title":"","_kad_post_layout":"","_kad_post_sidebar_id":"","_kad_post_content_style":"","_kad_post_vertical_padding":"","_kad_post_feature":"","_kad_post_feature_position":"","_kad_post_header":false,"_kad_post_footer":false,"_kad_post_classname":""},"product_brand":[],"product_cat":[14957],"product_tag":[],"class_list":{"0":"post-110040","1":"product","2":"type-product","3":"status-publish","4":"has-post-thumbnail","6":"product_cat-kablosuz-kulaklik-kablosuz-kulaklik","8":"first","9":"instock","10":"purchasable","11":"product-type-simple","12":"entry","13":"content-bg","14":"loop-entry"},"_links":{"self":[{"href":"https:\/\/www.hediyepazar.com\/index.php?rest_route=\/wp\/v2\/product\/110040","targetHints":{"allow":["GET"]}}],"collection":[{"href":"https:\/\/www.hediyepazar.com\/index.php?rest_route=\/wp\/v2\/product"}],"about":[{"href":"https:\/\/www.hediyepazar.com\/index.php?rest_route=\/wp\/v2\/types\/product"}],"replies":[{"embeddable":true,"href":"https:\/\/www.hediyepazar.com\/index.php?rest_route=%2Fwp%2Fv2%2Fcomments&post=110040"}],"wp:featuredmedia":[{"embeddable":true,"href":"https:\/\/www.hediyepazar.com\/index.php?rest_route=\/wp\/v2\/media\/110039"}],"wp:attachment":[{"href":"https:\/\/www.hediyepazar.com\/index.php?rest_route=%2Fwp%2Fv2%2Fmedia&parent=110040"}],"wp:term":[{"taxonomy":"product_brand","embeddable":true,"href":"https:\/\/www.hediyepazar.com\/index.php?rest_route=%2Fwp%2Fv2%2Fproduct_brand&post=110040"},{"taxonomy":"product_cat","embeddable":true,"href":"https:\/\/www.hediyepazar.com\/index.php?rest_route=%2Fwp%2Fv2%2Fproduct_cat&post=110040"},{"taxonomy":"product_tag","embeddable":true,"href":"https:\/\/www.hediyepazar.com\/index.php?rest_route=%2Fwp%2Fv2%2Fproduct_tag&post=110040"}],"curies":[{"name":"wp","href":"https:\/\/api.w.org\/{rel}","templated":true}]}}