{"id":110042,"date":"2026-05-05T03:44:16","date_gmt":"2026-05-05T06:44:16","guid":{"rendered":"https:\/\/www.hediyepazar.com\/?product=dijital-gostergeli-kulak-ici-kablosuz-bluetooth-kulaklik-boyun-bantli"},"modified":"2026-05-05T03:44:16","modified_gmt":"2026-05-05T06:44:16","slug":"dijital-gostergeli-kulak-ici-kablosuz-bluetooth-kulaklik-boyun-bantli","status":"publish","type":"product","link":"https:\/\/www.hediyepazar.com\/?product=dijital-gostergeli-kulak-ici-kablosuz-bluetooth-kulaklik-boyun-bantli","title":{"rendered":"Dijital G\u00f6stergeli Kulak \u0130\u00e7i Kablosuz Bluetooth Kulakl\u0131k Boyun Bantl\u0131"},"content":{"rendered":"<p>Bluetooth 5.0 teknolojisi ile donat\u0131lm\u0131\u015f bu kulakl\u0131k, stabil ve h\u0131zl\u0131 ba\u011flant\u0131 sunarak m\u00fczik dinlerken veya telefon g\u00f6r\u00fc\u015fmesi yaparken kesintisiz bir deneyim sa\u011flar. 10 metreye kadar eri\u015fim mesafesi, cihaz\u0131n\u0131zla olan ba\u011flant\u0131n\u0131n her zaman g\u00fc\u00e7l\u00fc ve g\u00fcvenilir olmas\u0131n\u0131 garantiler. Bu, hareket halindeyken bile cihaz\u0131n\u0131zdan uzakla\u015fsan\u0131z bile ses kayb\u0131 ya\u015famayaca\u011f\u0131n\u0131z anlam\u0131na gelir. Ayr\u0131ca, Bluetooth 5.0 ile daha d\u00fc\u015f\u00fck enerji t\u00fcketimi ve daha h\u0131zl\u0131 veri aktar\u0131m\u0131 sa\u011flan\u0131r, b\u00f6ylece pil \u00f6mr\u00fc uzun s\u00fcre dayan\u0131r.<\/p>\n","protected":false},"excerpt":{"rendered":"<p>Bluetooth 5.0 teknolojisi ile donat\u0131lm\u0131\u015f bu kulakl\u0131k, stabil ve h\u0131zl\u0131 ba\u011flant\u0131 sunarak m\u00fczik dinlerken veya telefon g\u00f6r\u00fc\u015fmesi yaparken kesintisiz bir deneyim sa\u011flar. 10 metreye kadar eri\u015fim mesafesi, cihaz\u0131n\u0131zla olan ba\u011flant\u0131n\u0131n her zaman g\u00fc\u00e7l\u00fc ve g\u00fcvenilir olmas\u0131n\u0131 garantiler. Bu, hareket halindeyken bile cihaz\u0131n\u0131zdan uzakla\u015fsan\u0131z bile ses kayb\u0131 ya\u015famayaca\u011f\u0131n\u0131z anlam\u0131na gelir. Ayr\u0131ca, Bluetooth 5.0 ile daha d\u00fc\u015f\u00fck&#8230;<\/p>\n","protected":false},"featured_media":110041,"comment_status":"open","ping_status":"closed","template":"","meta":{"_kad_post_transparent":"","_kad_post_title":"","_kad_post_layout":"","_kad_post_sidebar_id":"","_kad_post_content_style":"","_kad_post_vertical_padding":"","_kad_post_feature":"","_kad_post_feature_position":"","_kad_post_header":false,"_kad_post_footer":false,"_kad_post_classname":""},"product_brand":[],"product_cat":[14957],"product_tag":[],"class_list":{"0":"post-110042","1":"product","2":"type-product","3":"status-publish","4":"has-post-thumbnail","6":"product_cat-kablosuz-kulaklik-kablosuz-kulaklik","8":"first","9":"instock","10":"purchasable","11":"product-type-simple","12":"entry","13":"content-bg","14":"loop-entry"},"_links":{"self":[{"href":"https:\/\/www.hediyepazar.com\/index.php?rest_route=\/wp\/v2\/product\/110042","targetHints":{"allow":["GET"]}}],"collection":[{"href":"https:\/\/www.hediyepazar.com\/index.php?rest_route=\/wp\/v2\/product"}],"about":[{"href":"https:\/\/www.hediyepazar.com\/index.php?rest_route=\/wp\/v2\/types\/product"}],"replies":[{"embeddable":true,"href":"https:\/\/www.hediyepazar.com\/index.php?rest_route=%2Fwp%2Fv2%2Fcomments&post=110042"}],"wp:featuredmedia":[{"embeddable":true,"href":"https:\/\/www.hediyepazar.com\/index.php?rest_route=\/wp\/v2\/media\/110041"}],"wp:attachment":[{"href":"https:\/\/www.hediyepazar.com\/index.php?rest_route=%2Fwp%2Fv2%2Fmedia&parent=110042"}],"wp:term":[{"taxonomy":"product_brand","embeddable":true,"href":"https:\/\/www.hediyepazar.com\/index.php?rest_route=%2Fwp%2Fv2%2Fproduct_brand&post=110042"},{"taxonomy":"product_cat","embeddable":true,"href":"https:\/\/www.hediyepazar.com\/index.php?rest_route=%2Fwp%2Fv2%2Fproduct_cat&post=110042"},{"taxonomy":"product_tag","embeddable":true,"href":"https:\/\/www.hediyepazar.com\/index.php?rest_route=%2Fwp%2Fv2%2Fproduct_tag&post=110042"}],"curies":[{"name":"wp","href":"https:\/\/api.w.org\/{rel}","templated":true}]}}