{"id":110048,"date":"2026-05-05T03:45:02","date_gmt":"2026-05-05T06:45:02","guid":{"rendered":"https:\/\/www.hediyepazar.com\/?product=kablolu-boyun-askili-dijital-gostergeli-bluetooth-kulakligi-60-saat"},"modified":"2026-05-05T03:45:02","modified_gmt":"2026-05-05T06:45:02","slug":"kablolu-boyun-askili-dijital-gostergeli-bluetooth-kulakligi-60-saat","status":"publish","type":"product","link":"https:\/\/www.hediyepazar.com\/?product=kablolu-boyun-askili-dijital-gostergeli-bluetooth-kulakligi-60-saat","title":{"rendered":"Kablolu Boyun Ask\u0131l\u0131 Dijital G\u00f6stergeli Bluetooth Kulakl\u0131\u011f\u0131 60 Saat"},"content":{"rendered":"<p>Dahili mikrofonu, sesinizi kristal netli\u011finde ileterek telefon g\u00f6r\u00fc\u015fmelerinizi hem kolay hem de anla\u015f\u0131l\u0131r hale getirir. Aramalarda \u00fcst\u00fcn performans sunan bu \u00f6zellik, eller serbest konu\u015fma deneyimini bir \u00fcst seviyeye ta\u015f\u0131r.Aktif G\u00fcr\u00fclt\u00fc \u00d6nleme (ANC) teknolojisi, d\u0131\u015f \u00e7evredeki istenmeyen sesleri etkili bir \u015fekilde izole ederek m\u00fczik veya aramalara tam anlam\u0131yla odaklanman\u0131z\u0131 sa\u011flar. G\u00fcr\u00fclt\u00fcl\u00fc ortamlarda bile kaliteli bir dinleme deneyimi sunar, bu sayede keyfiniz hi\u00e7bir zaman yar\u0131m kalmaz.Dokunmatik kontrol paneli sayesinde, cihaz\u0131n\u0131z\u0131 yaln\u0131zca parmak u\u00e7lar\u0131n\u0131zla kolayca y\u00f6netebilirsiniz. M\u00fczikler aras\u0131nda ge\u00e7i\u015f yapmak, \u00e7a\u011fr\u0131lar\u0131 yan\u0131tlamak veya sonland\u0131rmak hi\u00e7 olmad\u0131\u011f\u0131 kadar pratik hale gelir. Bu yenilik\u00e7i tasar\u0131m, hem modern hem de kullan\u0131c\u0131 dostu bir kullan\u0131m deneyimi sunar.<\/p>\n","protected":false},"excerpt":{"rendered":"<p>Dahili mikrofonu, sesinizi kristal netli\u011finde ileterek telefon g\u00f6r\u00fc\u015fmelerinizi hem kolay hem de anla\u015f\u0131l\u0131r hale getirir. Aramalarda \u00fcst\u00fcn performans sunan bu \u00f6zellik, eller serbest konu\u015fma deneyimini bir \u00fcst seviyeye ta\u015f\u0131r.Aktif G\u00fcr\u00fclt\u00fc \u00d6nleme (ANC) teknolojisi, d\u0131\u015f \u00e7evredeki istenmeyen sesleri etkili bir \u015fekilde izole ederek m\u00fczik veya aramalara tam anlam\u0131yla odaklanman\u0131z\u0131 sa\u011flar. G\u00fcr\u00fclt\u00fcl\u00fc ortamlarda bile kaliteli bir dinleme&#8230;<\/p>\n","protected":false},"featured_media":110047,"comment_status":"open","ping_status":"closed","template":"","meta":{"_kad_post_transparent":"","_kad_post_title":"","_kad_post_layout":"","_kad_post_sidebar_id":"","_kad_post_content_style":"","_kad_post_vertical_padding":"","_kad_post_feature":"","_kad_post_feature_position":"","_kad_post_header":false,"_kad_post_footer":false,"_kad_post_classname":""},"product_brand":[],"product_cat":[14957],"product_tag":[],"class_list":{"0":"post-110048","1":"product","2":"type-product","3":"status-publish","4":"has-post-thumbnail","6":"product_cat-kablosuz-kulaklik-kablosuz-kulaklik","8":"first","9":"instock","10":"purchasable","11":"product-type-simple","12":"entry","13":"content-bg","14":"loop-entry"},"_links":{"self":[{"href":"https:\/\/www.hediyepazar.com\/index.php?rest_route=\/wp\/v2\/product\/110048","targetHints":{"allow":["GET"]}}],"collection":[{"href":"https:\/\/www.hediyepazar.com\/index.php?rest_route=\/wp\/v2\/product"}],"about":[{"href":"https:\/\/www.hediyepazar.com\/index.php?rest_route=\/wp\/v2\/types\/product"}],"replies":[{"embeddable":true,"href":"https:\/\/www.hediyepazar.com\/index.php?rest_route=%2Fwp%2Fv2%2Fcomments&post=110048"}],"wp:featuredmedia":[{"embeddable":true,"href":"https:\/\/www.hediyepazar.com\/index.php?rest_route=\/wp\/v2\/media\/110047"}],"wp:attachment":[{"href":"https:\/\/www.hediyepazar.com\/index.php?rest_route=%2Fwp%2Fv2%2Fmedia&parent=110048"}],"wp:term":[{"taxonomy":"product_brand","embeddable":true,"href":"https:\/\/www.hediyepazar.com\/index.php?rest_route=%2Fwp%2Fv2%2Fproduct_brand&post=110048"},{"taxonomy":"product_cat","embeddable":true,"href":"https:\/\/www.hediyepazar.com\/index.php?rest_route=%2Fwp%2Fv2%2Fproduct_cat&post=110048"},{"taxonomy":"product_tag","embeddable":true,"href":"https:\/\/www.hediyepazar.com\/index.php?rest_route=%2Fwp%2Fv2%2Fproduct_tag&post=110048"}],"curies":[{"name":"wp","href":"https:\/\/api.w.org\/{rel}","templated":true}]}}