{"id":110050,"date":"2026-05-05T03:45:08","date_gmt":"2026-05-05T06:45:08","guid":{"rendered":"https:\/\/www.hediyepazar.com\/?product=yeni-nesil-rgb-isikli-10metre-serit-led-kumandali-sarj-edilebilir"},"modified":"2026-05-05T03:45:08","modified_gmt":"2026-05-05T06:45:08","slug":"yeni-nesil-rgb-isikli-10metre-serit-led-kumandali-sarj-edilebilir","status":"publish","type":"product","link":"https:\/\/www.hediyepazar.com\/?product=yeni-nesil-rgb-isikli-10metre-serit-led-kumandali-sarj-edilebilir","title":{"rendered":"Yeni Nesil RGB I\u015f\u0131kl\u0131 10Metre \u015eerit Led Kumandal\u0131 \u015earj Edilebilir"},"content":{"rendered":"<p>Kumandal\u0131 kontrol sistemiyle donat\u0131lm\u0131\u015f Smart \u015eerit LED, farkl\u0131 alanlarda rahat\u00e7a kullan\u0131labilir. Renk ge\u00e7i\u015fleri, parlakl\u0131k ayarlar\u0131 ve efektler gibi pek \u00e7ok \u00f6zelli\u011fi tek bir tu\u015fla kontrol ederek ortam\u0131n\u0131z\u0131 istedi\u011finiz gibi \u015fekillendirebilirsiniz.USB enerji giri\u015fi sayesinde ta\u015f\u0131nabilir bir kullan\u0131m sunan bu \u00fcr\u00fcn, hem i\u00e7 hem de d\u0131\u015f mekanlarda kullan\u0131ma uygundur. Suya dayan\u0131kl\u0131 LED yap\u0131s\u0131yla \u00e7e\u015fitli dekorasyonlar, ambiyans \u0131\u015f\u0131klar\u0131 ve etkinliklerde harika bir atmosfer yarat\u0131r. M\u00fczi\u011fe duyarl\u0131 modu sayesinde, ayd\u0131nlatman\u0131z\u0131 ritmik ve e\u011flenceli bir hale d\u00f6n\u00fc\u015ft\u00fcrebilirsiniz.<\/p>\n","protected":false},"excerpt":{"rendered":"<p>Kumandal\u0131 kontrol sistemiyle donat\u0131lm\u0131\u015f Smart \u015eerit LED, farkl\u0131 alanlarda rahat\u00e7a kullan\u0131labilir. Renk ge\u00e7i\u015fleri, parlakl\u0131k ayarlar\u0131 ve efektler gibi pek \u00e7ok \u00f6zelli\u011fi tek bir tu\u015fla kontrol ederek ortam\u0131n\u0131z\u0131 istedi\u011finiz gibi \u015fekillendirebilirsiniz.USB enerji giri\u015fi sayesinde ta\u015f\u0131nabilir bir kullan\u0131m sunan bu \u00fcr\u00fcn, hem i\u00e7 hem de d\u0131\u015f mekanlarda kullan\u0131ma uygundur. Suya dayan\u0131kl\u0131 LED yap\u0131s\u0131yla \u00e7e\u015fitli dekorasyonlar, ambiyans \u0131\u015f\u0131klar\u0131&#8230;<\/p>\n","protected":false},"featured_media":110049,"comment_status":"open","ping_status":"closed","template":"","meta":{"_kad_post_transparent":"","_kad_post_title":"","_kad_post_layout":"","_kad_post_sidebar_id":"","_kad_post_content_style":"","_kad_post_vertical_padding":"","_kad_post_feature":"","_kad_post_feature_position":"","_kad_post_header":false,"_kad_post_footer":false,"_kad_post_classname":""},"product_brand":[],"product_cat":[14933],"product_tag":[],"class_list":{"0":"post-110050","1":"product","2":"type-product","3":"status-publish","4":"has-post-thumbnail","6":"product_cat-led-isik-led-isik","8":"first","9":"instock","10":"purchasable","11":"product-type-simple","12":"entry","13":"content-bg","14":"loop-entry"},"_links":{"self":[{"href":"https:\/\/www.hediyepazar.com\/index.php?rest_route=\/wp\/v2\/product\/110050","targetHints":{"allow":["GET"]}}],"collection":[{"href":"https:\/\/www.hediyepazar.com\/index.php?rest_route=\/wp\/v2\/product"}],"about":[{"href":"https:\/\/www.hediyepazar.com\/index.php?rest_route=\/wp\/v2\/types\/product"}],"replies":[{"embeddable":true,"href":"https:\/\/www.hediyepazar.com\/index.php?rest_route=%2Fwp%2Fv2%2Fcomments&post=110050"}],"wp:featuredmedia":[{"embeddable":true,"href":"https:\/\/www.hediyepazar.com\/index.php?rest_route=\/wp\/v2\/media\/110049"}],"wp:attachment":[{"href":"https:\/\/www.hediyepazar.com\/index.php?rest_route=%2Fwp%2Fv2%2Fmedia&parent=110050"}],"wp:term":[{"taxonomy":"product_brand","embeddable":true,"href":"https:\/\/www.hediyepazar.com\/index.php?rest_route=%2Fwp%2Fv2%2Fproduct_brand&post=110050"},{"taxonomy":"product_cat","embeddable":true,"href":"https:\/\/www.hediyepazar.com\/index.php?rest_route=%2Fwp%2Fv2%2Fproduct_cat&post=110050"},{"taxonomy":"product_tag","embeddable":true,"href":"https:\/\/www.hediyepazar.com\/index.php?rest_route=%2Fwp%2Fv2%2Fproduct_tag&post=110050"}],"curies":[{"name":"wp","href":"https:\/\/api.w.org\/{rel}","templated":true}]}}