{"id":110052,"date":"2026-05-05T03:45:13","date_gmt":"2026-05-05T06:45:13","guid":{"rendered":"https:\/\/www.hediyepazar.com\/?product=smart-serit-led-tv-arkasi-renkli-kumandali-10-metre"},"modified":"2026-05-05T03:45:13","modified_gmt":"2026-05-05T06:45:13","slug":"smart-serit-led-tv-arkasi-renkli-kumandali-10-metre","status":"publish","type":"product","link":"https:\/\/www.hediyepazar.com\/?product=smart-serit-led-tv-arkasi-renkli-kumandali-10-metre","title":{"rendered":"Smart \u015eerit Led TV Arkas\u0131 Renkli Kumandal\u0131 10 Metre"},"content":{"rendered":"<p>Smart \u015eerit LED, kumanda \u00fczerinden kolayca kontrol edilebilen modern bir ayd\u0131nlatma sistemidir. Renk ve parlakl\u0131k ayarlar\u0131 gibi bir\u00e7ok \u00f6zelli\u011fi kullanarak istedi\u011finiz ambiyans\u0131 yaratabilirsiniz. \u0130ster TV arkas\u0131, ister yatak alt\u0131 ayd\u0131nlatmas\u0131 olsun, bu \u00fcr\u00fcn her ortamda i\u015flevselli\u011fiyle fark yarat\u0131r.USB ba\u011flant\u0131s\u0131yla \u00e7al\u0131\u015fan bu \u015ferit LED, elektrik prizine ihtiya\u00e7 duymadan televizyon, bilgisayar veya powerbank gibi cihazlardan g\u00fc\u00e7 alabilir. Ses alg\u0131lama \u00f6zelli\u011fiyle, m\u00fczik veya konu\u015fma gibi seslere duyarl\u0131 hale gelerek ayd\u0131nlatmay\u0131 otomatik olarak senkronize eder.<\/p>\n","protected":false},"excerpt":{"rendered":"<p>Smart \u015eerit LED, kumanda \u00fczerinden kolayca kontrol edilebilen modern bir ayd\u0131nlatma sistemidir. Renk ve parlakl\u0131k ayarlar\u0131 gibi bir\u00e7ok \u00f6zelli\u011fi kullanarak istedi\u011finiz ambiyans\u0131 yaratabilirsiniz. \u0130ster TV arkas\u0131, ister yatak alt\u0131 ayd\u0131nlatmas\u0131 olsun, bu \u00fcr\u00fcn her ortamda i\u015flevselli\u011fiyle fark yarat\u0131r.USB ba\u011flant\u0131s\u0131yla \u00e7al\u0131\u015fan bu \u015ferit LED, elektrik prizine ihtiya\u00e7 duymadan televizyon, bilgisayar veya powerbank gibi cihazlardan g\u00fc\u00e7 alabilir&#8230;.<\/p>\n","protected":false},"featured_media":110051,"comment_status":"open","ping_status":"closed","template":"","meta":{"_kad_post_transparent":"","_kad_post_title":"","_kad_post_layout":"","_kad_post_sidebar_id":"","_kad_post_content_style":"","_kad_post_vertical_padding":"","_kad_post_feature":"","_kad_post_feature_position":"","_kad_post_header":false,"_kad_post_footer":false,"_kad_post_classname":""},"product_brand":[],"product_cat":[14933],"product_tag":[],"class_list":{"0":"post-110052","1":"product","2":"type-product","3":"status-publish","4":"has-post-thumbnail","6":"product_cat-led-isik-led-isik","8":"first","9":"instock","10":"purchasable","11":"product-type-simple","12":"entry","13":"content-bg","14":"loop-entry"},"_links":{"self":[{"href":"https:\/\/www.hediyepazar.com\/index.php?rest_route=\/wp\/v2\/product\/110052","targetHints":{"allow":["GET"]}}],"collection":[{"href":"https:\/\/www.hediyepazar.com\/index.php?rest_route=\/wp\/v2\/product"}],"about":[{"href":"https:\/\/www.hediyepazar.com\/index.php?rest_route=\/wp\/v2\/types\/product"}],"replies":[{"embeddable":true,"href":"https:\/\/www.hediyepazar.com\/index.php?rest_route=%2Fwp%2Fv2%2Fcomments&post=110052"}],"wp:featuredmedia":[{"embeddable":true,"href":"https:\/\/www.hediyepazar.com\/index.php?rest_route=\/wp\/v2\/media\/110051"}],"wp:attachment":[{"href":"https:\/\/www.hediyepazar.com\/index.php?rest_route=%2Fwp%2Fv2%2Fmedia&parent=110052"}],"wp:term":[{"taxonomy":"product_brand","embeddable":true,"href":"https:\/\/www.hediyepazar.com\/index.php?rest_route=%2Fwp%2Fv2%2Fproduct_brand&post=110052"},{"taxonomy":"product_cat","embeddable":true,"href":"https:\/\/www.hediyepazar.com\/index.php?rest_route=%2Fwp%2Fv2%2Fproduct_cat&post=110052"},{"taxonomy":"product_tag","embeddable":true,"href":"https:\/\/www.hediyepazar.com\/index.php?rest_route=%2Fwp%2Fv2%2Fproduct_tag&post=110052"}],"curies":[{"name":"wp","href":"https:\/\/api.w.org\/{rel}","templated":true}]}}