{"id":110060,"date":"2026-05-05T03:46:05","date_gmt":"2026-05-05T06:46:05","guid":{"rendered":"https:\/\/www.hediyepazar.com\/?product=gizli-kasa-kitap-gorunumlu-anahtarli-celik-mini-kasa"},"modified":"2026-05-05T03:46:05","modified_gmt":"2026-05-05T06:46:05","slug":"gizli-kasa-kitap-gorunumlu-anahtarli-celik-mini-kasa","status":"publish","type":"product","link":"https:\/\/www.hediyepazar.com\/?product=gizli-kasa-kitap-gorunumlu-anahtarli-celik-mini-kasa","title":{"rendered":"Gizli Kasa Kitap G\u00f6r\u00fcn\u00fcml\u00fc Anahtarl\u0131 \u00c7elik Mini Kasa"},"content":{"rendered":"<p>Gizli kitap kasa, de\u011ferli e\u015fyalar\u0131n\u0131z\u0131 g\u00fcvenle saklaman\u0131z i\u00e7in tasarlanm\u0131\u015f pratik ve \u015f\u0131k bir g\u00fcvenlik \u00e7\u00f6z\u00fcm\u00fcd\u00fcr. \u0130ngilizce s\u00f6zl\u00fck g\u00f6r\u00fcn\u00fcm\u00fcne sahip d\u0131\u015f cildi, evinizde veya ofisinizde dikkat \u00e7ekmeden dolaplar\u0131n\u0131zda saklanabilir. Bu \u00fcr\u00fcn, d\u0131\u015far\u0131dan s\u0131radan bir kitap gibi g\u00f6r\u00fcn\u00fcp i\u00e7 k\u0131sm\u0131nda dayan\u0131kl\u0131 metal bir kasa bar\u0131nd\u0131r\u0131r. \u0130\u00e7indeki kilitli kasa, iki adet anahtar\u0131yla birlikte gelir, b\u00f6ylece yaln\u0131zca sizin eri\u015fiminize a\u00e7\u0131k bir g\u00fcvenlik sa\u011flar. Tak\u0131lar\u0131n\u0131z, \u00f6nemli evraklar\u0131n\u0131z ya da \u00f6zel e\u015fyalar\u0131n\u0131z i\u00e7in ideal bir saklama alan\u0131 sunar. 18,5 x 11,5 x 5,6 cm boyutlar\u0131 sayesinde kitapl\u0131\u011f\u0131n\u0131zda kolayca kamufle olur ve d\u00fczeninizi bozmadan e\u015fyalar\u0131n\u0131z\u0131 korur.<\/p>\n","protected":false},"excerpt":{"rendered":"<p>Gizli kitap kasa, de\u011ferli e\u015fyalar\u0131n\u0131z\u0131 g\u00fcvenle saklaman\u0131z i\u00e7in tasarlanm\u0131\u015f pratik ve \u015f\u0131k bir g\u00fcvenlik \u00e7\u00f6z\u00fcm\u00fcd\u00fcr. \u0130ngilizce s\u00f6zl\u00fck g\u00f6r\u00fcn\u00fcm\u00fcne sahip d\u0131\u015f cildi, evinizde veya ofisinizde dikkat \u00e7ekmeden dolaplar\u0131n\u0131zda saklanabilir. Bu \u00fcr\u00fcn, d\u0131\u015far\u0131dan s\u0131radan bir kitap gibi g\u00f6r\u00fcn\u00fcp i\u00e7 k\u0131sm\u0131nda dayan\u0131kl\u0131 metal bir kasa bar\u0131nd\u0131r\u0131r. \u0130\u00e7indeki kilitli kasa, iki adet anahtar\u0131yla birlikte gelir, b\u00f6ylece yaln\u0131zca sizin eri\u015fiminize&#8230;<\/p>\n","protected":false},"featured_media":110059,"comment_status":"open","ping_status":"closed","template":"","meta":{"_kad_post_transparent":"","_kad_post_title":"","_kad_post_layout":"","_kad_post_sidebar_id":"","_kad_post_content_style":"","_kad_post_vertical_padding":"","_kad_post_feature":"","_kad_post_feature_position":"","_kad_post_header":false,"_kad_post_footer":false,"_kad_post_classname":""},"product_brand":[],"product_cat":[14981],"product_tag":[],"class_list":{"0":"post-110060","1":"product","2":"type-product","3":"status-publish","4":"has-post-thumbnail","6":"product_cat-store-celik-kasa-store-celik-kasa","8":"first","9":"instock","10":"purchasable","11":"product-type-simple","12":"entry","13":"content-bg","14":"loop-entry"},"_links":{"self":[{"href":"https:\/\/www.hediyepazar.com\/index.php?rest_route=\/wp\/v2\/product\/110060","targetHints":{"allow":["GET"]}}],"collection":[{"href":"https:\/\/www.hediyepazar.com\/index.php?rest_route=\/wp\/v2\/product"}],"about":[{"href":"https:\/\/www.hediyepazar.com\/index.php?rest_route=\/wp\/v2\/types\/product"}],"replies":[{"embeddable":true,"href":"https:\/\/www.hediyepazar.com\/index.php?rest_route=%2Fwp%2Fv2%2Fcomments&post=110060"}],"wp:featuredmedia":[{"embeddable":true,"href":"https:\/\/www.hediyepazar.com\/index.php?rest_route=\/wp\/v2\/media\/110059"}],"wp:attachment":[{"href":"https:\/\/www.hediyepazar.com\/index.php?rest_route=%2Fwp%2Fv2%2Fmedia&parent=110060"}],"wp:term":[{"taxonomy":"product_brand","embeddable":true,"href":"https:\/\/www.hediyepazar.com\/index.php?rest_route=%2Fwp%2Fv2%2Fproduct_brand&post=110060"},{"taxonomy":"product_cat","embeddable":true,"href":"https:\/\/www.hediyepazar.com\/index.php?rest_route=%2Fwp%2Fv2%2Fproduct_cat&post=110060"},{"taxonomy":"product_tag","embeddable":true,"href":"https:\/\/www.hediyepazar.com\/index.php?rest_route=%2Fwp%2Fv2%2Fproduct_tag&post=110060"}],"curies":[{"name":"wp","href":"https:\/\/api.w.org\/{rel}","templated":true}]}}