{"id":110074,"date":"2026-05-05T03:48:06","date_gmt":"2026-05-05T06:48:06","guid":{"rendered":"https:\/\/www.hediyepazar.com\/?product=kontrol-kalemi-nikel-kaplama-cift-baslikli-test-cihazi"},"modified":"2026-05-05T03:48:06","modified_gmt":"2026-05-05T06:48:06","slug":"kontrol-kalemi-nikel-kaplama-cift-baslikli-test-cihazi","status":"publish","type":"product","link":"https:\/\/www.hediyepazar.com\/?product=kontrol-kalemi-nikel-kaplama-cift-baslikli-test-cihazi","title":{"rendered":"Kontrol Kalemi Nikel Kaplama \u00c7ift Ba\u015fl\u0131kl\u0131 Test Cihaz\u0131"},"content":{"rendered":"<p>110V-220V aras\u0131nda \u00e7al\u0131\u015fan elektrik direnci sayesinde geni\u015f bir kullan\u0131m alan\u0131 sunan \u00fcr\u00fcn, kolay g\u00f6r\u00fcnebilen neon lambas\u0131 ile pratiklik sa\u011flar. Nikel kaplama ile korunan yap\u0131s\u0131, korozyon direncinde \u00fcst d\u00fczey bir koruma sunarak zorlu ko\u015fullarda bile maksimum dayan\u0131kl\u0131l\u0131k sa\u011flar. Hassas i\u015flenmi\u015f u\u00e7lar, vida yuvalar\u0131na tam oturmay\u0131 garantileyerek i\u015flerinizi h\u0131zl\u0131 ve verimli bir \u015fekilde ger\u00e7ekle\u015ftirmenize olanak tan\u0131r. G\u00fc\u00e7l\u00fc ve g\u00fcvenilir yap\u0131s\u0131yla g\u00fcnl\u00fck i\u015flerinize \u00e7\u00f6z\u00fcm getirir.<\/p>\n","protected":false},"excerpt":{"rendered":"<p>110V-220V aras\u0131nda \u00e7al\u0131\u015fan elektrik direnci sayesinde geni\u015f bir kullan\u0131m alan\u0131 sunan \u00fcr\u00fcn, kolay g\u00f6r\u00fcnebilen neon lambas\u0131 ile pratiklik sa\u011flar. Nikel kaplama ile korunan yap\u0131s\u0131, korozyon direncinde \u00fcst d\u00fczey bir koruma sunarak zorlu ko\u015fullarda bile maksimum dayan\u0131kl\u0131l\u0131k sa\u011flar. Hassas i\u015flenmi\u015f u\u00e7lar, vida yuvalar\u0131na tam oturmay\u0131 garantileyerek i\u015flerinizi h\u0131zl\u0131 ve verimli bir \u015fekilde ger\u00e7ekle\u015ftirmenize olanak tan\u0131r. G\u00fc\u00e7l\u00fc&#8230;<\/p>\n","protected":false},"featured_media":110073,"comment_status":"open","ping_status":"closed","template":"","meta":{"_kad_post_transparent":"","_kad_post_title":"","_kad_post_layout":"","_kad_post_sidebar_id":"","_kad_post_content_style":"","_kad_post_vertical_padding":"","_kad_post_feature":"","_kad_post_feature_position":"","_kad_post_header":false,"_kad_post_footer":false,"_kad_post_classname":""},"product_brand":[],"product_cat":[15000],"product_tag":[],"class_list":{"0":"post-110074","1":"product","2":"type-product","3":"status-publish","4":"has-post-thumbnail","6":"product_cat-tornavida-tornavida-2","8":"first","9":"instock","10":"purchasable","11":"product-type-simple","12":"entry","13":"content-bg","14":"loop-entry"},"_links":{"self":[{"href":"https:\/\/www.hediyepazar.com\/index.php?rest_route=\/wp\/v2\/product\/110074","targetHints":{"allow":["GET"]}}],"collection":[{"href":"https:\/\/www.hediyepazar.com\/index.php?rest_route=\/wp\/v2\/product"}],"about":[{"href":"https:\/\/www.hediyepazar.com\/index.php?rest_route=\/wp\/v2\/types\/product"}],"replies":[{"embeddable":true,"href":"https:\/\/www.hediyepazar.com\/index.php?rest_route=%2Fwp%2Fv2%2Fcomments&post=110074"}],"wp:featuredmedia":[{"embeddable":true,"href":"https:\/\/www.hediyepazar.com\/index.php?rest_route=\/wp\/v2\/media\/110073"}],"wp:attachment":[{"href":"https:\/\/www.hediyepazar.com\/index.php?rest_route=%2Fwp%2Fv2%2Fmedia&parent=110074"}],"wp:term":[{"taxonomy":"product_brand","embeddable":true,"href":"https:\/\/www.hediyepazar.com\/index.php?rest_route=%2Fwp%2Fv2%2Fproduct_brand&post=110074"},{"taxonomy":"product_cat","embeddable":true,"href":"https:\/\/www.hediyepazar.com\/index.php?rest_route=%2Fwp%2Fv2%2Fproduct_cat&post=110074"},{"taxonomy":"product_tag","embeddable":true,"href":"https:\/\/www.hediyepazar.com\/index.php?rest_route=%2Fwp%2Fv2%2Fproduct_tag&post=110074"}],"curies":[{"name":"wp","href":"https:\/\/api.w.org\/{rel}","templated":true}]}}