{"id":110080,"date":"2026-05-05T03:48:16","date_gmt":"2026-05-05T06:48:16","guid":{"rendered":"https:\/\/www.hediyepazar.com\/?product=gunes-enerjili-led-lamba-kamp-lambasi-katlanabilir-lamba-usb-sarjli"},"modified":"2026-05-05T03:48:16","modified_gmt":"2026-05-05T06:48:16","slug":"gunes-enerjili-led-lamba-kamp-lambasi-katlanabilir-lamba-usb-sarjli","status":"publish","type":"product","link":"https:\/\/www.hediyepazar.com\/?product=gunes-enerjili-led-lamba-kamp-lambasi-katlanabilir-lamba-usb-sarjli","title":{"rendered":"G\u00fcne\u015f Enerjili Led Lamba Kamp Lambas\u0131 Katlanabilir Lamba USB \u015earjl\u0131"},"content":{"rendered":"<p>Geli\u015fmi\u015f dokunmatik sens\u00f6r teknolojisi ile donat\u0131lm\u0131\u015f bu LED lamba, kolay ve h\u0131zl\u0131 kullan\u0131m sunar. Tek bir dokunu\u015fla lambay\u0131 a\u00e7\u0131p kapatabilir ve \u00fc\u00e7 farkl\u0131 ayd\u0131nlatma modu aras\u0131nda ge\u00e7i\u015f yapabilirsiniz. D\u00fc\u015f\u00fck, orta ve y\u00fcksek parlakl\u0131k se\u00e7enekleri, farkl\u0131 ihtiya\u00e7lar i\u00e7in ideal bir \u0131\u015f\u0131k seviyesi sa\u011flar. Ayarlanabilir ayd\u0131nlatma \u00f6zelli\u011fi, g\u00f6z yorgunlu\u011funu azaltarak hem \u00e7al\u0131\u015fma hem de dinlenme anlar\u0131n\u0131z\u0131 daha konforlu hale getirir. Bu yenilik\u00e7i tasar\u0131m, her t\u00fcrl\u00fc ortamda m\u00fckemmel bir kullan\u0131m deneyimi ya\u015fat\u0131r.<\/p>\n","protected":false},"excerpt":{"rendered":"<p>Geli\u015fmi\u015f dokunmatik sens\u00f6r teknolojisi ile donat\u0131lm\u0131\u015f bu LED lamba, kolay ve h\u0131zl\u0131 kullan\u0131m sunar. Tek bir dokunu\u015fla lambay\u0131 a\u00e7\u0131p kapatabilir ve \u00fc\u00e7 farkl\u0131 ayd\u0131nlatma modu aras\u0131nda ge\u00e7i\u015f yapabilirsiniz. D\u00fc\u015f\u00fck, orta ve y\u00fcksek parlakl\u0131k se\u00e7enekleri, farkl\u0131 ihtiya\u00e7lar i\u00e7in ideal bir \u0131\u015f\u0131k seviyesi sa\u011flar. Ayarlanabilir ayd\u0131nlatma \u00f6zelli\u011fi, g\u00f6z yorgunlu\u011funu azaltarak hem \u00e7al\u0131\u015fma hem de dinlenme anlar\u0131n\u0131z\u0131 daha&#8230;<\/p>\n","protected":false},"featured_media":110079,"comment_status":"open","ping_status":"closed","template":"","meta":{"_kad_post_transparent":"","_kad_post_title":"","_kad_post_layout":"","_kad_post_sidebar_id":"","_kad_post_content_style":"","_kad_post_vertical_padding":"","_kad_post_feature":"","_kad_post_feature_position":"","_kad_post_header":false,"_kad_post_footer":false,"_kad_post_classname":""},"product_brand":[],"product_cat":[14977],"product_tag":[],"class_list":{"0":"post-110080","1":"product","2":"type-product","3":"status-publish","4":"has-post-thumbnail","6":"product_cat-kamp-lambasi-kamp-lambasi","8":"first","9":"instock","10":"purchasable","11":"product-type-simple","12":"entry","13":"content-bg","14":"loop-entry"},"_links":{"self":[{"href":"https:\/\/www.hediyepazar.com\/index.php?rest_route=\/wp\/v2\/product\/110080","targetHints":{"allow":["GET"]}}],"collection":[{"href":"https:\/\/www.hediyepazar.com\/index.php?rest_route=\/wp\/v2\/product"}],"about":[{"href":"https:\/\/www.hediyepazar.com\/index.php?rest_route=\/wp\/v2\/types\/product"}],"replies":[{"embeddable":true,"href":"https:\/\/www.hediyepazar.com\/index.php?rest_route=%2Fwp%2Fv2%2Fcomments&post=110080"}],"wp:featuredmedia":[{"embeddable":true,"href":"https:\/\/www.hediyepazar.com\/index.php?rest_route=\/wp\/v2\/media\/110079"}],"wp:attachment":[{"href":"https:\/\/www.hediyepazar.com\/index.php?rest_route=%2Fwp%2Fv2%2Fmedia&parent=110080"}],"wp:term":[{"taxonomy":"product_brand","embeddable":true,"href":"https:\/\/www.hediyepazar.com\/index.php?rest_route=%2Fwp%2Fv2%2Fproduct_brand&post=110080"},{"taxonomy":"product_cat","embeddable":true,"href":"https:\/\/www.hediyepazar.com\/index.php?rest_route=%2Fwp%2Fv2%2Fproduct_cat&post=110080"},{"taxonomy":"product_tag","embeddable":true,"href":"https:\/\/www.hediyepazar.com\/index.php?rest_route=%2Fwp%2Fv2%2Fproduct_tag&post=110080"}],"curies":[{"name":"wp","href":"https:\/\/api.w.org\/{rel}","templated":true}]}}