{"id":110082,"date":"2026-05-05T03:48:20","date_gmt":"2026-05-05T06:48:20","guid":{"rendered":"https:\/\/www.hediyepazar.com\/?product=katlanabilir-kamp-lambasi-solar-fener-gorunumlu-3-kademeli-sarjli"},"modified":"2026-05-05T03:48:20","modified_gmt":"2026-05-05T06:48:20","slug":"katlanabilir-kamp-lambasi-solar-fener-gorunumlu-3-kademeli-sarjli","status":"publish","type":"product","link":"https:\/\/www.hediyepazar.com\/?product=katlanabilir-kamp-lambasi-solar-fener-gorunumlu-3-kademeli-sarjli","title":{"rendered":"Katlanabilir Kamp Lambas\u0131 Solar Fener G\u00f6r\u00fcn\u00fcml\u00fc 3 Kademeli \u015earjl\u0131"},"content":{"rendered":"<p>Katlanabilir 3 Kademeli 1200 mAh Dokunmatik LED Lamba, modern ve zarif bir tasar\u0131m\u0131 i\u015flevsellikle birle\u015ftiriyor. \u015e\u0131k ah\u015fap stand\u0131 ve akordeon fener g\u00f6r\u00fcn\u00fcm\u00fc, ya\u015fam alanlar\u0131n\u0131za estetik bir dokunu\u015f katar. Hem i\u00e7 hem de d\u0131\u015f mekanlar i\u00e7in ideal olan bu \u00fcr\u00fcn, her ortamda uyum sa\u011flayan tasar\u0131m\u0131yla dikkat \u00e7ekiyor. Kompakt yap\u0131s\u0131 sayesinde kolay ta\u015f\u0131nabilir olan lamba, elektrik kesintilerinde, okuma s\u0131ras\u0131nda veya dekoratif bir ayd\u0131nlatma \u00e7\u00f6z\u00fcm\u00fc olarak kullan\u0131labilir. Hem estetik hem de pratik bir \u00fcr\u00fcn arayanlar i\u00e7in m\u00fckemmel bir se\u00e7enektir.<\/p>\n","protected":false},"excerpt":{"rendered":"<p>Katlanabilir 3 Kademeli 1200 mAh Dokunmatik LED Lamba, modern ve zarif bir tasar\u0131m\u0131 i\u015flevsellikle birle\u015ftiriyor. \u015e\u0131k ah\u015fap stand\u0131 ve akordeon fener g\u00f6r\u00fcn\u00fcm\u00fc, ya\u015fam alanlar\u0131n\u0131za estetik bir dokunu\u015f katar. Hem i\u00e7 hem de d\u0131\u015f mekanlar i\u00e7in ideal olan bu \u00fcr\u00fcn, her ortamda uyum sa\u011flayan tasar\u0131m\u0131yla dikkat \u00e7ekiyor. Kompakt yap\u0131s\u0131 sayesinde kolay ta\u015f\u0131nabilir olan lamba, elektrik kesintilerinde,&#8230;<\/p>\n","protected":false},"featured_media":110081,"comment_status":"open","ping_status":"closed","template":"","meta":{"_kad_post_transparent":"","_kad_post_title":"","_kad_post_layout":"","_kad_post_sidebar_id":"","_kad_post_content_style":"","_kad_post_vertical_padding":"","_kad_post_feature":"","_kad_post_feature_position":"","_kad_post_header":false,"_kad_post_footer":false,"_kad_post_classname":""},"product_brand":[],"product_cat":[14977],"product_tag":[],"class_list":{"0":"post-110082","1":"product","2":"type-product","3":"status-publish","4":"has-post-thumbnail","6":"product_cat-kamp-lambasi-kamp-lambasi","8":"first","9":"instock","10":"purchasable","11":"product-type-simple","12":"entry","13":"content-bg","14":"loop-entry"},"_links":{"self":[{"href":"https:\/\/www.hediyepazar.com\/index.php?rest_route=\/wp\/v2\/product\/110082","targetHints":{"allow":["GET"]}}],"collection":[{"href":"https:\/\/www.hediyepazar.com\/index.php?rest_route=\/wp\/v2\/product"}],"about":[{"href":"https:\/\/www.hediyepazar.com\/index.php?rest_route=\/wp\/v2\/types\/product"}],"replies":[{"embeddable":true,"href":"https:\/\/www.hediyepazar.com\/index.php?rest_route=%2Fwp%2Fv2%2Fcomments&post=110082"}],"wp:featuredmedia":[{"embeddable":true,"href":"https:\/\/www.hediyepazar.com\/index.php?rest_route=\/wp\/v2\/media\/110081"}],"wp:attachment":[{"href":"https:\/\/www.hediyepazar.com\/index.php?rest_route=%2Fwp%2Fv2%2Fmedia&parent=110082"}],"wp:term":[{"taxonomy":"product_brand","embeddable":true,"href":"https:\/\/www.hediyepazar.com\/index.php?rest_route=%2Fwp%2Fv2%2Fproduct_brand&post=110082"},{"taxonomy":"product_cat","embeddable":true,"href":"https:\/\/www.hediyepazar.com\/index.php?rest_route=%2Fwp%2Fv2%2Fproduct_cat&post=110082"},{"taxonomy":"product_tag","embeddable":true,"href":"https:\/\/www.hediyepazar.com\/index.php?rest_route=%2Fwp%2Fv2%2Fproduct_tag&post=110082"}],"curies":[{"name":"wp","href":"https:\/\/api.w.org\/{rel}","templated":true}]}}