{"id":110084,"date":"2026-05-05T03:48:57","date_gmt":"2026-05-05T06:48:57","guid":{"rendered":"https:\/\/www.hediyepazar.com\/?product=araba-park-numaratoru-arac-ici-numaralik-degistirilebilir-cevirmeli-mini"},"modified":"2026-05-05T03:48:57","modified_gmt":"2026-05-05T06:48:57","slug":"araba-park-numaratoru-arac-ici-numaralik-degistirilebilir-cevirmeli-mini","status":"publish","type":"product","link":"https:\/\/www.hediyepazar.com\/?product=araba-park-numaratoru-arac-ici-numaralik-degistirilebilir-cevirmeli-mini","title":{"rendered":"Araba Park Numarat\u00f6r\u00fc Ara\u00e7 \u0130\u00e7i Numaral\u0131k De\u011fi\u015ftirilebilir \u00c7evirmeli Mini"},"content":{"rendered":"<p>Kolay kullan\u0131m \u00f6zellikleriyle dikkat \u00e7eken bu numarat\u00f6r, \u00e7ift tarafl\u0131 bant sayesinde arac\u0131n\u0131z\u0131n \u00f6n cam\u0131na sabitlenir ve hareket esnas\u0131nda yerinden oynamaz. \u00c7evirmeli numarat\u00f6r mekanizmas\u0131, numaran\u0131z\u0131 h\u0131zl\u0131 ve pratik bir \u015fekilde ayarlaman\u0131za olanak tan\u0131r. B\u00fcy\u00fck ve net rakamlar, her a\u00e7\u0131dan kolayca g\u00f6r\u00fclebilir, b\u00f6ylece ileti\u015fim bilgilerinizin fark edilmesi zahmetsiz bir hale gelir. \u00dcr\u00fcn, hem i\u015flevselli\u011fi hem de estetik tasar\u0131m\u0131yla ara\u00e7 i\u00e7i kullan\u0131mda modern bir \u00e7\u00f6z\u00fcm sunar. Geceleri bile numaralar\u0131n\u0131z\u0131n net bir \u015fekilde g\u00f6r\u00fcnebilmesi i\u00e7in tasarlanan bu \u00fcr\u00fcn, pratikli\u011fi ve g\u00fcvenli\u011fi bir arada sunarak kullan\u0131c\u0131 dostu bir deneyim ya\u015fat\u0131r.<\/p>\n","protected":false},"excerpt":{"rendered":"<p>Kolay kullan\u0131m \u00f6zellikleriyle dikkat \u00e7eken bu numarat\u00f6r, \u00e7ift tarafl\u0131 bant sayesinde arac\u0131n\u0131z\u0131n \u00f6n cam\u0131na sabitlenir ve hareket esnas\u0131nda yerinden oynamaz. \u00c7evirmeli numarat\u00f6r mekanizmas\u0131, numaran\u0131z\u0131 h\u0131zl\u0131 ve pratik bir \u015fekilde ayarlaman\u0131za olanak tan\u0131r. B\u00fcy\u00fck ve net rakamlar, her a\u00e7\u0131dan kolayca g\u00f6r\u00fclebilir, b\u00f6ylece ileti\u015fim bilgilerinizin fark edilmesi zahmetsiz bir hale gelir. \u00dcr\u00fcn, hem i\u015flevselli\u011fi hem de estetik&#8230;<\/p>\n","protected":false},"featured_media":110083,"comment_status":"open","ping_status":"closed","template":"","meta":{"_kad_post_transparent":"","_kad_post_title":"","_kad_post_layout":"","_kad_post_sidebar_id":"","_kad_post_content_style":"","_kad_post_vertical_padding":"","_kad_post_feature":"","_kad_post_feature_position":"","_kad_post_header":false,"_kad_post_footer":false,"_kad_post_classname":""},"product_brand":[],"product_cat":[15002],"product_tag":[],"class_list":{"0":"post-110084","1":"product","2":"type-product","3":"status-publish","4":"has-post-thumbnail","6":"product_cat-torpido-aksesuar-torpido-aksesuar","8":"first","9":"instock","10":"purchasable","11":"product-type-simple","12":"entry","13":"content-bg","14":"loop-entry"},"_links":{"self":[{"href":"https:\/\/www.hediyepazar.com\/index.php?rest_route=\/wp\/v2\/product\/110084","targetHints":{"allow":["GET"]}}],"collection":[{"href":"https:\/\/www.hediyepazar.com\/index.php?rest_route=\/wp\/v2\/product"}],"about":[{"href":"https:\/\/www.hediyepazar.com\/index.php?rest_route=\/wp\/v2\/types\/product"}],"replies":[{"embeddable":true,"href":"https:\/\/www.hediyepazar.com\/index.php?rest_route=%2Fwp%2Fv2%2Fcomments&post=110084"}],"wp:featuredmedia":[{"embeddable":true,"href":"https:\/\/www.hediyepazar.com\/index.php?rest_route=\/wp\/v2\/media\/110083"}],"wp:attachment":[{"href":"https:\/\/www.hediyepazar.com\/index.php?rest_route=%2Fwp%2Fv2%2Fmedia&parent=110084"}],"wp:term":[{"taxonomy":"product_brand","embeddable":true,"href":"https:\/\/www.hediyepazar.com\/index.php?rest_route=%2Fwp%2Fv2%2Fproduct_brand&post=110084"},{"taxonomy":"product_cat","embeddable":true,"href":"https:\/\/www.hediyepazar.com\/index.php?rest_route=%2Fwp%2Fv2%2Fproduct_cat&post=110084"},{"taxonomy":"product_tag","embeddable":true,"href":"https:\/\/www.hediyepazar.com\/index.php?rest_route=%2Fwp%2Fv2%2Fproduct_tag&post=110084"}],"curies":[{"name":"wp","href":"https:\/\/api.w.org\/{rel}","templated":true}]}}