{"id":110086,"date":"2026-05-05T03:49:01","date_gmt":"2026-05-05T06:49:01","guid":{"rendered":"https:\/\/www.hediyepazar.com\/?product=numaralik-arac-ici-araba-arac-park-numarator-telefon-numarasi-yazma"},"modified":"2026-05-05T03:49:01","modified_gmt":"2026-05-05T06:49:01","slug":"numaralik-arac-ici-araba-arac-park-numarator-telefon-numarasi-yazma","status":"publish","type":"product","link":"https:\/\/www.hediyepazar.com\/?product=numaralik-arac-ici-araba-arac-park-numarator-telefon-numarasi-yazma","title":{"rendered":"Numaral\u0131k Ara\u00e7 \u0130\u00e7i Araba Ara\u00e7 Park Numarat\u00f6r Telefon Numaras\u0131 Yazma"},"content":{"rendered":"<p>Dayan\u0131kl\u0131 al\u00fcminyum malzemeden \u00fcretilen bu numarat\u00f6r, paslanmaz yap\u0131s\u0131 sayesinde uzun y\u0131llar boyunca g\u00fcvenle kullan\u0131labilir. Hafif ama sa\u011flam yap\u0131s\u0131, hem estetik bir g\u00f6r\u00fcn\u00fcm hem de dayan\u0131kl\u0131l\u0131k sa\u011flar. Paslanma ve a\u015f\u0131nma gibi d\u0131\u015f etkenlere kar\u015f\u0131 diren\u00e7li olan \u00fcr\u00fcn, s\u0131k s\u0131k de\u011fi\u015ftirme gereksinimini ortadan kald\u0131r\u0131r. Kullan\u0131m\u0131 kolay \u00e7evirmeli mekanizmas\u0131 ile numaran\u0131z\u0131 h\u0131zl\u0131 bir \u015fekilde ayarlayabilir ve gerekti\u011finde de\u011fi\u015ftirebilirsiniz. Al\u00fcminyum kasa, sadece sa\u011flaml\u0131\u011f\u0131 ile de\u011fil, ayn\u0131 zamanda arac\u0131n\u0131za zarif bir dokunu\u015f katmas\u0131yla da \u00f6ne \u00e7\u0131kar. Uzun \u00f6m\u00fcrl\u00fc ve g\u00fcvenilir bir \u00fcr\u00fcn arayan kullan\u0131c\u0131lar i\u00e7in ideal bir se\u00e7imdir.<\/p>\n","protected":false},"excerpt":{"rendered":"<p>Dayan\u0131kl\u0131 al\u00fcminyum malzemeden \u00fcretilen bu numarat\u00f6r, paslanmaz yap\u0131s\u0131 sayesinde uzun y\u0131llar boyunca g\u00fcvenle kullan\u0131labilir. Hafif ama sa\u011flam yap\u0131s\u0131, hem estetik bir g\u00f6r\u00fcn\u00fcm hem de dayan\u0131kl\u0131l\u0131k sa\u011flar. Paslanma ve a\u015f\u0131nma gibi d\u0131\u015f etkenlere kar\u015f\u0131 diren\u00e7li olan \u00fcr\u00fcn, s\u0131k s\u0131k de\u011fi\u015ftirme gereksinimini ortadan kald\u0131r\u0131r. Kullan\u0131m\u0131 kolay \u00e7evirmeli mekanizmas\u0131 ile numaran\u0131z\u0131 h\u0131zl\u0131 bir \u015fekilde ayarlayabilir ve gerekti\u011finde de\u011fi\u015ftirebilirsiniz&#8230;.<\/p>\n","protected":false},"featured_media":110085,"comment_status":"open","ping_status":"closed","template":"","meta":{"_kad_post_transparent":"","_kad_post_title":"","_kad_post_layout":"","_kad_post_sidebar_id":"","_kad_post_content_style":"","_kad_post_vertical_padding":"","_kad_post_feature":"","_kad_post_feature_position":"","_kad_post_header":false,"_kad_post_footer":false,"_kad_post_classname":""},"product_brand":[],"product_cat":[15002],"product_tag":[],"class_list":{"0":"post-110086","1":"product","2":"type-product","3":"status-publish","4":"has-post-thumbnail","6":"product_cat-torpido-aksesuar-torpido-aksesuar","8":"first","9":"instock","10":"purchasable","11":"product-type-simple","12":"entry","13":"content-bg","14":"loop-entry"},"_links":{"self":[{"href":"https:\/\/www.hediyepazar.com\/index.php?rest_route=\/wp\/v2\/product\/110086","targetHints":{"allow":["GET"]}}],"collection":[{"href":"https:\/\/www.hediyepazar.com\/index.php?rest_route=\/wp\/v2\/product"}],"about":[{"href":"https:\/\/www.hediyepazar.com\/index.php?rest_route=\/wp\/v2\/types\/product"}],"replies":[{"embeddable":true,"href":"https:\/\/www.hediyepazar.com\/index.php?rest_route=%2Fwp%2Fv2%2Fcomments&post=110086"}],"wp:featuredmedia":[{"embeddable":true,"href":"https:\/\/www.hediyepazar.com\/index.php?rest_route=\/wp\/v2\/media\/110085"}],"wp:attachment":[{"href":"https:\/\/www.hediyepazar.com\/index.php?rest_route=%2Fwp%2Fv2%2Fmedia&parent=110086"}],"wp:term":[{"taxonomy":"product_brand","embeddable":true,"href":"https:\/\/www.hediyepazar.com\/index.php?rest_route=%2Fwp%2Fv2%2Fproduct_brand&post=110086"},{"taxonomy":"product_cat","embeddable":true,"href":"https:\/\/www.hediyepazar.com\/index.php?rest_route=%2Fwp%2Fv2%2Fproduct_cat&post=110086"},{"taxonomy":"product_tag","embeddable":true,"href":"https:\/\/www.hediyepazar.com\/index.php?rest_route=%2Fwp%2Fv2%2Fproduct_tag&post=110086"}],"curies":[{"name":"wp","href":"https:\/\/api.w.org\/{rel}","templated":true}]}}