{"id":110102,"date":"2026-05-05T03:50:09","date_gmt":"2026-05-05T06:50:09","guid":{"rendered":"https:\/\/www.hediyepazar.com\/?product=kulak-ustu-kablosuz-bluetooth-kulaklik-gurultu-onleyici-uzun-sarj-sureli"},"modified":"2026-05-05T03:50:09","modified_gmt":"2026-05-05T06:50:09","slug":"kulak-ustu-kablosuz-bluetooth-kulaklik-gurultu-onleyici-uzun-sarj-sureli","status":"publish","type":"product","link":"https:\/\/www.hediyepazar.com\/?product=kulak-ustu-kablosuz-bluetooth-kulaklik-gurultu-onleyici-uzun-sarj-sureli","title":{"rendered":"Kulak \u00dcst\u00fc Kablosuz Bluetooth Kulakl\u0131k G\u00fcr\u00fclt\u00fc \u00d6nleyici Uzun \u015earj S\u00fcreli"},"content":{"rendered":"<p>Hn-01 kulakl\u0131k, gen\u00e7 kullan\u0131c\u0131lar i\u00e7in tasarlanm\u0131\u015f \u015f\u0131k, modern ve rahat bir modeldir. Kulakl\u0131\u011f\u0131n tasar\u0131m\u0131, gen\u00e7lerin aktif ya\u015fam tarz\u0131n\u0131 yans\u0131tan estetik bir yap\u0131ya sahiptir. Hem \u015f\u0131kl\u0131\u011f\u0131 hem de i\u015flevselli\u011fi bir arada sunarak, yaln\u0131zca bir ses cihaz\u0131 olman\u0131n \u00f6tesine ge\u00e7er. Hafif yap\u0131s\u0131 sayesinde, uzun s\u00fcreli kullan\u0131mlarda bile kulaklar\u0131 rahats\u0131z etmez ve konforlu bir deneyim sa\u011flar. Ergonomik tasar\u0131m\u0131, kulakl\u0131klar\u0131n kulaklara tam oturmas\u0131n\u0131 sa\u011flayarak m\u00fckemmel bir izolasyon olu\u015fturur ve d\u0131\u015far\u0131dan gelen g\u00fcr\u00fclt\u00fcy\u00fc engeller. Bu sayede m\u00fczik dinlerken ya da \u00e7a\u011fr\u0131 yaparken d\u0131\u015f d\u00fcnya ile olan ba\u011flant\u0131n\u0131z\u0131 kaybetmeden sadece sesin keyfini \u00e7\u0131karabilirsiniz. Kulakl\u0131klar\u0131n tasar\u0131m\u0131 gen\u00e7lerin tarz\u0131na uygun olacak \u015fekilde minimalist ve zarif tutulmu\u015ftur. \u015e\u0131k renk se\u00e7enekleri ve modern detaylar, kulakl\u0131\u011f\u0131n ki\u015fisel bir aksesuara d\u00f6n\u00fc\u015fmesini sa\u011flar. Spor yaparken, gezilerde veya sosyal etkinliklerde rahatl\u0131kla kullan\u0131labilen bu kulakl\u0131k, gen\u00e7lerin dinamik ya\u015fam tarz\u0131na uyum sa\u011flar. Hem g\u00fcnl\u00fck hayatta hem de aktif ya\u015famda m\u00fczik dinlemek ve \u00e7a\u011fr\u0131 yapmak art\u0131k \u00e7ok daha keyifli ve stil sahibi bir deneyim olacak.<\/p>\n","protected":false},"excerpt":{"rendered":"<p>Hn-01 kulakl\u0131k, gen\u00e7 kullan\u0131c\u0131lar i\u00e7in tasarlanm\u0131\u015f \u015f\u0131k, modern ve rahat bir modeldir. Kulakl\u0131\u011f\u0131n tasar\u0131m\u0131, gen\u00e7lerin aktif ya\u015fam tarz\u0131n\u0131 yans\u0131tan estetik bir yap\u0131ya sahiptir. Hem \u015f\u0131kl\u0131\u011f\u0131 hem de i\u015flevselli\u011fi bir arada sunarak, yaln\u0131zca bir ses cihaz\u0131 olman\u0131n \u00f6tesine ge\u00e7er. Hafif yap\u0131s\u0131 sayesinde, uzun s\u00fcreli kullan\u0131mlarda bile kulaklar\u0131 rahats\u0131z etmez ve konforlu bir deneyim sa\u011flar. Ergonomik tasar\u0131m\u0131,&#8230;<\/p>\n","protected":false},"featured_media":110101,"comment_status":"open","ping_status":"closed","template":"","meta":{"_kad_post_transparent":"","_kad_post_title":"","_kad_post_layout":"","_kad_post_sidebar_id":"","_kad_post_content_style":"","_kad_post_vertical_padding":"","_kad_post_feature":"","_kad_post_feature_position":"","_kad_post_header":false,"_kad_post_footer":false,"_kad_post_classname":""},"product_brand":[],"product_cat":[14957],"product_tag":[],"class_list":{"0":"post-110102","1":"product","2":"type-product","3":"status-publish","4":"has-post-thumbnail","6":"product_cat-kablosuz-kulaklik-kablosuz-kulaklik","8":"first","9":"instock","10":"purchasable","11":"product-type-simple","12":"entry","13":"content-bg","14":"loop-entry"},"_links":{"self":[{"href":"https:\/\/www.hediyepazar.com\/index.php?rest_route=\/wp\/v2\/product\/110102","targetHints":{"allow":["GET"]}}],"collection":[{"href":"https:\/\/www.hediyepazar.com\/index.php?rest_route=\/wp\/v2\/product"}],"about":[{"href":"https:\/\/www.hediyepazar.com\/index.php?rest_route=\/wp\/v2\/types\/product"}],"replies":[{"embeddable":true,"href":"https:\/\/www.hediyepazar.com\/index.php?rest_route=%2Fwp%2Fv2%2Fcomments&post=110102"}],"wp:featuredmedia":[{"embeddable":true,"href":"https:\/\/www.hediyepazar.com\/index.php?rest_route=\/wp\/v2\/media\/110101"}],"wp:attachment":[{"href":"https:\/\/www.hediyepazar.com\/index.php?rest_route=%2Fwp%2Fv2%2Fmedia&parent=110102"}],"wp:term":[{"taxonomy":"product_brand","embeddable":true,"href":"https:\/\/www.hediyepazar.com\/index.php?rest_route=%2Fwp%2Fv2%2Fproduct_brand&post=110102"},{"taxonomy":"product_cat","embeddable":true,"href":"https:\/\/www.hediyepazar.com\/index.php?rest_route=%2Fwp%2Fv2%2Fproduct_cat&post=110102"},{"taxonomy":"product_tag","embeddable":true,"href":"https:\/\/www.hediyepazar.com\/index.php?rest_route=%2Fwp%2Fv2%2Fproduct_tag&post=110102"}],"curies":[{"name":"wp","href":"https:\/\/api.w.org\/{rel}","templated":true}]}}