{"id":110118,"date":"2026-05-05T03:51:14","date_gmt":"2026-05-05T06:51:14","guid":{"rendered":"https:\/\/www.hediyepazar.com\/?product=epilasyon-aleti-bacaklar-kollar-icin-yikanabilir-kristal-epilator-tuy-silgi"},"modified":"2026-05-05T03:51:14","modified_gmt":"2026-05-05T06:51:14","slug":"epilasyon-aleti-bacaklar-kollar-icin-yikanabilir-kristal-epilator-tuy-silgi","status":"publish","type":"product","link":"https:\/\/www.hediyepazar.com\/?product=epilasyon-aleti-bacaklar-kollar-icin-yikanabilir-kristal-epilator-tuy-silgi","title":{"rendered":"Epilasyon Aleti Bacaklar Kollar \u0130\u00e7in Y\u0131kanabilir Kristal Epilat\u00f6r T\u00fcy Silgi"},"content":{"rendered":"<p>Kristal T\u00fcy Al\u0131c\u0131 Epilat\u00f6r, y\u00fcz, kollar ve bacaklar gibi v\u00fccudun farkl\u0131 b\u00f6lgelerinde kullan\u0131labilen, pratik ve etkili bir t\u00fcy alma arac\u0131d\u0131r. Evde rahat\u00e7a kullan\u0131labilir ve haftada 2-3 kez t\u00fcy temizli\u011fi i\u00e7in uygundur. Kremsiz, tra\u015f k\u00f6p\u00fc\u011f\u00fc veya ba\u015fka bir ek \u00fcr\u00fcn kullanmaya gerek kalmadan yaln\u0131zca tek bir aparat ile t\u00fcylerinizi kolayca alabilirsiniz.Topuklardaki \u00d6l\u00fc Derileri TemizlerKristal T\u00fcy Al\u0131c\u0131 Epilat\u00f6r, sadece t\u00fcy almakla kalmaz, ayn\u0131 zamanda topuklardaki \u00f6l\u00fc derileri de temizleyerek cildinizi daha yumu\u015fak ve p\u00fcr\u00fczs\u00fcz hale getirir. Bu \u00e7ok y\u00f6nl\u00fc \u00fcr\u00fcn, cildinize bak\u0131m yaparak sa\u011fl\u0131kl\u0131 bir g\u00f6r\u00fcn\u00fcm kazand\u0131r\u0131r.Kolay Kullan\u0131m ve Bak\u0131mKullan\u0131m\u0131 son derece basittir: T\u00fcy alaca\u011f\u0131n\u0131z b\u00f6lgeyi \u0131l\u0131k su ile y\u0131kay\u0131p, Kristal Epilat\u00f6r\u00fcn\u00fcz\u00fc uygulayarak t\u00fcylerinizi alabilirsiniz. Kullan\u0131m sonras\u0131 cihaz\u0131n\u0131z\u0131 su ile durulay\u0131n ve i\u015flem sonras\u0131 b\u00f6lgeyi nemlendirebilirsiniz. D\u00fczenli kullan\u0131m ile cildinizin p\u00fcr\u00fczs\u00fcz ve yumu\u015fak kalmas\u0131n\u0131 sa\u011flar.Bu epilat\u00f6r, etkili t\u00fcy temizli\u011fi i\u00e7in h\u0131zl\u0131 ve pratik bir \u00e7\u00f6z\u00fcm sunar. Cildinizin sa\u011fl\u0131\u011f\u0131n\u0131 koruyarak konforlu bir kullan\u0131m deneyimi sa\u011flar.<\/p>\n","protected":false},"excerpt":{"rendered":"<p>Kristal T\u00fcy Al\u0131c\u0131 Epilat\u00f6r, y\u00fcz, kollar ve bacaklar gibi v\u00fccudun farkl\u0131 b\u00f6lgelerinde kullan\u0131labilen, pratik ve etkili bir t\u00fcy alma arac\u0131d\u0131r. Evde rahat\u00e7a kullan\u0131labilir ve haftada 2-3 kez t\u00fcy temizli\u011fi i\u00e7in uygundur. Kremsiz, tra\u015f k\u00f6p\u00fc\u011f\u00fc veya ba\u015fka bir ek \u00fcr\u00fcn kullanmaya gerek kalmadan yaln\u0131zca tek bir aparat ile t\u00fcylerinizi kolayca alabilirsiniz.Topuklardaki \u00d6l\u00fc Derileri TemizlerKristal T\u00fcy Al\u0131c\u0131&#8230;<\/p>\n","protected":false},"featured_media":110117,"comment_status":"open","ping_status":"closed","template":"","meta":{"_kad_post_transparent":"","_kad_post_title":"","_kad_post_layout":"","_kad_post_sidebar_id":"","_kad_post_content_style":"","_kad_post_vertical_padding":"","_kad_post_feature":"","_kad_post_feature_position":"","_kad_post_header":false,"_kad_post_footer":false,"_kad_post_classname":""},"product_brand":[],"product_cat":[14919],"product_tag":[],"class_list":{"0":"post-110118","1":"product","2":"type-product","3":"status-publish","4":"has-post-thumbnail","6":"product_cat-epilator-epilator","8":"first","9":"instock","10":"purchasable","11":"product-type-simple","12":"entry","13":"content-bg","14":"loop-entry"},"_links":{"self":[{"href":"https:\/\/www.hediyepazar.com\/index.php?rest_route=\/wp\/v2\/product\/110118","targetHints":{"allow":["GET"]}}],"collection":[{"href":"https:\/\/www.hediyepazar.com\/index.php?rest_route=\/wp\/v2\/product"}],"about":[{"href":"https:\/\/www.hediyepazar.com\/index.php?rest_route=\/wp\/v2\/types\/product"}],"replies":[{"embeddable":true,"href":"https:\/\/www.hediyepazar.com\/index.php?rest_route=%2Fwp%2Fv2%2Fcomments&post=110118"}],"wp:featuredmedia":[{"embeddable":true,"href":"https:\/\/www.hediyepazar.com\/index.php?rest_route=\/wp\/v2\/media\/110117"}],"wp:attachment":[{"href":"https:\/\/www.hediyepazar.com\/index.php?rest_route=%2Fwp%2Fv2%2Fmedia&parent=110118"}],"wp:term":[{"taxonomy":"product_brand","embeddable":true,"href":"https:\/\/www.hediyepazar.com\/index.php?rest_route=%2Fwp%2Fv2%2Fproduct_brand&post=110118"},{"taxonomy":"product_cat","embeddable":true,"href":"https:\/\/www.hediyepazar.com\/index.php?rest_route=%2Fwp%2Fv2%2Fproduct_cat&post=110118"},{"taxonomy":"product_tag","embeddable":true,"href":"https:\/\/www.hediyepazar.com\/index.php?rest_route=%2Fwp%2Fv2%2Fproduct_tag&post=110118"}],"curies":[{"name":"wp","href":"https:\/\/api.w.org\/{rel}","templated":true}]}}