{"id":110140,"date":"2026-05-05T03:53:19","date_gmt":"2026-05-05T06:53:19","guid":{"rendered":"https:\/\/www.hediyepazar.com\/?product=dokunmatik-kalem-beyaz-sarjli-yedek-uclu-android-ve-ios-uyumlu"},"modified":"2026-05-05T03:53:19","modified_gmt":"2026-05-05T06:53:19","slug":"dokunmatik-kalem-beyaz-sarjli-yedek-uclu-android-ve-ios-uyumlu","status":"publish","type":"product","link":"https:\/\/www.hediyepazar.com\/?product=dokunmatik-kalem-beyaz-sarjli-yedek-uclu-android-ve-ios-uyumlu","title":{"rendered":"Dokunmatik Kalem Beyaz \u015earjl\u0131 Yedek U\u00e7lu Android ve \u0130OS Uyumlu"},"content":{"rendered":"<p>Bu ak\u0131ll\u0131 kalem, kapasitif ekranl\u0131 cihazlarda \u00fcst\u00fcn performans\u0131yla dikkat \u00e7eker. Do\u011fal yazma hissi, ta\u015f\u0131nabilir tasar\u0131m\u0131 ve geli\u015fmi\u015f \u00f6zellikleriyle hem profesyonel hem de g\u00fcnl\u00fck kullan\u0131m i\u00e7in idealdir.Kolay Kullan\u0131m, Karma\u015f\u0131kl\u0131\u011fa SonBluetooth ba\u011flant\u0131s\u0131 gerektirmeden, \u00fcst k\u0131sm\u0131na dokunarak kalemi a\u00e7abilir ve \u00e7al\u0131\u015fmaya ba\u015flayabilirsiniz. \u00d6nceden y\u00fcklenmi\u015f yaz\u0131l\u0131mlara veya belirli uygulamalara ihtiya\u00e7 duymadan her ortamda \u00e7al\u0131\u015fmaya haz\u0131rd\u0131r.Hassas ve P\u00fcr\u00fczs\u00fcz Yaz\u0131m Deneyimi2,0 mm hassas u\u00e7, p\u00fcr\u00fczs\u00fcz ve do\u011fru bir yazma-\u00e7izim deneyimi sunar. S\u00fcper a\u015f\u0131nma dayan\u0131kl\u0131l\u0131\u011f\u0131 sayesinde uzun \u00f6m\u00fcrl\u00fc kullan\u0131m sa\u011flar ve profesyonel i\u015flerinizde size e\u015flik eder.Geni\u015f Cihaz Uyumlulu\u011fuiPad Pro, iPad Air, iPhone, Android cihazlar gibi kapasitif ekranl\u0131 t\u00fcm cihazlarla sorunsuz \u00e7al\u0131\u015f\u0131r. Manyetik \u00f6zelli\u011fiyle uyumlu cihazlara kolayca tak\u0131larak kullan\u0131m kolayl\u0131\u011f\u0131 sa\u011flar.Dayan\u0131kl\u0131 Pil ve Ak\u0131ll\u0131 Kapanma \u00d6zelli\u011fiTam dolu bir \u015farjla 8-10 saate kadar kullan\u0131m sa\u011flar. 30 dakika boyunca kullan\u0131lmad\u0131\u011f\u0131nda otomatik kapanarak enerji tasarrufu yapar. Type-C ba\u011flant\u0131 noktas\u0131 sayesinde h\u0131zl\u0131 \u015farj imkan\u0131 sunar.Estetik ve Ergonomik Tasar\u0131mP\u00fcr\u00fczs\u00fcz y\u00fczeyi ve hafif yap\u0131s\u0131 ile ergonomik bir kullan\u0131m sunar. Yaln\u0131zca 14,5 gram a\u011f\u0131rl\u0131\u011f\u0131nda ve 165 mm uzunlu\u011fundaki bu kalem, ta\u015f\u0131mas\u0131 ve kullanmas\u0131 son derece kolayd\u0131r.Dijital \u00e7izimden not almaya, profesyonel sunumlardan yarat\u0131c\u0131 projelere kadar her alanda en iyi yard\u0131mc\u0131n\u0131z olacak bu kalemi \u015fimdi sipari\u015f edin! Kalem tutu\u015funun do\u011fal hissini teknolojiyle birle\u015ftirin.<\/p>\n","protected":false},"excerpt":{"rendered":"<p>Bu ak\u0131ll\u0131 kalem, kapasitif ekranl\u0131 cihazlarda \u00fcst\u00fcn performans\u0131yla dikkat \u00e7eker. Do\u011fal yazma hissi, ta\u015f\u0131nabilir tasar\u0131m\u0131 ve geli\u015fmi\u015f \u00f6zellikleriyle hem profesyonel hem de g\u00fcnl\u00fck kullan\u0131m i\u00e7in idealdir.Kolay Kullan\u0131m, Karma\u015f\u0131kl\u0131\u011fa SonBluetooth ba\u011flant\u0131s\u0131 gerektirmeden, \u00fcst k\u0131sm\u0131na dokunarak kalemi a\u00e7abilir ve \u00e7al\u0131\u015fmaya ba\u015flayabilirsiniz. \u00d6nceden y\u00fcklenmi\u015f yaz\u0131l\u0131mlara veya belirli uygulamalara ihtiya\u00e7 duymadan her ortamda \u00e7al\u0131\u015fmaya haz\u0131rd\u0131r.Hassas ve P\u00fcr\u00fczs\u00fcz Yaz\u0131m Deneyimi2,0&#8230;<\/p>\n","protected":false},"featured_media":110139,"comment_status":"open","ping_status":"closed","template":"","meta":{"_kad_post_transparent":"","_kad_post_title":"","_kad_post_layout":"","_kad_post_sidebar_id":"","_kad_post_content_style":"","_kad_post_vertical_padding":"","_kad_post_feature":"","_kad_post_feature_position":"","_kad_post_header":false,"_kad_post_footer":false,"_kad_post_classname":""},"product_brand":[],"product_cat":[15004],"product_tag":[],"class_list":{"0":"post-110140","1":"product","2":"type-product","3":"status-publish","4":"has-post-thumbnail","6":"product_cat-tablet-kalemi-tablet-kalemi","8":"first","9":"instock","10":"purchasable","11":"product-type-simple","12":"entry","13":"content-bg","14":"loop-entry"},"_links":{"self":[{"href":"https:\/\/www.hediyepazar.com\/index.php?rest_route=\/wp\/v2\/product\/110140","targetHints":{"allow":["GET"]}}],"collection":[{"href":"https:\/\/www.hediyepazar.com\/index.php?rest_route=\/wp\/v2\/product"}],"about":[{"href":"https:\/\/www.hediyepazar.com\/index.php?rest_route=\/wp\/v2\/types\/product"}],"replies":[{"embeddable":true,"href":"https:\/\/www.hediyepazar.com\/index.php?rest_route=%2Fwp%2Fv2%2Fcomments&post=110140"}],"wp:featuredmedia":[{"embeddable":true,"href":"https:\/\/www.hediyepazar.com\/index.php?rest_route=\/wp\/v2\/media\/110139"}],"wp:attachment":[{"href":"https:\/\/www.hediyepazar.com\/index.php?rest_route=%2Fwp%2Fv2%2Fmedia&parent=110140"}],"wp:term":[{"taxonomy":"product_brand","embeddable":true,"href":"https:\/\/www.hediyepazar.com\/index.php?rest_route=%2Fwp%2Fv2%2Fproduct_brand&post=110140"},{"taxonomy":"product_cat","embeddable":true,"href":"https:\/\/www.hediyepazar.com\/index.php?rest_route=%2Fwp%2Fv2%2Fproduct_cat&post=110140"},{"taxonomy":"product_tag","embeddable":true,"href":"https:\/\/www.hediyepazar.com\/index.php?rest_route=%2Fwp%2Fv2%2Fproduct_tag&post=110140"}],"curies":[{"name":"wp","href":"https:\/\/api.w.org\/{rel}","templated":true}]}}