{"id":110154,"date":"2026-05-05T03:56:11","date_gmt":"2026-05-05T06:56:11","guid":{"rendered":"https:\/\/www.hediyepazar.com\/?product=kamp-isigi-cok-fonksiyonlu-tasinabilir-anahtarlik-kapak-acma-manyetik-ozelligi"},"modified":"2026-05-05T03:56:11","modified_gmt":"2026-05-05T06:56:11","slug":"kamp-isigi-cok-fonksiyonlu-tasinabilir-anahtarlik-kapak-acma-manyetik-ozelligi","status":"publish","type":"product","link":"https:\/\/www.hediyepazar.com\/?product=kamp-isigi-cok-fonksiyonlu-tasinabilir-anahtarlik-kapak-acma-manyetik-ozelligi","title":{"rendered":"Kamp I\u015f\u0131\u011f\u0131 \u00c7ok Fonksiyonlu Ta\u015f\u0131nabilir Anahtarl\u0131k Kapak A\u00e7ma Manyetik \u00d6zelli\u011fi"},"content":{"rendered":"<p>S\u00fcper Parlak 800 L\u00fcmen LED Fener, karanl\u0131kta ihtiyac\u0131n\u0131z olan t\u00fcm ayd\u0131nlatmay\u0131 g\u00fc\u00e7l\u00fc ve etkili bir \u015fekilde sa\u011flayan, kompakt ve kullan\u0131\u015fl\u0131 bir \u00fcr\u00fcnd\u00fcr. \u00dc\u00e7 farkl\u0131 \u0131\u015f\u0131k modu (d\u00fc\u015f\u00fck, orta ve y\u00fcksek) ile ortam\u0131n ayd\u0131nlatma ihtiyac\u0131na g\u00f6re kolayca ayarlanabilir, b\u00f6ylece hem enerji tasarrufu sa\u011flar hem de uzun s\u00fcre kullan\u0131m imk\u00e2n\u0131 tan\u0131r. Kamp, y\u00fcr\u00fcy\u00fc\u015f, gece gezileri veya beklenmedik acil durumlarda m\u00fckemmel bir yard\u0131mc\u0131d\u0131r.Dahili USB \u015farj \u00f6zelli\u011fi sayesinde fenerinizi h\u0131zl\u0131ca \u015farj edebilir ve kesintisiz kullan\u0131m keyfini ya\u015fayabilirsiniz. Dayan\u0131kl\u0131 bataryas\u0131, uzun s\u00fcreli kullan\u0131m i\u00e7in idealdir ve sizi s\u00fcrekli \u015farj etme derdinden kurtar\u0131r. Ayr\u0131ca, entegre \u015fi\u015fe a\u00e7aca\u011f\u0131, a\u00e7\u0131k hava etkinliklerinde veya g\u00fcnl\u00fck ya\u015famda ekstra bir fonksiyon sunarak \u00e7ok y\u00f6nl\u00fc kullan\u0131m sa\u011flar.Hafif ve ta\u015f\u0131nabilir tasar\u0131m\u0131, feneri \u00e7antan\u0131za, cebinize veya anahtarl\u0131\u011f\u0131n\u0131za kolayca yerle\u015ftirmenizi sa\u011flar. Minimalist boyutuna ra\u011fmen \u00fcst\u00fcn performans\u0131 ile her an yan\u0131n\u0131zda bulundurabilece\u011finiz bu LED fener, hem g\u00fcnl\u00fck ihtiya\u00e7lar\u0131n\u0131zda hem de \u00f6zel aktivitelerde vazge\u00e7ilmez bir ara\u00e7t\u0131r. G\u00fc\u00e7, pratiklik ve estetik bir arada!<\/p>\n","protected":false},"excerpt":{"rendered":"<p>S\u00fcper Parlak 800 L\u00fcmen LED Fener, karanl\u0131kta ihtiyac\u0131n\u0131z olan t\u00fcm ayd\u0131nlatmay\u0131 g\u00fc\u00e7l\u00fc ve etkili bir \u015fekilde sa\u011flayan, kompakt ve kullan\u0131\u015fl\u0131 bir \u00fcr\u00fcnd\u00fcr. \u00dc\u00e7 farkl\u0131 \u0131\u015f\u0131k modu (d\u00fc\u015f\u00fck, orta ve y\u00fcksek) ile ortam\u0131n ayd\u0131nlatma ihtiyac\u0131na g\u00f6re kolayca ayarlanabilir, b\u00f6ylece hem enerji tasarrufu sa\u011flar hem de uzun s\u00fcre kullan\u0131m imk\u00e2n\u0131 tan\u0131r. Kamp, y\u00fcr\u00fcy\u00fc\u015f, gece gezileri veya beklenmedik&#8230;<\/p>\n","protected":false},"featured_media":110153,"comment_status":"open","ping_status":"closed","template":"","meta":{"_kad_post_transparent":"","_kad_post_title":"","_kad_post_layout":"","_kad_post_sidebar_id":"","_kad_post_content_style":"","_kad_post_vertical_padding":"","_kad_post_feature":"","_kad_post_feature_position":"","_kad_post_header":false,"_kad_post_footer":false,"_kad_post_classname":""},"product_brand":[],"product_cat":[14977],"product_tag":[],"class_list":{"0":"post-110154","1":"product","2":"type-product","3":"status-publish","4":"has-post-thumbnail","6":"product_cat-kamp-lambasi-kamp-lambasi","8":"first","9":"instock","10":"purchasable","11":"product-type-simple","12":"entry","13":"content-bg","14":"loop-entry"},"_links":{"self":[{"href":"https:\/\/www.hediyepazar.com\/index.php?rest_route=\/wp\/v2\/product\/110154","targetHints":{"allow":["GET"]}}],"collection":[{"href":"https:\/\/www.hediyepazar.com\/index.php?rest_route=\/wp\/v2\/product"}],"about":[{"href":"https:\/\/www.hediyepazar.com\/index.php?rest_route=\/wp\/v2\/types\/product"}],"replies":[{"embeddable":true,"href":"https:\/\/www.hediyepazar.com\/index.php?rest_route=%2Fwp%2Fv2%2Fcomments&post=110154"}],"wp:featuredmedia":[{"embeddable":true,"href":"https:\/\/www.hediyepazar.com\/index.php?rest_route=\/wp\/v2\/media\/110153"}],"wp:attachment":[{"href":"https:\/\/www.hediyepazar.com\/index.php?rest_route=%2Fwp%2Fv2%2Fmedia&parent=110154"}],"wp:term":[{"taxonomy":"product_brand","embeddable":true,"href":"https:\/\/www.hediyepazar.com\/index.php?rest_route=%2Fwp%2Fv2%2Fproduct_brand&post=110154"},{"taxonomy":"product_cat","embeddable":true,"href":"https:\/\/www.hediyepazar.com\/index.php?rest_route=%2Fwp%2Fv2%2Fproduct_cat&post=110154"},{"taxonomy":"product_tag","embeddable":true,"href":"https:\/\/www.hediyepazar.com\/index.php?rest_route=%2Fwp%2Fv2%2Fproduct_tag&post=110154"}],"curies":[{"name":"wp","href":"https:\/\/api.w.org\/{rel}","templated":true}]}}