{"id":110156,"date":"2026-05-05T03:56:15","date_gmt":"2026-05-05T06:56:15","guid":{"rendered":"https:\/\/www.hediyepazar.com\/?product=anahtarlik-cok-amacli-miknatisli-tasinabilir-isik-led-sarjli"},"modified":"2026-05-05T03:56:15","modified_gmt":"2026-05-05T06:56:15","slug":"anahtarlik-cok-amacli-miknatisli-tasinabilir-isik-led-sarjli","status":"publish","type":"product","link":"https:\/\/www.hediyepazar.com\/?product=anahtarlik-cok-amacli-miknatisli-tasinabilir-isik-led-sarjli","title":{"rendered":"Anahtarl\u0131k \u00c7ok Ama\u00e7l\u0131 M\u0131knat\u0131sl\u0131 Ta\u015f\u0131nabilir I\u015f\u0131k Led \u015earjl\u0131"},"content":{"rendered":"<p>S\u00fcper Parlak 800 L\u00fcmen LED Fener, kompakt boyutu ve y\u00fcksek ayd\u0131nlatma kapasitesiyle \u00f6ne \u00e7\u0131kan bir \u00fcr\u00fcnd\u00fcr. En karanl\u0131k ortamlarda bile yolu rahat\u00e7a bulman\u0131z\u0131 sa\u011flayan bu g\u00fc\u00e7l\u00fc fener, 3 \u0131\u015f\u0131k modu se\u00e7ene\u011fiyle (d\u00fc\u015f\u00fck, orta, y\u00fcksek) her t\u00fcrl\u00fc ihtiyaca uygun bir \u00e7\u00f6z\u00fcm sunar. G\u00fcndelik hayatta, kamp etkinliklerinde veya acil durumlarda g\u00fcvenle kullan\u0131labilir.USB \u015farj edilebilir batarya, enerji tasarrufu sa\u011flarken uzun s\u00fcreli kullan\u0131m sunar. \u015earj i\u015flemi olduk\u00e7a kolayd\u0131r ve modern ba\u011flant\u0131 \u00f6zellikleriyle pratik bir kullan\u0131m imk\u00e2n\u0131 tan\u0131r. Dahili \u015fi\u015fe a\u00e7aca\u011f\u0131, bu \u00fcr\u00fcn\u00fc yaln\u0131zca bir fenerden \u00f6te bir \u00e7ok ama\u00e7l\u0131 ara\u00e7 haline getirir ve \u00f6zellikle a\u00e7\u0131k hava etkinliklerinde b\u00fcy\u00fck avantaj sa\u011flar.Minimalist ve hafif tasar\u0131m\u0131, ta\u015f\u0131ma kolayl\u0131\u011f\u0131 sunarak her an yan\u0131n\u0131zda bulundurabilece\u011finiz bir \u00fcr\u00fcn olmas\u0131n\u0131 sa\u011flar. Anahtarl\u0131k boyutunda olmas\u0131, hem estetik hem de fonksiyonel bir \u00e7\u00f6z\u00fcm sunar. Bu LED fener, dayan\u0131kl\u0131l\u0131\u011f\u0131 ve \u00e7ok y\u00f6nl\u00fc \u00f6zellikleriyle hem ki\u015fisel hem de profesyonel kullan\u0131m i\u00e7in ideal bir se\u00e7enektir.<\/p>\n","protected":false},"excerpt":{"rendered":"<p>S\u00fcper Parlak 800 L\u00fcmen LED Fener, kompakt boyutu ve y\u00fcksek ayd\u0131nlatma kapasitesiyle \u00f6ne \u00e7\u0131kan bir \u00fcr\u00fcnd\u00fcr. En karanl\u0131k ortamlarda bile yolu rahat\u00e7a bulman\u0131z\u0131 sa\u011flayan bu g\u00fc\u00e7l\u00fc fener, 3 \u0131\u015f\u0131k modu se\u00e7ene\u011fiyle (d\u00fc\u015f\u00fck, orta, y\u00fcksek) her t\u00fcrl\u00fc ihtiyaca uygun bir \u00e7\u00f6z\u00fcm sunar. G\u00fcndelik hayatta, kamp etkinliklerinde veya acil durumlarda g\u00fcvenle kullan\u0131labilir.USB \u015farj edilebilir batarya, enerji tasarrufu&#8230;<\/p>\n","protected":false},"featured_media":110155,"comment_status":"open","ping_status":"closed","template":"","meta":{"_kad_post_transparent":"","_kad_post_title":"","_kad_post_layout":"","_kad_post_sidebar_id":"","_kad_post_content_style":"","_kad_post_vertical_padding":"","_kad_post_feature":"","_kad_post_feature_position":"","_kad_post_header":false,"_kad_post_footer":false,"_kad_post_classname":""},"product_brand":[],"product_cat":[14977],"product_tag":[],"class_list":{"0":"post-110156","1":"product","2":"type-product","3":"status-publish","4":"has-post-thumbnail","6":"product_cat-kamp-lambasi-kamp-lambasi","8":"first","9":"instock","10":"purchasable","11":"product-type-simple","12":"entry","13":"content-bg","14":"loop-entry"},"_links":{"self":[{"href":"https:\/\/www.hediyepazar.com\/index.php?rest_route=\/wp\/v2\/product\/110156","targetHints":{"allow":["GET"]}}],"collection":[{"href":"https:\/\/www.hediyepazar.com\/index.php?rest_route=\/wp\/v2\/product"}],"about":[{"href":"https:\/\/www.hediyepazar.com\/index.php?rest_route=\/wp\/v2\/types\/product"}],"replies":[{"embeddable":true,"href":"https:\/\/www.hediyepazar.com\/index.php?rest_route=%2Fwp%2Fv2%2Fcomments&post=110156"}],"wp:featuredmedia":[{"embeddable":true,"href":"https:\/\/www.hediyepazar.com\/index.php?rest_route=\/wp\/v2\/media\/110155"}],"wp:attachment":[{"href":"https:\/\/www.hediyepazar.com\/index.php?rest_route=%2Fwp%2Fv2%2Fmedia&parent=110156"}],"wp:term":[{"taxonomy":"product_brand","embeddable":true,"href":"https:\/\/www.hediyepazar.com\/index.php?rest_route=%2Fwp%2Fv2%2Fproduct_brand&post=110156"},{"taxonomy":"product_cat","embeddable":true,"href":"https:\/\/www.hediyepazar.com\/index.php?rest_route=%2Fwp%2Fv2%2Fproduct_cat&post=110156"},{"taxonomy":"product_tag","embeddable":true,"href":"https:\/\/www.hediyepazar.com\/index.php?rest_route=%2Fwp%2Fv2%2Fproduct_tag&post=110156"}],"curies":[{"name":"wp","href":"https:\/\/api.w.org\/{rel}","templated":true}]}}