{"id":110158,"date":"2026-05-05T03:56:21","date_gmt":"2026-05-05T06:56:21","guid":{"rendered":"https:\/\/www.hediyepazar.com\/?product=led-isik-acil-durum-isigi-cok-fonksiyonlu-miknatis-ozelligi"},"modified":"2026-05-05T03:56:21","modified_gmt":"2026-05-05T06:56:21","slug":"led-isik-acil-durum-isigi-cok-fonksiyonlu-miknatis-ozelligi","status":"publish","type":"product","link":"https:\/\/www.hediyepazar.com\/?product=led-isik-acil-durum-isigi-cok-fonksiyonlu-miknatis-ozelligi","title":{"rendered":"Led I\u015f\u0131k Acil Durum I\u015f\u0131\u011f\u0131 \u00c7ok Fonksiyonlu M\u0131knat\u0131s \u00d6zelli\u011fi"},"content":{"rendered":"<p>S\u00fcper Parlak 800 L\u00fcmen LED Fener, g\u00fc\u00e7l\u00fc ayd\u0131nlatma kapasitesi ile karanl\u0131k ortamlarda g\u00fcvenilir bir \u00e7\u00f6z\u00fcm sunar. Kompakt boyutuna ra\u011fmen y\u00fcksek performansl\u0131 LED \u0131\u015f\u0131k teknolojisi sayesinde, en zorlu ko\u015fullarda bile net bir g\u00f6r\u00fc\u015f sa\u011flar. D\u00fc\u015f\u00fck, orta ve y\u00fcksek olmak \u00fczere 3 farkl\u0131 \u0131\u015f\u0131k modu sayesinde, farkl\u0131 ihtiya\u00e7lara uygun ayd\u0131nlatma se\u00e7enekleri sunar. Bu \u00f6zellik, kamp, y\u00fcr\u00fcy\u00fc\u015f, gece gezileri veya g\u00fcnl\u00fck kullan\u0131m gibi farkl\u0131 senaryolarda ideal bir deneyim sa\u011flar.USB \u015farj edilebilir \u00f6zelli\u011fi ile feneri kolayca ve h\u0131zl\u0131 bir \u015fekilde \u015farj edebilirsiniz. Dahili batarya sistemi uzun s\u00fcreli kullan\u0131m sunarak s\u0131k \u015farj etme ihtiyac\u0131n\u0131 ortadan kald\u0131r\u0131r. Entegre \u015fi\u015fe a\u00e7aca\u011f\u0131, bu \u00fcr\u00fcn\u00fc yaln\u0131zca bir fenerden fazlas\u0131 haline getirir; kamp ve a\u00e7\u0131k hava etkinliklerinde pratik bir yard\u0131mc\u0131d\u0131r.Hafif ve ta\u015f\u0131nabilir tasar\u0131m\u0131yla cebinizde, \u00e7antan\u0131zda veya anahtarl\u0131\u011f\u0131n\u0131zda kolayl\u0131kla ta\u015f\u0131yabilirsiniz. Anahtarl\u0131k boyutunda tasarlanan bu fener, hem g\u00fcnl\u00fck kullan\u0131m hem de acil durumlar i\u00e7in idealdir. G\u00fc\u00e7l\u00fc, i\u015flevsel ve \u015f\u0131k bir yap\u0131ya sahip olan bu mini LED fener, hayat\u0131n\u0131z\u0131n her an\u0131nda size e\u015flik edecek \u00e7ok y\u00f6nl\u00fc bir ara\u00e7t\u0131r.\u00a0\u015eunu dedin:<\/p>\n","protected":false},"excerpt":{"rendered":"<p>S\u00fcper Parlak 800 L\u00fcmen LED Fener, g\u00fc\u00e7l\u00fc ayd\u0131nlatma kapasitesi ile karanl\u0131k ortamlarda g\u00fcvenilir bir \u00e7\u00f6z\u00fcm sunar. Kompakt boyutuna ra\u011fmen y\u00fcksek performansl\u0131 LED \u0131\u015f\u0131k teknolojisi sayesinde, en zorlu ko\u015fullarda bile net bir g\u00f6r\u00fc\u015f sa\u011flar. D\u00fc\u015f\u00fck, orta ve y\u00fcksek olmak \u00fczere 3 farkl\u0131 \u0131\u015f\u0131k modu sayesinde, farkl\u0131 ihtiya\u00e7lara uygun ayd\u0131nlatma se\u00e7enekleri sunar. Bu \u00f6zellik, kamp, y\u00fcr\u00fcy\u00fc\u015f, gece&#8230;<\/p>\n","protected":false},"featured_media":110157,"comment_status":"open","ping_status":"closed","template":"","meta":{"_kad_post_transparent":"","_kad_post_title":"","_kad_post_layout":"","_kad_post_sidebar_id":"","_kad_post_content_style":"","_kad_post_vertical_padding":"","_kad_post_feature":"","_kad_post_feature_position":"","_kad_post_header":false,"_kad_post_footer":false,"_kad_post_classname":""},"product_brand":[],"product_cat":[14977],"product_tag":[],"class_list":{"0":"post-110158","1":"product","2":"type-product","3":"status-publish","4":"has-post-thumbnail","6":"product_cat-kamp-lambasi-kamp-lambasi","8":"first","9":"instock","10":"purchasable","11":"product-type-simple","12":"entry","13":"content-bg","14":"loop-entry"},"_links":{"self":[{"href":"https:\/\/www.hediyepazar.com\/index.php?rest_route=\/wp\/v2\/product\/110158","targetHints":{"allow":["GET"]}}],"collection":[{"href":"https:\/\/www.hediyepazar.com\/index.php?rest_route=\/wp\/v2\/product"}],"about":[{"href":"https:\/\/www.hediyepazar.com\/index.php?rest_route=\/wp\/v2\/types\/product"}],"replies":[{"embeddable":true,"href":"https:\/\/www.hediyepazar.com\/index.php?rest_route=%2Fwp%2Fv2%2Fcomments&post=110158"}],"wp:featuredmedia":[{"embeddable":true,"href":"https:\/\/www.hediyepazar.com\/index.php?rest_route=\/wp\/v2\/media\/110157"}],"wp:attachment":[{"href":"https:\/\/www.hediyepazar.com\/index.php?rest_route=%2Fwp%2Fv2%2Fmedia&parent=110158"}],"wp:term":[{"taxonomy":"product_brand","embeddable":true,"href":"https:\/\/www.hediyepazar.com\/index.php?rest_route=%2Fwp%2Fv2%2Fproduct_brand&post=110158"},{"taxonomy":"product_cat","embeddable":true,"href":"https:\/\/www.hediyepazar.com\/index.php?rest_route=%2Fwp%2Fv2%2Fproduct_cat&post=110158"},{"taxonomy":"product_tag","embeddable":true,"href":"https:\/\/www.hediyepazar.com\/index.php?rest_route=%2Fwp%2Fv2%2Fproduct_tag&post=110158"}],"curies":[{"name":"wp","href":"https:\/\/api.w.org\/{rel}","templated":true}]}}