{"id":110160,"date":"2026-05-05T03:57:03","date_gmt":"2026-05-05T06:57:03","guid":{"rendered":"https:\/\/www.hediyepazar.com\/?product=50-kg-el-kantari-agirlik-olcer-dijital-ekranli-kancali-portatif"},"modified":"2026-05-05T03:57:03","modified_gmt":"2026-05-05T06:57:03","slug":"50-kg-el-kantari-agirlik-olcer-dijital-ekranli-kancali-portatif","status":"publish","type":"product","link":"https:\/\/www.hediyepazar.com\/?product=50-kg-el-kantari-agirlik-olcer-dijital-ekranli-kancali-portatif","title":{"rendered":"50 Kg El Kantar\u0131 A\u011f\u0131rl\u0131k \u00d6l\u00e7er Dijital Ekranl\u0131 Kancal\u0131 Portatif"},"content":{"rendered":"<p>Dijital El Terazisi El Kantar\u0131, maksimum 50 kg kapasitesi ve y\u00fcksek hassasiyetiyle a\u011f\u0131rl\u0131k \u00f6l\u00e7\u00fcm\u00fcn\u00fc kolayla\u015ft\u0131ran pratik bir \u00fcr\u00fcnd\u00fcr. Hafif ve kompakt tasar\u0131m\u0131, seyahatlerde bavul a\u011f\u0131rl\u0131\u011f\u0131n\u0131 kontrol etmekten g\u00fcnl\u00fck ihtiya\u00e7lar i\u00e7in e\u015fyalar\u0131n\u0131z\u0131 tartmaya kadar geni\u015f bir kullan\u0131m alan\u0131 sunar. Net bir dijital ekranla donat\u0131lan bu kantar, sonu\u00e7lar\u0131 an\u0131nda ve do\u011fru bir \u015fekilde g\u00f6sterir. G\u00fclen y\u00fcz tasar\u0131m\u0131yla hem i\u015flevselli\u011fi hem de e\u011flenceli bir g\u00f6rselli\u011fi bir araya getirir. Pil ile \u00e7al\u0131\u015fan enerji verimli yap\u0131s\u0131 sayesinde uzun s\u00fcre kesintisiz performans sa\u011flar ve her an yan\u0131n\u0131zda ta\u015f\u0131yabilece\u011finiz bir yard\u0131mc\u0131d\u0131r.<\/p>\n","protected":false},"excerpt":{"rendered":"<p>Dijital El Terazisi El Kantar\u0131, maksimum 50 kg kapasitesi ve y\u00fcksek hassasiyetiyle a\u011f\u0131rl\u0131k \u00f6l\u00e7\u00fcm\u00fcn\u00fc kolayla\u015ft\u0131ran pratik bir \u00fcr\u00fcnd\u00fcr. Hafif ve kompakt tasar\u0131m\u0131, seyahatlerde bavul a\u011f\u0131rl\u0131\u011f\u0131n\u0131 kontrol etmekten g\u00fcnl\u00fck ihtiya\u00e7lar i\u00e7in e\u015fyalar\u0131n\u0131z\u0131 tartmaya kadar geni\u015f bir kullan\u0131m alan\u0131 sunar. Net bir dijital ekranla donat\u0131lan bu kantar, sonu\u00e7lar\u0131 an\u0131nda ve do\u011fru bir \u015fekilde g\u00f6sterir. G\u00fclen y\u00fcz tasar\u0131m\u0131yla&#8230;<\/p>\n","protected":false},"featured_media":110159,"comment_status":"open","ping_status":"closed","template":"","meta":{"_kad_post_transparent":"","_kad_post_title":"","_kad_post_layout":"","_kad_post_sidebar_id":"","_kad_post_content_style":"","_kad_post_vertical_padding":"","_kad_post_feature":"","_kad_post_feature_position":"","_kad_post_header":false,"_kad_post_footer":false,"_kad_post_classname":""},"product_brand":[],"product_cat":[14996],"product_tag":[],"class_list":{"0":"post-110160","1":"product","2":"type-product","3":"status-publish","4":"has-post-thumbnail","6":"product_cat-tarti-tarti","8":"first","9":"instock","10":"purchasable","11":"product-type-simple","12":"entry","13":"content-bg","14":"loop-entry"},"_links":{"self":[{"href":"https:\/\/www.hediyepazar.com\/index.php?rest_route=\/wp\/v2\/product\/110160","targetHints":{"allow":["GET"]}}],"collection":[{"href":"https:\/\/www.hediyepazar.com\/index.php?rest_route=\/wp\/v2\/product"}],"about":[{"href":"https:\/\/www.hediyepazar.com\/index.php?rest_route=\/wp\/v2\/types\/product"}],"replies":[{"embeddable":true,"href":"https:\/\/www.hediyepazar.com\/index.php?rest_route=%2Fwp%2Fv2%2Fcomments&post=110160"}],"wp:featuredmedia":[{"embeddable":true,"href":"https:\/\/www.hediyepazar.com\/index.php?rest_route=\/wp\/v2\/media\/110159"}],"wp:attachment":[{"href":"https:\/\/www.hediyepazar.com\/index.php?rest_route=%2Fwp%2Fv2%2Fmedia&parent=110160"}],"wp:term":[{"taxonomy":"product_brand","embeddable":true,"href":"https:\/\/www.hediyepazar.com\/index.php?rest_route=%2Fwp%2Fv2%2Fproduct_brand&post=110160"},{"taxonomy":"product_cat","embeddable":true,"href":"https:\/\/www.hediyepazar.com\/index.php?rest_route=%2Fwp%2Fv2%2Fproduct_cat&post=110160"},{"taxonomy":"product_tag","embeddable":true,"href":"https:\/\/www.hediyepazar.com\/index.php?rest_route=%2Fwp%2Fv2%2Fproduct_tag&post=110160"}],"curies":[{"name":"wp","href":"https:\/\/api.w.org\/{rel}","templated":true}]}}