{"id":110164,"date":"2026-05-05T03:57:15","date_gmt":"2026-05-05T06:57:15","guid":{"rendered":"https:\/\/www.hediyepazar.com\/?product=el-terazisi-dijital-gostergeli-pilli-50-kg-agirlik-olcer"},"modified":"2026-05-05T03:57:15","modified_gmt":"2026-05-05T06:57:15","slug":"el-terazisi-dijital-gostergeli-pilli-50-kg-agirlik-olcer","status":"publish","type":"product","link":"https:\/\/www.hediyepazar.com\/?product=el-terazisi-dijital-gostergeli-pilli-50-kg-agirlik-olcer","title":{"rendered":"El Terazisi Dijital G\u00f6stergeli Pilli 50 Kg A\u011f\u0131rl\u0131k \u00d6l\u00e7er"},"content":{"rendered":"<p>Dijital El Terazisi El Kantar\u0131, 50 kg\u2019a kadar a\u011f\u0131rl\u0131k \u00f6l\u00e7\u00fcm\u00fc yapabilen ta\u015f\u0131nabilir ve hassas bir tart\u0131 cihaz\u0131d\u0131r. Bavul, paket veya al\u0131\u015fveri\u015f e\u015fyalar\u0131n\u0131 \u00f6l\u00e7mek i\u00e7in ideal bir \u00e7\u00f6z\u00fcm sunar. Dijital ekran\u0131, \u00f6l\u00e7\u00fcm sonu\u00e7lar\u0131n\u0131 net bir \u015fekilde g\u00f6stererek kullan\u0131c\u0131ya hassas ve g\u00fcvenilir \u00f6l\u00e7\u00fcmler sa\u011flar. Kompakt ve hafif tasar\u0131m\u0131 sayesinde her yere kolayl\u0131kla ta\u015f\u0131nabilir ve \u00f6zellikle seyahatlerde b\u00fcy\u00fck kullan\u0131m kolayl\u0131\u011f\u0131 sunar. Enerji tasarruflu pil sistemi, uzun s\u00fcreli performans sa\u011flar. E\u011flenceli g\u00fclen y\u00fcz tasar\u0131m\u0131, kullan\u0131c\u0131 deneyimini daha keyifli hale getirir.<\/p>\n","protected":false},"excerpt":{"rendered":"<p>Dijital El Terazisi El Kantar\u0131, 50 kg\u2019a kadar a\u011f\u0131rl\u0131k \u00f6l\u00e7\u00fcm\u00fc yapabilen ta\u015f\u0131nabilir ve hassas bir tart\u0131 cihaz\u0131d\u0131r. Bavul, paket veya al\u0131\u015fveri\u015f e\u015fyalar\u0131n\u0131 \u00f6l\u00e7mek i\u00e7in ideal bir \u00e7\u00f6z\u00fcm sunar. Dijital ekran\u0131, \u00f6l\u00e7\u00fcm sonu\u00e7lar\u0131n\u0131 net bir \u015fekilde g\u00f6stererek kullan\u0131c\u0131ya hassas ve g\u00fcvenilir \u00f6l\u00e7\u00fcmler sa\u011flar. Kompakt ve hafif tasar\u0131m\u0131 sayesinde her yere kolayl\u0131kla ta\u015f\u0131nabilir ve \u00f6zellikle seyahatlerde b\u00fcy\u00fck&#8230;<\/p>\n","protected":false},"featured_media":110163,"comment_status":"open","ping_status":"closed","template":"","meta":{"_kad_post_transparent":"","_kad_post_title":"","_kad_post_layout":"","_kad_post_sidebar_id":"","_kad_post_content_style":"","_kad_post_vertical_padding":"","_kad_post_feature":"","_kad_post_feature_position":"","_kad_post_header":false,"_kad_post_footer":false,"_kad_post_classname":""},"product_brand":[],"product_cat":[14996],"product_tag":[],"class_list":{"0":"post-110164","1":"product","2":"type-product","3":"status-publish","4":"has-post-thumbnail","6":"product_cat-tarti-tarti","8":"first","9":"instock","10":"purchasable","11":"product-type-simple","12":"entry","13":"content-bg","14":"loop-entry"},"_links":{"self":[{"href":"https:\/\/www.hediyepazar.com\/index.php?rest_route=\/wp\/v2\/product\/110164","targetHints":{"allow":["GET"]}}],"collection":[{"href":"https:\/\/www.hediyepazar.com\/index.php?rest_route=\/wp\/v2\/product"}],"about":[{"href":"https:\/\/www.hediyepazar.com\/index.php?rest_route=\/wp\/v2\/types\/product"}],"replies":[{"embeddable":true,"href":"https:\/\/www.hediyepazar.com\/index.php?rest_route=%2Fwp%2Fv2%2Fcomments&post=110164"}],"wp:featuredmedia":[{"embeddable":true,"href":"https:\/\/www.hediyepazar.com\/index.php?rest_route=\/wp\/v2\/media\/110163"}],"wp:attachment":[{"href":"https:\/\/www.hediyepazar.com\/index.php?rest_route=%2Fwp%2Fv2%2Fmedia&parent=110164"}],"wp:term":[{"taxonomy":"product_brand","embeddable":true,"href":"https:\/\/www.hediyepazar.com\/index.php?rest_route=%2Fwp%2Fv2%2Fproduct_brand&post=110164"},{"taxonomy":"product_cat","embeddable":true,"href":"https:\/\/www.hediyepazar.com\/index.php?rest_route=%2Fwp%2Fv2%2Fproduct_cat&post=110164"},{"taxonomy":"product_tag","embeddable":true,"href":"https:\/\/www.hediyepazar.com\/index.php?rest_route=%2Fwp%2Fv2%2Fproduct_tag&post=110164"}],"curies":[{"name":"wp","href":"https:\/\/api.w.org\/{rel}","templated":true}]}}