{"id":110180,"date":"2026-05-05T04:00:15","date_gmt":"2026-05-05T07:00:15","guid":{"rendered":"https:\/\/www.hediyepazar.com\/?product=3-nesil-tws-bluetooth-kulaklik-mikrofonlu-anc-ozelligi-dokunmatik-kontrol"},"modified":"2026-05-05T04:00:15","modified_gmt":"2026-05-05T07:00:15","slug":"3-nesil-tws-bluetooth-kulaklik-mikrofonlu-anc-ozelligi-dokunmatik-kontrol","status":"publish","type":"product","link":"https:\/\/www.hediyepazar.com\/?product=3-nesil-tws-bluetooth-kulaklik-mikrofonlu-anc-ozelligi-dokunmatik-kontrol","title":{"rendered":"3.Nesil TWS Bluetooth Kulakl\u0131k Mikrofonlu ANC \u00d6zelli\u011fi Dokunmatik Kontrol"},"content":{"rendered":"<p>1. Geli\u015fmi\u015f Aktif G\u00fcr\u00fclt\u00fc \u00d6nleme ile Kesintisiz Dinleme DeneyimiBu kulakl\u0131k, Aktif G\u00fcr\u00fclt\u00fc \u00d6nleme (ANC) teknolojisi sayesinde \u00e7evredeki istenmeyen sesleri etkili bir \u015fekilde engelleyerek, m\u00fczik veya aramalar\u0131n\u0131za tam anlam\u0131yla odaklanman\u0131z\u0131 sa\u011flar. Seyahat ederken, yo\u011fun trafikte ya da g\u00fcr\u00fclt\u00fcl\u00fc bir ortamda bile y\u00fcksek ses kalitesinden \u00f6d\u00fcn vermez. Premium ses s\u00fcr\u00fcc\u00fcleri, her notay\u0131 net ve detayl\u0131 bir \u015fekilde duyman\u0131z\u0131 sa\u011flayarak, zengin bir ses deneyimi sunar. Uzun pil \u00f6mr\u00fc, ANC a\u00e7\u0131kken bile saatlerce kesintisiz kullan\u0131m imkan\u0131 verir ve g\u00fcn boyu yan\u0131n\u0131zda kal\u0131r.2. Spor ve G\u00fcnl\u00fck Kullan\u0131m i\u00e7in Optimize Edilmi\u015f Tasar\u0131mSuya ve tere dayan\u0131kl\u0131 yap\u0131s\u0131, bu kulakl\u0131\u011f\u0131 spor yaparken veya hareket halindeyken ideal bir se\u00e7enek haline getirir. Ergonomik kulakl\u0131k u\u00e7lar\u0131, kulaklar\u0131n\u0131zda sa\u011flam bir \u015fekilde oturarak, hareket s\u0131ras\u0131nda d\u00fc\u015fme riskini ortadan kald\u0131r\u0131r. Dahili mikrofonu ve kullan\u0131c\u0131 dostu dokunmatik kontrol paneli sayesinde, m\u00fczi\u011finizi ve aramalar\u0131n\u0131z\u0131 kolayca y\u00f6netebilirsiniz. iOS ve Android cihazlarla uyumlu olan Bluetooth ba\u011flant\u0131s\u0131, h\u0131zl\u0131 ve g\u00fcvenilir bir e\u015fle\u015fme deneyimi sunar. Geni\u015f frekans aral\u0131\u011f\u0131 ve g\u00fc\u00e7l\u00fc bass performans\u0131, m\u00fczik keyfinizi bir \u00fcst seviyeye ta\u015f\u0131r.\u00a04o<\/p>\n","protected":false},"excerpt":{"rendered":"<p>1. Geli\u015fmi\u015f Aktif G\u00fcr\u00fclt\u00fc \u00d6nleme ile Kesintisiz Dinleme DeneyimiBu kulakl\u0131k, Aktif G\u00fcr\u00fclt\u00fc \u00d6nleme (ANC) teknolojisi sayesinde \u00e7evredeki istenmeyen sesleri etkili bir \u015fekilde engelleyerek, m\u00fczik veya aramalar\u0131n\u0131za tam anlam\u0131yla odaklanman\u0131z\u0131 sa\u011flar. Seyahat ederken, yo\u011fun trafikte ya da g\u00fcr\u00fclt\u00fcl\u00fc bir ortamda bile y\u00fcksek ses kalitesinden \u00f6d\u00fcn vermez. Premium ses s\u00fcr\u00fcc\u00fcleri, her notay\u0131 net ve detayl\u0131 bir \u015fekilde&#8230;<\/p>\n","protected":false},"featured_media":110179,"comment_status":"open","ping_status":"closed","template":"","meta":{"_kad_post_transparent":"","_kad_post_title":"","_kad_post_layout":"","_kad_post_sidebar_id":"","_kad_post_content_style":"","_kad_post_vertical_padding":"","_kad_post_feature":"","_kad_post_feature_position":"","_kad_post_header":false,"_kad_post_footer":false,"_kad_post_classname":""},"product_brand":[],"product_cat":[14957],"product_tag":[],"class_list":{"0":"post-110180","1":"product","2":"type-product","3":"status-publish","4":"has-post-thumbnail","6":"product_cat-kablosuz-kulaklik-kablosuz-kulaklik","8":"first","9":"instock","10":"purchasable","11":"product-type-simple","12":"entry","13":"content-bg","14":"loop-entry"},"_links":{"self":[{"href":"https:\/\/www.hediyepazar.com\/index.php?rest_route=\/wp\/v2\/product\/110180","targetHints":{"allow":["GET"]}}],"collection":[{"href":"https:\/\/www.hediyepazar.com\/index.php?rest_route=\/wp\/v2\/product"}],"about":[{"href":"https:\/\/www.hediyepazar.com\/index.php?rest_route=\/wp\/v2\/types\/product"}],"replies":[{"embeddable":true,"href":"https:\/\/www.hediyepazar.com\/index.php?rest_route=%2Fwp%2Fv2%2Fcomments&post=110180"}],"wp:featuredmedia":[{"embeddable":true,"href":"https:\/\/www.hediyepazar.com\/index.php?rest_route=\/wp\/v2\/media\/110179"}],"wp:attachment":[{"href":"https:\/\/www.hediyepazar.com\/index.php?rest_route=%2Fwp%2Fv2%2Fmedia&parent=110180"}],"wp:term":[{"taxonomy":"product_brand","embeddable":true,"href":"https:\/\/www.hediyepazar.com\/index.php?rest_route=%2Fwp%2Fv2%2Fproduct_brand&post=110180"},{"taxonomy":"product_cat","embeddable":true,"href":"https:\/\/www.hediyepazar.com\/index.php?rest_route=%2Fwp%2Fv2%2Fproduct_cat&post=110180"},{"taxonomy":"product_tag","embeddable":true,"href":"https:\/\/www.hediyepazar.com\/index.php?rest_route=%2Fwp%2Fv2%2Fproduct_tag&post=110180"}],"curies":[{"name":"wp","href":"https:\/\/api.w.org\/{rel}","templated":true}]}}