{"id":110196,"date":"2026-05-05T04:03:18","date_gmt":"2026-05-05T07:03:18","guid":{"rendered":"https:\/\/www.hediyepazar.com\/?product=akilli-saat-nabiz-olcer-uyku-takibi-sesli-gorusme-bildirim-gorme"},"modified":"2026-05-05T04:03:18","modified_gmt":"2026-05-05T07:03:18","slug":"akilli-saat-nabiz-olcer-uyku-takibi-sesli-gorusme-bildirim-gorme","status":"publish","type":"product","link":"https:\/\/www.hediyepazar.com\/?product=akilli-saat-nabiz-olcer-uyku-takibi-sesli-gorusme-bildirim-gorme","title":{"rendered":"Ak\u0131ll\u0131 Saat Nab\u0131z \u00d6l\u00e7er Uyku Takibi Sesli G\u00f6r\u00fc\u015fme Bildirim G\u00f6rme"},"content":{"rendered":"<p>Ak\u0131ll\u0131 saat, g\u00fcn\u00fcn\u00fcz\u00fc organize etmek ve sa\u011fl\u0131\u011f\u0131n\u0131z\u0131 takip etmek i\u00e7in vazge\u00e7ilmez bir yard\u0131mc\u0131d\u0131r. Entegre ad\u0131msayar \u00f6zelli\u011fi, att\u0131\u011f\u0131n\u0131z ad\u0131mlar\u0131, kat etti\u011finiz mesafeyi ve yakt\u0131\u011f\u0131n\u0131z kaloriyi detayl\u0131 bir \u015fekilde izler. Sa\u011fl\u0131kl\u0131 bir ya\u015fam tarz\u0131na ad\u0131m atmak veya mevcut rutininizi optimize etmek isteyenler i\u00e7in m\u00fckemmel bir rehberdir. Uyku takibi fonksiyonu sayesinde gece boyunca uyku kalitenizi analiz eder, uykunuzun derinliklerini \u00f6l\u00e7er ve daha iyi bir uyku d\u00fczeni olu\u015fturman\u0131za yard\u0131mc\u0131 olur.Sesli g\u00f6r\u00fc\u015fme \u00f6zelli\u011fi ile ak\u0131ll\u0131 saat, sadece bir aksesuar de\u011fil, ayn\u0131 zamanda bir ileti\u015fim cihaz\u0131d\u0131r. Telefonunuza ba\u011fl\u0131 kald\u0131\u011f\u0131n\u0131z s\u00fcrece, \u00e7a\u011fr\u0131lar\u0131n\u0131z\u0131 saat \u00fczerinden yan\u0131tlayabilir ve sesli ileti\u015fimi kolayca sa\u011flayabilirsiniz. Uzun \u00f6m\u00fcrl\u00fc 300-400 mAh bataryas\u0131, yo\u011fun g\u00fcnlerde bile cihaz\u0131n\u0131z\u0131n enerjisini korur ve \u015farj endi\u015fesini ortadan kald\u0131r\u0131r. Ayr\u0131ca, titre\u015fimli bildirim sistemi ile \u00f6nemli mesajlar ve hat\u0131rlatmalar hakk\u0131nda an\u0131nda bilgi sahibi olabilir, hi\u00e7bir \u015feyi ka\u00e7\u0131rmadan hayat\u0131n\u0131za odaklanabilirsiniz.\u015e\u0131k gri kasa tasar\u0131m\u0131 ve ergonomik yap\u0131s\u0131yla bu ak\u0131ll\u0131 saat, her an her yerde tarz\u0131n\u0131z\u0131 tamamlar. Nab\u0131z sens\u00f6r\u00fc, kalp at\u0131\u015f h\u0131z\u0131n\u0131z\u0131 d\u00fczenli olarak izleyerek hem egzersiz performans\u0131n\u0131z\u0131 art\u0131r\u0131r hem de genel sa\u011fl\u0131k durumunuzu de\u011ferlendirir. Modern tasar\u0131m\u0131yla teknolojiyi ve zarafeti bir araya getiren bu cihaz, hem pratiklik hem de estetik a\u00e7\u0131dan beklentilerinizi kar\u015f\u0131layacak \u015fekilde tasarlanm\u0131\u015ft\u0131r. Ak\u0131ll\u0131 saatinizle her zaman bir ad\u0131m \u00f6nde olun.<\/p>\n","protected":false},"excerpt":{"rendered":"<p>Ak\u0131ll\u0131 saat, g\u00fcn\u00fcn\u00fcz\u00fc organize etmek ve sa\u011fl\u0131\u011f\u0131n\u0131z\u0131 takip etmek i\u00e7in vazge\u00e7ilmez bir yard\u0131mc\u0131d\u0131r. Entegre ad\u0131msayar \u00f6zelli\u011fi, att\u0131\u011f\u0131n\u0131z ad\u0131mlar\u0131, kat etti\u011finiz mesafeyi ve yakt\u0131\u011f\u0131n\u0131z kaloriyi detayl\u0131 bir \u015fekilde izler. Sa\u011fl\u0131kl\u0131 bir ya\u015fam tarz\u0131na ad\u0131m atmak veya mevcut rutininizi optimize etmek isteyenler i\u00e7in m\u00fckemmel bir rehberdir. Uyku takibi fonksiyonu sayesinde gece boyunca uyku kalitenizi analiz eder, uykunuzun&#8230;<\/p>\n","protected":false},"featured_media":110195,"comment_status":"open","ping_status":"closed","template":"","meta":{"_kad_post_transparent":"","_kad_post_title":"","_kad_post_layout":"","_kad_post_sidebar_id":"","_kad_post_content_style":"","_kad_post_vertical_padding":"","_kad_post_feature":"","_kad_post_feature_position":"","_kad_post_header":false,"_kad_post_footer":false,"_kad_post_classname":""},"product_brand":[],"product_cat":[14935],"product_tag":[],"class_list":{"0":"post-110196","1":"product","2":"type-product","3":"status-publish","4":"has-post-thumbnail","6":"product_cat-akilli-saatler-akilli-saatler","8":"first","9":"instock","10":"purchasable","11":"product-type-simple","12":"entry","13":"content-bg","14":"loop-entry"},"_links":{"self":[{"href":"https:\/\/www.hediyepazar.com\/index.php?rest_route=\/wp\/v2\/product\/110196","targetHints":{"allow":["GET"]}}],"collection":[{"href":"https:\/\/www.hediyepazar.com\/index.php?rest_route=\/wp\/v2\/product"}],"about":[{"href":"https:\/\/www.hediyepazar.com\/index.php?rest_route=\/wp\/v2\/types\/product"}],"replies":[{"embeddable":true,"href":"https:\/\/www.hediyepazar.com\/index.php?rest_route=%2Fwp%2Fv2%2Fcomments&post=110196"}],"wp:featuredmedia":[{"embeddable":true,"href":"https:\/\/www.hediyepazar.com\/index.php?rest_route=\/wp\/v2\/media\/110195"}],"wp:attachment":[{"href":"https:\/\/www.hediyepazar.com\/index.php?rest_route=%2Fwp%2Fv2%2Fmedia&parent=110196"}],"wp:term":[{"taxonomy":"product_brand","embeddable":true,"href":"https:\/\/www.hediyepazar.com\/index.php?rest_route=%2Fwp%2Fv2%2Fproduct_brand&post=110196"},{"taxonomy":"product_cat","embeddable":true,"href":"https:\/\/www.hediyepazar.com\/index.php?rest_route=%2Fwp%2Fv2%2Fproduct_cat&post=110196"},{"taxonomy":"product_tag","embeddable":true,"href":"https:\/\/www.hediyepazar.com\/index.php?rest_route=%2Fwp%2Fv2%2Fproduct_tag&post=110196"}],"curies":[{"name":"wp","href":"https:\/\/api.w.org\/{rel}","templated":true}]}}