{"id":110198,"date":"2026-05-05T04:03:23","date_gmt":"2026-05-05T07:03:23","guid":{"rendered":"https:\/\/www.hediyepazar.com\/?product=akilli-saat-titresimli-pusula-nabiz-ve-tansiyon-olcer-nfc-uyumlu"},"modified":"2026-05-05T04:03:23","modified_gmt":"2026-05-05T07:03:23","slug":"akilli-saat-titresimli-pusula-nabiz-ve-tansiyon-olcer-nfc-uyumlu","status":"publish","type":"product","link":"https:\/\/www.hediyepazar.com\/?product=akilli-saat-titresimli-pusula-nabiz-ve-tansiyon-olcer-nfc-uyumlu","title":{"rendered":"Ak\u0131ll\u0131 Saat Titre\u015fimli Pusula Nab\u0131z ve Tansiyon \u00d6l\u00e7er NFC Uyumlu"},"content":{"rendered":"<p>Modern ya\u015fam tarz\u0131n\u0131z\u0131 desteklemek ve sa\u011fl\u0131\u011f\u0131n\u0131z\u0131 yak\u0131ndan takip etmek i\u00e7in tasarlanan bu ak\u0131ll\u0131 saat, entegre ad\u0131msayar \u00f6zelli\u011fiyle g\u00fcnl\u00fck hareketlerinizi \u00f6l\u00e7er ve daha aktif bir ya\u015fam s\u00fcrd\u00fcrmenize yard\u0131mc\u0131 olur. Sesli g\u00f6r\u00fc\u015fme \u00f6zelli\u011fi ile telefonunuza dokunmadan \u00e7a\u011fr\u0131lara cevap verebilir ve g\u00f6r\u00fc\u015fmelerinizi rahatl\u0131kla yapabilirsiniz. 300-400 mAh kapasitesindeki bataryas\u0131, uzun s\u00fcreli kullan\u0131m sunarak g\u00fcn boyunca yan\u0131n\u0131zda olman\u0131z\u0131 sa\u011flar. Uyku takibi fonksiyonu, uyku d\u00fczeninizi analiz eder ve uyku kalitenizi iyile\u015ftirmek i\u00e7in \u00f6neriler sunar. Titre\u015fim bildirimleri ile \u00f6nemli mesajlar\u0131 ve \u00e7a\u011fr\u0131lar\u0131 ka\u00e7\u0131rmazs\u0131n\u0131z. Gri kasa rengi ve \u015f\u0131k tasar\u0131m\u0131, hem sportif hem de g\u00fcnl\u00fck kullan\u0131ma uygun bir estetik sunar. Ayr\u0131ca, nab\u0131z sens\u00f6r\u00fc ile kalp at\u0131\u015f h\u0131z\u0131n\u0131z\u0131 anl\u0131k olarak izleyerek sa\u011fl\u0131k verilerinizi kontrol etme imkan\u0131 sa\u011flar.<\/p>\n","protected":false},"excerpt":{"rendered":"<p>Modern ya\u015fam tarz\u0131n\u0131z\u0131 desteklemek ve sa\u011fl\u0131\u011f\u0131n\u0131z\u0131 yak\u0131ndan takip etmek i\u00e7in tasarlanan bu ak\u0131ll\u0131 saat, entegre ad\u0131msayar \u00f6zelli\u011fiyle g\u00fcnl\u00fck hareketlerinizi \u00f6l\u00e7er ve daha aktif bir ya\u015fam s\u00fcrd\u00fcrmenize yard\u0131mc\u0131 olur. Sesli g\u00f6r\u00fc\u015fme \u00f6zelli\u011fi ile telefonunuza dokunmadan \u00e7a\u011fr\u0131lara cevap verebilir ve g\u00f6r\u00fc\u015fmelerinizi rahatl\u0131kla yapabilirsiniz. 300-400 mAh kapasitesindeki bataryas\u0131, uzun s\u00fcreli kullan\u0131m sunarak g\u00fcn boyunca yan\u0131n\u0131zda olman\u0131z\u0131 sa\u011flar. Uyku&#8230;<\/p>\n","protected":false},"featured_media":110197,"comment_status":"open","ping_status":"closed","template":"","meta":{"_kad_post_transparent":"","_kad_post_title":"","_kad_post_layout":"","_kad_post_sidebar_id":"","_kad_post_content_style":"","_kad_post_vertical_padding":"","_kad_post_feature":"","_kad_post_feature_position":"","_kad_post_header":false,"_kad_post_footer":false,"_kad_post_classname":""},"product_brand":[],"product_cat":[14935],"product_tag":[],"class_list":{"0":"post-110198","1":"product","2":"type-product","3":"status-publish","4":"has-post-thumbnail","6":"product_cat-akilli-saatler-akilli-saatler","8":"first","9":"instock","10":"purchasable","11":"product-type-simple","12":"entry","13":"content-bg","14":"loop-entry"},"_links":{"self":[{"href":"https:\/\/www.hediyepazar.com\/index.php?rest_route=\/wp\/v2\/product\/110198","targetHints":{"allow":["GET"]}}],"collection":[{"href":"https:\/\/www.hediyepazar.com\/index.php?rest_route=\/wp\/v2\/product"}],"about":[{"href":"https:\/\/www.hediyepazar.com\/index.php?rest_route=\/wp\/v2\/types\/product"}],"replies":[{"embeddable":true,"href":"https:\/\/www.hediyepazar.com\/index.php?rest_route=%2Fwp%2Fv2%2Fcomments&post=110198"}],"wp:featuredmedia":[{"embeddable":true,"href":"https:\/\/www.hediyepazar.com\/index.php?rest_route=\/wp\/v2\/media\/110197"}],"wp:attachment":[{"href":"https:\/\/www.hediyepazar.com\/index.php?rest_route=%2Fwp%2Fv2%2Fmedia&parent=110198"}],"wp:term":[{"taxonomy":"product_brand","embeddable":true,"href":"https:\/\/www.hediyepazar.com\/index.php?rest_route=%2Fwp%2Fv2%2Fproduct_brand&post=110198"},{"taxonomy":"product_cat","embeddable":true,"href":"https:\/\/www.hediyepazar.com\/index.php?rest_route=%2Fwp%2Fv2%2Fproduct_cat&post=110198"},{"taxonomy":"product_tag","embeddable":true,"href":"https:\/\/www.hediyepazar.com\/index.php?rest_route=%2Fwp%2Fv2%2Fproduct_tag&post=110198"}],"curies":[{"name":"wp","href":"https:\/\/api.w.org\/{rel}","templated":true}]}}