{"id":110200,"date":"2026-05-05T04:04:07","date_gmt":"2026-05-05T07:04:07","guid":{"rendered":"https:\/\/www.hediyepazar.com\/?product=akilli-saat-bildirim-gorme-sesli-gorusme-coklu-kordon-gps-takibi"},"modified":"2026-05-05T04:04:07","modified_gmt":"2026-05-05T07:04:07","slug":"akilli-saat-bildirim-gorme-sesli-gorusme-coklu-kordon-gps-takibi","status":"publish","type":"product","link":"https:\/\/www.hediyepazar.com\/?product=akilli-saat-bildirim-gorme-sesli-gorusme-coklu-kordon-gps-takibi","title":{"rendered":"Ak\u0131ll\u0131 Saat Bildirim G\u00f6rme Sesli G\u00f6r\u00fc\u015fme \u00c7oklu Kordon GPS Takibi"},"content":{"rendered":"<p>Sa\u011fl\u0131\u011f\u0131n\u0131z\u0131 ve g\u00fcnl\u00fck aktivitelerinizi kolayca takip etmenizi sa\u011flayan bu ak\u0131ll\u0131 saat, ad\u0131msayar \u00f6zelli\u011fiyle hareketlerinizi kaydeder ve daha aktif bir ya\u015fam tarz\u0131n\u0131 destekler. Sesli g\u00f6r\u00fc\u015fme fonksiyonu, \u00e7a\u011fr\u0131lar\u0131n\u0131z\u0131 h\u0131zl\u0131ca cevaplaman\u0131za olanak tan\u0131rken, eller serbest kullan\u0131m konforu sunar. Geni\u015f 300-400 mAh batarya kapasitesi, uzun s\u00fcreli kullan\u0131m sunarak g\u00fcn boyu yan\u0131n\u0131zda olur. Uyku takibi \u00f6zelli\u011fi ile uyku d\u00fczeninizi analiz edebilir, daha iyi bir uyku kalitesi i\u00e7in ad\u0131mlar atabilirsiniz. Titre\u015fimli bildirimler, gelen mesajlar ve \u00e7a\u011fr\u0131lar gibi \u00f6nemli uyar\u0131lar\u0131 ka\u00e7\u0131rmaman\u0131z\u0131 sa\u011flar. Gri kasa rengi ile modern ve \u015f\u0131k bir tasar\u0131ma sahip bu saat, tarz\u0131n\u0131za uyum sa\u011flar. Nab\u0131z sens\u00f6r\u00fc ile kalp at\u0131\u015f h\u0131z\u0131n\u0131z\u0131 izleyerek sa\u011fl\u0131\u011f\u0131n\u0131z hakk\u0131nda de\u011ferli veriler elde edebilirsiniz.<\/p>\n","protected":false},"excerpt":{"rendered":"<p>Sa\u011fl\u0131\u011f\u0131n\u0131z\u0131 ve g\u00fcnl\u00fck aktivitelerinizi kolayca takip etmenizi sa\u011flayan bu ak\u0131ll\u0131 saat, ad\u0131msayar \u00f6zelli\u011fiyle hareketlerinizi kaydeder ve daha aktif bir ya\u015fam tarz\u0131n\u0131 destekler. Sesli g\u00f6r\u00fc\u015fme fonksiyonu, \u00e7a\u011fr\u0131lar\u0131n\u0131z\u0131 h\u0131zl\u0131ca cevaplaman\u0131za olanak tan\u0131rken, eller serbest kullan\u0131m konforu sunar. Geni\u015f 300-400 mAh batarya kapasitesi, uzun s\u00fcreli kullan\u0131m sunarak g\u00fcn boyu yan\u0131n\u0131zda olur. Uyku takibi \u00f6zelli\u011fi ile uyku d\u00fczeninizi analiz&#8230;<\/p>\n","protected":false},"featured_media":110199,"comment_status":"open","ping_status":"closed","template":"","meta":{"_kad_post_transparent":"","_kad_post_title":"","_kad_post_layout":"","_kad_post_sidebar_id":"","_kad_post_content_style":"","_kad_post_vertical_padding":"","_kad_post_feature":"","_kad_post_feature_position":"","_kad_post_header":false,"_kad_post_footer":false,"_kad_post_classname":""},"product_brand":[],"product_cat":[14935],"product_tag":[],"class_list":{"0":"post-110200","1":"product","2":"type-product","3":"status-publish","4":"has-post-thumbnail","6":"product_cat-akilli-saatler-akilli-saatler","8":"first","9":"instock","10":"purchasable","11":"product-type-simple","12":"entry","13":"content-bg","14":"loop-entry"},"_links":{"self":[{"href":"https:\/\/www.hediyepazar.com\/index.php?rest_route=\/wp\/v2\/product\/110200","targetHints":{"allow":["GET"]}}],"collection":[{"href":"https:\/\/www.hediyepazar.com\/index.php?rest_route=\/wp\/v2\/product"}],"about":[{"href":"https:\/\/www.hediyepazar.com\/index.php?rest_route=\/wp\/v2\/types\/product"}],"replies":[{"embeddable":true,"href":"https:\/\/www.hediyepazar.com\/index.php?rest_route=%2Fwp%2Fv2%2Fcomments&post=110200"}],"wp:featuredmedia":[{"embeddable":true,"href":"https:\/\/www.hediyepazar.com\/index.php?rest_route=\/wp\/v2\/media\/110199"}],"wp:attachment":[{"href":"https:\/\/www.hediyepazar.com\/index.php?rest_route=%2Fwp%2Fv2%2Fmedia&parent=110200"}],"wp:term":[{"taxonomy":"product_brand","embeddable":true,"href":"https:\/\/www.hediyepazar.com\/index.php?rest_route=%2Fwp%2Fv2%2Fproduct_brand&post=110200"},{"taxonomy":"product_cat","embeddable":true,"href":"https:\/\/www.hediyepazar.com\/index.php?rest_route=%2Fwp%2Fv2%2Fproduct_cat&post=110200"},{"taxonomy":"product_tag","embeddable":true,"href":"https:\/\/www.hediyepazar.com\/index.php?rest_route=%2Fwp%2Fv2%2Fproduct_tag&post=110200"}],"curies":[{"name":"wp","href":"https:\/\/api.w.org\/{rel}","templated":true}]}}