{"id":110202,"date":"2026-05-05T04:04:12","date_gmt":"2026-05-05T07:04:12","guid":{"rendered":"https:\/\/www.hediyepazar.com\/?product=akilli-saat-sesli-gorusme-uyku-ve-saglik-takibi-nfc-uyumlu"},"modified":"2026-05-05T04:04:12","modified_gmt":"2026-05-05T07:04:12","slug":"akilli-saat-sesli-gorusme-uyku-ve-saglik-takibi-nfc-uyumlu","status":"publish","type":"product","link":"https:\/\/www.hediyepazar.com\/?product=akilli-saat-sesli-gorusme-uyku-ve-saglik-takibi-nfc-uyumlu","title":{"rendered":"Ak\u0131ll\u0131 Saat Sesli G\u00f6r\u00fc\u015fme Uyku ve Sa\u011fl\u0131k Takibi NFC Uyumlu"},"content":{"rendered":"<p>G\u00fcnl\u00fck aktivitelerinizi daha bilin\u00e7li bir \u015fekilde takip etmek i\u00e7in tasarlanm\u0131\u015f bu ak\u0131ll\u0131 saat, entegre ad\u0131msayar \u00f6zelli\u011fi ile hareketlerinizi kaydeder ve sa\u011fl\u0131kl\u0131 ya\u015fam hedeflerinize ula\u015fman\u0131za yard\u0131mc\u0131 olur. Sesli g\u00f6r\u00fc\u015fme \u00f6zelli\u011fi sayesinde telefonunuzu cebinizden \u00e7\u0131karmadan \u00e7a\u011fr\u0131lar\u0131 yan\u0131tlayabilir, ileti\u015fimde kolayl\u0131k sa\u011flayabilirsiniz. 300-400 mAh batarya kapasitesi, g\u00fcn boyu \u015farj derdi ya\u015famadan kesintisiz kullan\u0131m sunar. Uyku takibi fonksiyonu, uyku d\u00fczeninizi analiz ederek daha kaliteli bir uyku i\u00e7in size rehberlik eder. Gelen mesajlar, \u00e7a\u011fr\u0131lar veya spor uyar\u0131lar\u0131 i\u00e7in titre\u015fim bildirimleri ile hi\u00e7bir \u015feyi ka\u00e7\u0131rmazs\u0131n\u0131z. \u015e\u0131k gri kasa rengi, modern ve zarif tasar\u0131m\u0131yla her ortama uyum sa\u011flar. Nab\u0131z sens\u00f6r\u00fc ile kalp at\u0131\u015f h\u0131z\u0131n\u0131z\u0131 s\u00fcrekli izleyerek sa\u011fl\u0131\u011f\u0131n\u0131z\u0131 kontrol alt\u0131nda tutabilirsiniz.<\/p>\n","protected":false},"excerpt":{"rendered":"<p>G\u00fcnl\u00fck aktivitelerinizi daha bilin\u00e7li bir \u015fekilde takip etmek i\u00e7in tasarlanm\u0131\u015f bu ak\u0131ll\u0131 saat, entegre ad\u0131msayar \u00f6zelli\u011fi ile hareketlerinizi kaydeder ve sa\u011fl\u0131kl\u0131 ya\u015fam hedeflerinize ula\u015fman\u0131za yard\u0131mc\u0131 olur. Sesli g\u00f6r\u00fc\u015fme \u00f6zelli\u011fi sayesinde telefonunuzu cebinizden \u00e7\u0131karmadan \u00e7a\u011fr\u0131lar\u0131 yan\u0131tlayabilir, ileti\u015fimde kolayl\u0131k sa\u011flayabilirsiniz. 300-400 mAh batarya kapasitesi, g\u00fcn boyu \u015farj derdi ya\u015famadan kesintisiz kullan\u0131m sunar. Uyku takibi fonksiyonu, uyku d\u00fczeninizi&#8230;<\/p>\n","protected":false},"featured_media":110201,"comment_status":"open","ping_status":"closed","template":"","meta":{"_kad_post_transparent":"","_kad_post_title":"","_kad_post_layout":"","_kad_post_sidebar_id":"","_kad_post_content_style":"","_kad_post_vertical_padding":"","_kad_post_feature":"","_kad_post_feature_position":"","_kad_post_header":false,"_kad_post_footer":false,"_kad_post_classname":""},"product_brand":[],"product_cat":[14935],"product_tag":[],"class_list":{"0":"post-110202","1":"product","2":"type-product","3":"status-publish","4":"has-post-thumbnail","6":"product_cat-akilli-saatler-akilli-saatler","8":"first","9":"instock","10":"purchasable","11":"product-type-simple","12":"entry","13":"content-bg","14":"loop-entry"},"_links":{"self":[{"href":"https:\/\/www.hediyepazar.com\/index.php?rest_route=\/wp\/v2\/product\/110202","targetHints":{"allow":["GET"]}}],"collection":[{"href":"https:\/\/www.hediyepazar.com\/index.php?rest_route=\/wp\/v2\/product"}],"about":[{"href":"https:\/\/www.hediyepazar.com\/index.php?rest_route=\/wp\/v2\/types\/product"}],"replies":[{"embeddable":true,"href":"https:\/\/www.hediyepazar.com\/index.php?rest_route=%2Fwp%2Fv2%2Fcomments&post=110202"}],"wp:featuredmedia":[{"embeddable":true,"href":"https:\/\/www.hediyepazar.com\/index.php?rest_route=\/wp\/v2\/media\/110201"}],"wp:attachment":[{"href":"https:\/\/www.hediyepazar.com\/index.php?rest_route=%2Fwp%2Fv2%2Fmedia&parent=110202"}],"wp:term":[{"taxonomy":"product_brand","embeddable":true,"href":"https:\/\/www.hediyepazar.com\/index.php?rest_route=%2Fwp%2Fv2%2Fproduct_brand&post=110202"},{"taxonomy":"product_cat","embeddable":true,"href":"https:\/\/www.hediyepazar.com\/index.php?rest_route=%2Fwp%2Fv2%2Fproduct_cat&post=110202"},{"taxonomy":"product_tag","embeddable":true,"href":"https:\/\/www.hediyepazar.com\/index.php?rest_route=%2Fwp%2Fv2%2Fproduct_tag&post=110202"}],"curies":[{"name":"wp","href":"https:\/\/api.w.org\/{rel}","templated":true}]}}